{"id":264,"date":"2021-10-21T17:37:44","date_gmt":"2021-10-21T20:37:44","guid":{"rendered":"https:\/\/jundiai.sp.gov.br\/previdencia-servidores\/?page_id=264"},"modified":"2022-12-29T15:12:56","modified_gmt":"2022-12-29T18:12:56","slug":"etapas-de-trabalho-para-instituir-o-rpc","status":"publish","type":"page","link":"https:\/\/jundiai.sp.gov.br\/previdencia-servidores\/regime-de-previdencia-complementar\/etapas-de-trabalho-para-instituir-o-rpc\/","title":{"rendered":"Etapas de trabalho para instituir o RPC"},"content":{"rendered":"<div class=\"wp-block-image\">\n<figure class=\"alignleft size-full is-resized\"><img loading=\"lazy\" decoding=\"async\" src=\"https:\/\/jundiai.sp.gov.br\/previdencia-servidores\/wp-content\/uploads\/sites\/67\/2021\/10\/1398911_correct_mark_success_tick_valid_icon.png\" alt=\"\" class=\"wp-image-176\" width=\"16\" height=\"16\" srcset=\"https:\/\/jundiai.sp.gov.br\/previdencia-servidores\/wp-content\/uploads\/sites\/67\/2021\/10\/1398911_correct_mark_success_tick_valid_icon.png 128w, https:\/\/jundiai.sp.gov.br\/previdencia-servidores\/wp-content\/uploads\/sites\/67\/2021\/10\/1398911_correct_mark_success_tick_valid_icon-100x100.png 100w\" sizes=\"auto, (max-width: 16px) 100vw, 16px\" \/><\/figure>\n<\/div>\n\n\n<p>1. Efetuar um diagn\u00f3stico e levantamento das quest\u00f5es afetas ao novo Regime;<\/p>\n\n\n<div class=\"wp-block-image\">\n<figure class=\"alignleft size-full is-resized\"><img loading=\"lazy\" decoding=\"async\" src=\"https:\/\/jundiai.sp.gov.br\/previdencia-servidores\/wp-content\/uploads\/sites\/67\/2021\/10\/1398911_correct_mark_success_tick_valid_icon.png\" alt=\"\" class=\"wp-image-176\" width=\"16\" height=\"16\" srcset=\"https:\/\/jundiai.sp.gov.br\/previdencia-servidores\/wp-content\/uploads\/sites\/67\/2021\/10\/1398911_correct_mark_success_tick_valid_icon.png 128w, https:\/\/jundiai.sp.gov.br\/previdencia-servidores\/wp-content\/uploads\/sites\/67\/2021\/10\/1398911_correct_mark_success_tick_valid_icon-100x100.png 100w\" sizes=\"auto, (max-width: 16px) 100vw, 16px\" \/><\/figure>\n<\/div>\n\n\n<p>2. Participar das etapas de treinamento;<\/p>\n\n\n<div class=\"wp-block-image\">\n<figure class=\"alignleft size-full is-resized\"><img loading=\"lazy\" decoding=\"async\" src=\"https:\/\/jundiai.sp.gov.br\/previdencia-servidores\/wp-content\/uploads\/sites\/67\/2021\/10\/1398911_correct_mark_success_tick_valid_icon.png\" alt=\"\" class=\"wp-image-176\" width=\"16\" height=\"16\" srcset=\"https:\/\/jundiai.sp.gov.br\/previdencia-servidores\/wp-content\/uploads\/sites\/67\/2021\/10\/1398911_correct_mark_success_tick_valid_icon.png 128w, https:\/\/jundiai.sp.gov.br\/previdencia-servidores\/wp-content\/uploads\/sites\/67\/2021\/10\/1398911_correct_mark_success_tick_valid_icon-100x100.png 100w\" sizes=\"auto, (max-width: 16px) 100vw, 16px\" \/><\/figure>\n<\/div>\n\n\n<p>3. Realizar estudos e discuss\u00f5es que permitam apoiar o Munic\u00edpio de Jundia\u00ed na formula\u00e7\u00e3o de suas escolhas e fundamenta\u00e7\u00e3o dos processos;<\/p>\n\n\n<div class=\"wp-block-image\">\n<figure class=\"alignleft size-full is-resized\"><img loading=\"lazy\" decoding=\"async\" src=\"https:\/\/jundiai.sp.gov.br\/previdencia-servidores\/wp-content\/uploads\/sites\/67\/2021\/10\/1398911_correct_mark_success_tick_valid_icon.png\" alt=\"\" class=\"wp-image-176\" width=\"16\" height=\"16\" srcset=\"https:\/\/jundiai.sp.gov.br\/previdencia-servidores\/wp-content\/uploads\/sites\/67\/2021\/10\/1398911_correct_mark_success_tick_valid_icon.png 128w, https:\/\/jundiai.sp.gov.br\/previdencia-servidores\/wp-content\/uploads\/sites\/67\/2021\/10\/1398911_correct_mark_success_tick_valid_icon-100x100.png 100w\" sizes=\"auto, (max-width: 16px) 100vw, 16px\" \/><\/figure>\n<\/div>\n\n\n<p>4. Elaborar a minuta de Lei do RPC e preparar o PL a ser encaminhado pelo Poder Executivo;<br><\/p>\n\n\n<div class=\"wp-block-image\">\n<figure class=\"alignleft size-full is-resized\"><img loading=\"lazy\" decoding=\"async\" src=\"https:\/\/jundiai.sp.gov.br\/previdencia-servidores\/wp-content\/uploads\/sites\/67\/2021\/10\/1398911_correct_mark_success_tick_valid_icon.png\" alt=\"\" class=\"wp-image-176\" width=\"16\" height=\"16\" srcset=\"https:\/\/jundiai.sp.gov.br\/previdencia-servidores\/wp-content\/uploads\/sites\/67\/2021\/10\/1398911_correct_mark_success_tick_valid_icon.png 128w, https:\/\/jundiai.sp.gov.br\/previdencia-servidores\/wp-content\/uploads\/sites\/67\/2021\/10\/1398911_correct_mark_success_tick_valid_icon-100x100.png 100w\" sizes=\"auto, (max-width: 16px) 100vw, 16px\" \/><\/figure>\n<\/div>\n\n\n<p>5. Audi\u00eancia p\u00fablica para apresenta\u00e7\u00e3o do Projeto de Lei do Regime de Previd\u00eancia Complementar;<\/p>\n\n\n\n<p><a href=\"https:\/\/jundiai.sp.gov.br\/previdencia-servidores\/wp-content\/uploads\/sites\/67\/2021\/10\/audiencia-publica_edicao_4982_21_10_2021-_2_.pdf\" target=\"_blank\" rel=\"noreferrer noopener\">Edi\u00e7\u00e3o 4982 da Imprensa Oficial, de 20 de outubro de 2021<\/a><\/p>\n\n\n<div class=\"wp-block-image\">\n<figure class=\"alignleft size-full is-resized\"><img loading=\"lazy\" decoding=\"async\" src=\"https:\/\/jundiai.sp.gov.br\/previdencia-servidores\/wp-content\/uploads\/sites\/67\/2021\/10\/1398911_correct_mark_success_tick_valid_icon.png\" alt=\"\" class=\"wp-image-176\" width=\"16\" height=\"16\" srcset=\"https:\/\/jundiai.sp.gov.br\/previdencia-servidores\/wp-content\/uploads\/sites\/67\/2021\/10\/1398911_correct_mark_success_tick_valid_icon.png 128w, https:\/\/jundiai.sp.gov.br\/previdencia-servidores\/wp-content\/uploads\/sites\/67\/2021\/10\/1398911_correct_mark_success_tick_valid_icon-100x100.png 100w\" sizes=\"auto, (max-width: 16px) 100vw, 16px\" \/><\/figure>\n<\/div>\n\n\n<p>6. Fundamentar e qualificar o processo de sele\u00e7\u00e3o da EFPC (Entidade Fechada de Previd\u00eancia Complementar) para gerir o Plano de Jundia\u00ed;<\/p>\n\n\n<div class=\"wp-block-image\">\n<figure class=\"alignleft size-full is-resized\"><img loading=\"lazy\" decoding=\"async\" src=\"https:\/\/jundiai.sp.gov.br\/previdencia-servidores\/wp-content\/uploads\/sites\/67\/2021\/10\/1398911_correct_mark_success_tick_valid_icon.png\" alt=\"\" class=\"wp-image-176\" width=\"16\" height=\"16\" srcset=\"https:\/\/jundiai.sp.gov.br\/previdencia-servidores\/wp-content\/uploads\/sites\/67\/2021\/10\/1398911_correct_mark_success_tick_valid_icon.png 128w, https:\/\/jundiai.sp.gov.br\/previdencia-servidores\/wp-content\/uploads\/sites\/67\/2021\/10\/1398911_correct_mark_success_tick_valid_icon-100x100.png 100w\" sizes=\"auto, (max-width: 16px) 100vw, 16px\" \/><\/figure>\n<\/div>\n\n\n<p>7. Instituir o Regime de Previd\u00eancia Complementar no \u00e2mbito municipal;<\/p>\n\n\n\n<p><a rel=\"noreferrer noopener\" href=\"http:\/\/jundiai.sp.gov.br\/previdencia-servidores\/wp-content\/uploads\/sites\/67\/2021\/11\/lei_9_662.pdf\" target=\"_blank\">Lei n\u00ba 9.662, de 09 de novembro de 2021<\/a><\/p>\n\n\n\n<p><a rel=\"noreferrer noopener\" href=\"http:\/\/jundiai.sp.gov.br\/previdencia-servidores\/wp-content\/uploads\/sites\/67\/2021\/11\/lei_9_663.pdf\" target=\"_blank\">Lei n\u00ba 9.663, de 09 de novembro de 2021<\/a><\/p>\n\n\n\n<p><a href=\"https:\/\/jundiai.sp.gov.br\/previdencia-servidores\/wp-content\/uploads\/sites\/67\/2022\/12\/portaria-previc-_php.pdf\" target=\"_blank\" rel=\"noreferrer noopener\">Portaria Previc<\/a><\/p>\n\n\n<div class=\"wp-block-image\">\n<figure class=\"alignleft size-full is-resized\"><img loading=\"lazy\" decoding=\"async\" src=\"https:\/\/jundiai.sp.gov.br\/previdencia-servidores\/wp-content\/uploads\/sites\/67\/2021\/10\/1398911_correct_mark_success_tick_valid_icon.png\" alt=\"\" class=\"wp-image-176\" width=\"16\" height=\"16\" srcset=\"https:\/\/jundiai.sp.gov.br\/previdencia-servidores\/wp-content\/uploads\/sites\/67\/2021\/10\/1398911_correct_mark_success_tick_valid_icon.png 128w, https:\/\/jundiai.sp.gov.br\/previdencia-servidores\/wp-content\/uploads\/sites\/67\/2021\/10\/1398911_correct_mark_success_tick_valid_icon-100x100.png 100w\" sizes=\"auto, (max-width: 16px) 100vw, 16px\" \/><\/figure>\n<\/div>\n\n\n<p>8. Apoiar a cria\u00e7\u00e3o do RPC e sua implanta\u00e7\u00e3o pelas \u00e1reas de RH dos Poderes e \u00f3rg\u00e3os.<\/p>\n\n\n\n<p><a href=\"https:\/\/jundiai.sp.gov.br\/previdencia-servidores\/wp-content\/uploads\/sites\/67\/2022\/03\/decreto_30_948-03022022.pdf\" target=\"_blank\" rel=\"noreferrer noopener\">Decreto n\u00ba 30.948, de 03 de fevereiro de 2022<\/a><\/p>\n\n\n\n<p><a href=\"https:\/\/jundiai.sp.gov.br\/previdencia-servidores\/wp-content\/uploads\/sites\/67\/2022\/12\/comiss_o-de-acompanhamento-da-implanta__o-do-rpc.pdf\" target=\"_blank\" rel=\"noreferrer noopener\">Comiss\u00e3o de acompanhamento da implanta\u00e7\u00e3o do Regime de Previd\u00eancia Complementar<\/a><\/p>\n","protected":false},"excerpt":{"rendered":"<p>1. Efetuar um diagn\u00f3stico e levantamento das quest\u00f5es afetas ao novo Regime; 2. Participar das etapas de treinamento; 3. Realizar estudos e discuss\u00f5es que permitam apoiar o Munic\u00edpio de Jundia\u00ed na formula\u00e7\u00e3o de suas escolhas e fundamenta\u00e7\u00e3o dos processos; 4. Elaborar a minuta de Lei do RPC e preparar o PL a ser encaminhado pelo [&hellip;]<\/p>\n","protected":false},"author":8,"featured_media":60,"parent":6,"menu_order":2,"comment_status":"closed","ping_status":"closed","template":"","meta":{"footnotes":""},"class_list":["post-264","page","type-page","status-publish","has-post-thumbnail","hentry"],"_links":{"self":[{"href":"https:\/\/jundiai.sp.gov.br\/previdencia-servidores\/wp-json\/wp\/v2\/pages\/264","targetHints":{"allow":["GET"]}}],"collection":[{"href":"https:\/\/jundiai.sp.gov.br\/previdencia-servidores\/wp-json\/wp\/v2\/pages"}],"about":[{"href":"https:\/\/jundiai.sp.gov.br\/previdencia-servidores\/wp-json\/wp\/v2\/types\/page"}],"author":[{"embeddable":true,"href":"https:\/\/jundiai.sp.gov.br\/previdencia-servidores\/wp-json\/wp\/v2\/users\/8"}],"replies":[{"embeddable":true,"href":"https:\/\/jundiai.sp.gov.br\/previdencia-servidores\/wp-json\/wp\/v2\/comments?post=264"}],"version-history":[{"count":11,"href":"https:\/\/jundiai.sp.gov.br\/previdencia-servidores\/wp-json\/wp\/v2\/pages\/264\/revisions"}],"predecessor-version":[{"id":428,"href":"https:\/\/jundiai.sp.gov.br\/previdencia-servidores\/wp-json\/wp\/v2\/pages\/264\/revisions\/428"}],"up":[{"embeddable":true,"href":"https:\/\/jundiai.sp.gov.br\/previdencia-servidores\/wp-json\/wp\/v2\/pages\/6"}],"wp:featuredmedia":[{"embeddable":true,"href":"https:\/\/jundiai.sp.gov.br\/previdencia-servidores\/wp-json\/wp\/v2\/media\/60"}],"wp:attachment":[{"href":"https:\/\/jundiai.sp.gov.br\/previdencia-servidores\/wp-json\/wp\/v2\/media?parent=264"}],"curies":[{"name":"wp","href":"https:\/\/api.w.org\/{rel}","templated":true}]}}