{"id":266,"date":"2021-10-21T17:38:24","date_gmt":"2021-10-21T20:38:24","guid":{"rendered":"https:\/\/jundiai.sp.gov.br\/previdencia-servidores\/?page_id=266"},"modified":"2021-10-28T16:23:55","modified_gmt":"2021-10-28T19:23:55","slug":"reunioes-de-trabalho","status":"publish","type":"page","link":"https:\/\/jundiai.sp.gov.br\/previdencia-servidores\/regime-de-previdencia-complementar\/reunioes-de-trabalho\/","title":{"rendered":"Reuni\u00f5es de Trabalho"},"content":{"rendered":"\n<p><strong>Reuni\u00e3o realizada em 27\/10\/2021<\/strong><\/p>\n\n\n\n<p><a rel=\"noreferrer noopener\" href=\"http:\/\/jundiai.sp.gov.br\/previdencia-servidores\/wp-content\/uploads\/sites\/67\/2021\/10\/sei_pmj-_-0329242-_-minuta.pdf\" target=\"_blank\">Minuta &#8211; Regime de Previd\u00eancia Complementar<\/a><\/p>\n\n\n\n<p><a href=\"http:\/\/jundiai.sp.gov.br\/previdencia-servidores\/wp-content\/uploads\/sites\/67\/2021\/10\/rpc-27-10-2021.pdf\" target=\"_blank\" rel=\"noreferrer noopener\">Lista de Presen\u00e7a<\/a><\/p>\n\n\n\n<div style=\"height:20px\" aria-hidden=\"true\" class=\"wp-block-spacer\"><\/div>\n\n\n\n<p><strong>Reuni\u00e3o realizada em 19\/10\/2021<\/strong><\/p>\n\n\n\n<p><a href=\"https:\/\/jundiai.sp.gov.br\/previdencia-servidores\/wp-content\/uploads\/sites\/67\/2021\/10\/2021-10-19-previd_ncia-complementar-dos-servidores-_1_.pdf\" target=\"_blank\" rel=\"noreferrer noopener\">Previd\u00eancia dos Servidores &#8211; Regime de Previd\u00eancia Complementar<\/a><\/p>\n\n\n\n<div style=\"height:20px\" aria-hidden=\"true\" class=\"wp-block-spacer\"><\/div>\n\n\n\n<p><strong>Reuni\u00e3o realizada em 24\/08\/2021<\/strong><\/p>\n\n\n\n<p><a href=\"https:\/\/jundiai.sp.gov.br\/previdencia-servidores\/wp-content\/uploads\/sites\/67\/2021\/08\/par_metros-posicionamentos-e-detalhamento-1.pdf\">Par\u00e2metros, Posicionamentos e Detalhamento<\/a><\/p>\n\n\n\n<p><a rel=\"noreferrer noopener\" href=\"https:\/\/jundiai.sp.gov.br\/previdencia-servidores\/wp-content\/uploads\/sites\/67\/2021\/08\/guia-previc-melhores-pr_ticas-atuariais-2021-1_1.pdf\" target=\"_blank\">Guia PREVIC &#8211; Melhores Pr\u00e1ticas Atuariais 2021<\/a><\/p>\n\n\n\n<p><a rel=\"noreferrer noopener\" href=\"https:\/\/jundiai.sp.gov.br\/previdencia-servidores\/wp-content\/uploads\/sites\/67\/2021\/08\/10a-s_rie-de-estudos-_-despesas-administrativas-2020-_2_.pdf\" target=\"_blank\">Relat\u00f3rio das Despesas Administrativas das Entidades Fechadas de Previd\u00eancia Complementar &#8211; Exerc\u00edcio 2020<\/a><\/p>\n\n\n\n<div style=\"height:20px\" aria-hidden=\"true\" class=\"wp-block-spacer\"><\/div>\n\n\n\n<p><strong>Reuni\u00e3o realizada em 16\/08\/2021<\/strong><\/p>\n\n\n\n<p><a rel=\"noreferrer noopener\" href=\"https:\/\/jundiai.sp.gov.br\/previdencia-servidores\/wp-content\/uploads\/sites\/67\/2021\/08\/material-gt-previd_ncia-complementar-dos-servidores.pdf\" target=\"_blank\">Previd\u00eancia dos Servidores &#8211; Regime de Previd\u00eancia Complementar<\/a><\/p>\n","protected":false},"excerpt":{"rendered":"<p>Reuni\u00e3o realizada em 27\/10\/2021 Minuta &#8211; Regime de Previd\u00eancia Complementar Lista de Presen\u00e7a Reuni\u00e3o realizada em 19\/10\/2021 Previd\u00eancia dos Servidores &#8211; Regime de Previd\u00eancia Complementar Reuni\u00e3o realizada em 24\/08\/2021 Par\u00e2metros, Posicionamentos e Detalhamento Guia PREVIC &#8211; Melhores Pr\u00e1ticas Atuariais 2021 Relat\u00f3rio das Despesas Administrativas das Entidades Fechadas de Previd\u00eancia Complementar &#8211; Exerc\u00edcio 2020 Reuni\u00e3o realizada [&hellip;]<\/p>\n","protected":false},"author":8,"featured_media":60,"parent":6,"menu_order":4,"comment_status":"closed","ping_status":"closed","template":"","meta":{"footnotes":""},"class_list":["post-266","page","type-page","status-publish","has-post-thumbnail","hentry"],"_links":{"self":[{"href":"https:\/\/jundiai.sp.gov.br\/previdencia-servidores\/wp-json\/wp\/v2\/pages\/266","targetHints":{"allow":["GET"]}}],"collection":[{"href":"https:\/\/jundiai.sp.gov.br\/previdencia-servidores\/wp-json\/wp\/v2\/pages"}],"about":[{"href":"https:\/\/jundiai.sp.gov.br\/previdencia-servidores\/wp-json\/wp\/v2\/types\/page"}],"author":[{"embeddable":true,"href":"https:\/\/jundiai.sp.gov.br\/previdencia-servidores\/wp-json\/wp\/v2\/users\/8"}],"replies":[{"embeddable":true,"href":"https:\/\/jundiai.sp.gov.br\/previdencia-servidores\/wp-json\/wp\/v2\/comments?post=266"}],"version-history":[{"count":4,"href":"https:\/\/jundiai.sp.gov.br\/previdencia-servidores\/wp-json\/wp\/v2\/pages\/266\/revisions"}],"predecessor-version":[{"id":318,"href":"https:\/\/jundiai.sp.gov.br\/previdencia-servidores\/wp-json\/wp\/v2\/pages\/266\/revisions\/318"}],"up":[{"embeddable":true,"href":"https:\/\/jundiai.sp.gov.br\/previdencia-servidores\/wp-json\/wp\/v2\/pages\/6"}],"wp:featuredmedia":[{"embeddable":true,"href":"https:\/\/jundiai.sp.gov.br\/previdencia-servidores\/wp-json\/wp\/v2\/media\/60"}],"wp:attachment":[{"href":"https:\/\/jundiai.sp.gov.br\/previdencia-servidores\/wp-json\/wp\/v2\/media?parent=266"}],"curies":[{"name":"wp","href":"https:\/\/api.w.org\/{rel}","templated":true}]}}