{"id":275,"date":"2021-10-21T17:42:58","date_gmt":"2021-10-21T20:42:58","guid":{"rendered":"https:\/\/jundiai.sp.gov.br\/previdencia-servidores\/?page_id=275"},"modified":"2021-11-08T11:13:30","modified_gmt":"2021-11-08T14:13:30","slug":"quem-sao-os-membros-nomeados-para-participar-dos-estudos-e-acompanhar-as-alteracoes-do-regime-proprio-de-previdencia-social-rpps","status":"publish","type":"page","link":"https:\/\/jundiai.sp.gov.br\/previdencia-servidores\/regime-proprio-de-previdencia-social\/quem-sao-os-membros-nomeados-para-participar-dos-estudos-e-acompanhar-as-alteracoes-do-regime-proprio-de-previdencia-social-rpps\/","title":{"rendered":"Quem s\u00e3o os membros nomeados para participar dos estudos e acompanhar as altera\u00e7\u00f5es do Regime Pr\u00f3prio de Previd\u00eancia Social \u2013 RPPS?"},"content":{"rendered":"\n<p>Conforme <a href=\"https:\/\/jundiai.sp.gov.br\/previdencia-servidores\/wp-content\/uploads\/sites\/67\/2021\/08\/portaria-170-19-de-agosto-de-2021-nomeacoes-ces.pdf\"><strong>Portaria n\u00ba 170, de 19 de Agosto 2021 e Portaria N\u00ba 180, de 03 de setembro de 2021<\/strong><\/a> foi institu\u00edda a <strong>COMISS\u00c3O EXTRAORDIN\u00c1RIA DE SERVIDORES<\/strong>, para participar e acompanhar os estudos previdenci\u00e1rios relativos ao Regime Pr\u00f3prio de Previd\u00eancia Social &#8211; RPPS, no \u00e2mbito do Munic\u00edpio de Jundia\u00ed, al\u00e9m de ser porta voz dos servidores da unidade que representa, integrado pelos seguintes membros:<\/p>\n\n\n\n<p>I &#8211; Unidade de Gest\u00e3o da Casa Civil:<\/p>\n\n\n\n<p>Titular: ALEXANDRE HISAO AKITA<br>Suplente: LUIS AUGUSTO ZAMBON<\/p>\n\n\n\n<p>II &#8211; Unidade de Gest\u00e3o de Cultura:<\/p>\n\n\n\n<p>Titular: GLAUCE SAYURI MA\u00c7ONATO FERREIRA<br>Suplente: NAIARA SANCHES CONSENCIO<\/p>\n\n\n\n<p>III &#8211; Unidade de Gest\u00e3o de Planejamento Urbano e Meio Ambiente:<\/p>\n\n\n\n<p>Titular: VIVIANE DE CASSIA OLIVATTO GALIANO<br>Suplente: RENATO CARBOL COVESI<\/p>\n\n\n\n<p>IV &#8211; Unidade de Gest\u00e3o de Promo\u00e7\u00e3o da Sa\u00fade:<\/p>\n\n\n\n<p>Titular: MARIA TERESA FRANCO<br>Suplente: AMER\u00cdCIA SILVEIRA KOWALSKI<\/p>\n\n\n\n<p>V &#8211; Unidade de Gest\u00e3o de Esporte e Lazer:<\/p>\n\n\n\n<p>Titular: CLAUDIO ROBERTO DE OLIVEIRA<br>Suplente: DENISE MARTA MARCONDES COELHO CARVALHO<\/p>\n\n\n\n<p>VI &#8211; Unidade de Gest\u00e3o de Educa\u00e7\u00e3o:<\/p>\n\n\n\n<p>Titular: ISABEL CAMILO DE SOUZA<br>Suplente: SAMIRA MOURAD ZENARDI<\/p>\n\n\n\n<p>VII &#8211; Unidade de Gest\u00e3o de Assist\u00eancia e Desenvolvimento Social:<\/p>\n\n\n\n<p>Titular: SOLANGE CORDEIRO DE VASCONCELOS<br>Suplente: ALEXANDRE MOREIRA DE SOUZA<\/p>\n\n\n\n<p>VIII &#8211; Unidade de Gest\u00e3o de Desenvolvimento Econ\u00f4mico, Ci\u00eancia e Tecnologia:<\/p>\n\n\n\n<p>Titular: MARGARETH APARECIDA PADOVAN<br>Suplente: SILMARA BARELLI<\/p>\n\n\n\n<p>IX &#8211; Unidade de Gest\u00e3o de Mobilidade e Transporte:<\/p>\n\n\n\n<p>Titular: ANA L\u00daCIA MARIANO<br>Suplente: CL\u00c1UDIO DA COSTA E SILVA<\/p>\n\n\n\n<p>X &#8211; Unidade de Gest\u00e3o de Administra\u00e7\u00e3o e Gest\u00e3o de Pessoas:<\/p>\n\n\n\n<p>Titular: ISABELA MUNHOZ BENETTI<br>Suplente: ARIANE CORAINE COLOMBO<\/p>\n\n\n\n<p>XI &#8211; Unidade de Gest\u00e3o de Seguran\u00e7a Municipal:<\/p>\n\n\n\n<p>Titular: MARCELO MARQUES DA SILVA<br>Suplente: DI\u00d3GENES TORQUETO SALAS JUNIOR<\/p>\n\n\n\n<p>XII &#8211; Unidade de Gest\u00e3o de Inova\u00e7\u00e3o e Rela\u00e7\u00e3o com o Cidad\u00e3o:<\/p>\n\n\n\n<p>Titular: FABIANE DA SILVA PRADO PALMERINI<br>Suplente: K\u00c1THIA ANZELOTTI<\/p>\n\n\n\n<p>XIII &#8211; Unidade de Gest\u00e3o de Neg\u00f3cios Jur\u00eddicos e Cidadania:<\/p>\n\n\n\n<p>Titular: ANA L\u00daCIA MONZEM<br>Suplente: LUIZ MARTIN FREGUGLIA<\/p>\n\n\n\n<p>XIV &#8211; Unidade de Gest\u00e3o de Governo e Finan\u00e7as:<\/p>\n\n\n\n<p>Titular: HERMES SINVAL PEDROSO<br>Suplente: ELZA MARIA ROCHA CAETANO<\/p>\n\n\n\n<p>XV &#8211; Unidade de Gest\u00e3o de Infraestrutura e Servi\u00e7os P\u00fablicos:<\/p>\n\n\n\n<p>Titular: JULIANA BALDI DA SILVA<br>Suplente: BRUNO PIERO DA SILVA MASQUI<\/p>\n\n\n\n<p>XVI &#8211; Unidade de Gest\u00e3o de Agroneg\u00f3cio, Abastecimento e Turismo:<\/p>\n\n\n\n<p>Titular: THAIS CAROLINA SILVA OLIVEIRA<br>Suplente: LOURIVAL DANTAS FAGUNDES<\/p>\n\n\n\n<p>XVII \u2013 C\u00e2mara Municipal de Jundia\u00ed:<\/p>\n\n\n\n<p>Titular: LUCAS MARQUES LUSVARGHI<br>Suplente: GISLAINE APARECIDA BARBOSA<\/p>\n\n\n\n<p>XVIII \u2013 Escola Superior de Educa\u00e7\u00e3o F\u00edsica &#8211; ESEF:<\/p>\n\n\n\n<p>Titular: LUCIANA BALDO<br>Suplente: RICARDO ALVES MANACERO<\/p>\n\n\n\n<p>XIX \u2013 Funda\u00e7\u00e3o Escola TVTEC Jundia\u00ed &#8211; FTVTEC:<\/p>\n\n\n\n<p>Titular: EMERSON LUIZ RISSO VIEIRA<br>Suplente: M\u00c1RCIO MIGUEL<\/p>\n\n\n\n<p>XX \u2013 Funda\u00e7\u00e3o Casa da Cultura e Esportes:<\/p>\n\n\n\n<p>Titular: ALINE UYARA DENARIO DIAS ROCCO<br>Suplente: JESSICA RODRIGUES DE CASTRO SANTOS<\/p>\n\n\n\n<p>XXI \u2013 Funda\u00e7\u00e3o Municipal de A\u00e7\u00e3o Social &#8211; FUMAS:<\/p>\n\n\n\n<p>Titular: PAULA DE CARVALHO GIMENEZ<br>Suplente: BRUNA MARINO CLINI<\/p>\n\n\n\n<p>XXII \u2013 Funda\u00e7\u00e3o Serra do Japi &#8211; FSJ:<\/p>\n\n\n\n<p>Titular: CLAYDE BRESSAN DE MELLO<br>Suplente: LARISSA MARTHES FERREIRA DE FARIA<\/p>\n\n\n\n<p>XXIII \u2013 Instituto de Previd\u00eancia do Munic\u00edpio de Jundia\u00ed &#8211; IPREJUN:<\/p>\n\n\n\n<p>Titular: CLAUDIA GEORGE MUSSELI CEZAR<br>Suplente: ANITA CAROLINA LUNARDI PETRIN<\/p>\n\n\n\n<p>XXIV \u2013 Escola de Gest\u00e3o P\u00fablica &#8211; EGP:<\/p>\n\n\n\n<p>Titular: KARINA BIZARRO NEVES<br>Suplente: KARIN BIZARRO<\/p>\n\n\n\n<p>XXV \u2013 DAE S\/A &#8211; \u00c1gua e Esgoto:<\/p>\n\n\n\n<p>Titular: S\u00c9RGIO HENRIQUE DE CARVALHO<br>Suplente: RODNEI DOS SANTOS<\/p>\n\n\n\n<p>XXVI \u2013 Companhia de Inform\u00e1tica de Jundia\u00ed &#8211; CIJUN:<\/p>\n\n\n\n<p>Titular: JOS\u00c9 LUIZ FERRAGUT<br>Suplente: LARA ELEN DIOGO MEITLING<\/p>\n\n\n\n<p>&nbsp;XXVII \u2013 Faculdade de Medicina de Jundia\u00ed<\/p>\n\n\n\n<p>Titular: EDN\u00c9ZIA GOES SILVA<br>Suplente: VANESSA CRISTINA SAVIETTO<\/p>\n","protected":false},"excerpt":{"rendered":"<p>Conforme Portaria n\u00ba 170, de 19 de Agosto 2021 e Portaria N\u00ba 180, de 03 de setembro de 2021 foi institu\u00edda a COMISS\u00c3O EXTRAORDIN\u00c1RIA DE SERVIDORES, para participar e acompanhar os estudos previdenci\u00e1rios relativos ao Regime Pr\u00f3prio de Previd\u00eancia Social &#8211; RPPS, no \u00e2mbito do Munic\u00edpio de Jundia\u00ed, al\u00e9m de ser porta voz dos servidores [&hellip;]<\/p>\n","protected":false},"author":8,"featured_media":60,"parent":14,"menu_order":2,"comment_status":"closed","ping_status":"closed","template":"","meta":{"footnotes":""},"class_list":["post-275","page","type-page","status-publish","has-post-thumbnail","hentry"],"_links":{"self":[{"href":"https:\/\/jundiai.sp.gov.br\/previdencia-servidores\/wp-json\/wp\/v2\/pages\/275","targetHints":{"allow":["GET"]}}],"collection":[{"href":"https:\/\/jundiai.sp.gov.br\/previdencia-servidores\/wp-json\/wp\/v2\/pages"}],"about":[{"href":"https:\/\/jundiai.sp.gov.br\/previdencia-servidores\/wp-json\/wp\/v2\/types\/page"}],"author":[{"embeddable":true,"href":"https:\/\/jundiai.sp.gov.br\/previdencia-servidores\/wp-json\/wp\/v2\/users\/8"}],"replies":[{"embeddable":true,"href":"https:\/\/jundiai.sp.gov.br\/previdencia-servidores\/wp-json\/wp\/v2\/comments?post=275"}],"version-history":[{"count":2,"href":"https:\/\/jundiai.sp.gov.br\/previdencia-servidores\/wp-json\/wp\/v2\/pages\/275\/revisions"}],"predecessor-version":[{"id":335,"href":"https:\/\/jundiai.sp.gov.br\/previdencia-servidores\/wp-json\/wp\/v2\/pages\/275\/revisions\/335"}],"up":[{"embeddable":true,"href":"https:\/\/jundiai.sp.gov.br\/previdencia-servidores\/wp-json\/wp\/v2\/pages\/14"}],"wp:featuredmedia":[{"embeddable":true,"href":"https:\/\/jundiai.sp.gov.br\/previdencia-servidores\/wp-json\/wp\/v2\/media\/60"}],"wp:attachment":[{"href":"https:\/\/jundiai.sp.gov.br\/previdencia-servidores\/wp-json\/wp\/v2\/media?parent=275"}],"curies":[{"name":"wp","href":"https:\/\/api.w.org\/{rel}","templated":true}]}}