{"id":277,"date":"2021-10-21T17:43:51","date_gmt":"2021-10-21T20:43:51","guid":{"rendered":"https:\/\/jundiai.sp.gov.br\/previdencia-servidores\/?page_id=277"},"modified":"2022-05-03T17:18:40","modified_gmt":"2022-05-03T20:18:40","slug":"etapas-de-trabalho-para-instituir-mudancas-ao-rpps","status":"publish","type":"page","link":"https:\/\/jundiai.sp.gov.br\/previdencia-servidores\/regime-proprio-de-previdencia-social\/etapas-de-trabalho-para-instituir-mudancas-ao-rpps\/","title":{"rendered":"Etapas de Trabalho para instituir mudan\u00e7as ao RPPS"},"content":{"rendered":"\n<div class=\"wp-block-image\"><figure class=\"alignleft size-full is-resized\"><img loading=\"lazy\" decoding=\"async\" src=\"https:\/\/jundiai.sp.gov.br\/previdencia-servidores\/wp-content\/uploads\/sites\/67\/2021\/10\/1398911_correct_mark_success_tick_valid_icon.png\" alt=\"\" class=\"wp-image-176\" width=\"16\" height=\"16\" srcset=\"https:\/\/jundiai.sp.gov.br\/previdencia-servidores\/wp-content\/uploads\/sites\/67\/2021\/10\/1398911_correct_mark_success_tick_valid_icon.png 128w, https:\/\/jundiai.sp.gov.br\/previdencia-servidores\/wp-content\/uploads\/sites\/67\/2021\/10\/1398911_correct_mark_success_tick_valid_icon-100x100.png 100w\" sizes=\"auto, (max-width: 16px) 100vw, 16px\" \/><\/figure><\/div>\n\n\n\n<p>1. Conhecer o Regime Pr\u00f3prio de Previd\u00eancia Social \u2013 RPPS de Jundia\u00ed \u2013 Contexto e situa\u00e7\u00e3o atual do Instituto de Previd\u00eancia do Munic\u00edpio de Jundia\u00ed &#8211; IPREJUN;<\/p>\n\n\n\n<div class=\"wp-block-image\"><figure class=\"alignleft size-full is-resized\"><img loading=\"lazy\" decoding=\"async\" src=\"https:\/\/jundiai.sp.gov.br\/previdencia-servidores\/wp-content\/uploads\/sites\/67\/2021\/10\/1398911_correct_mark_success_tick_valid_icon.png\" alt=\"\" class=\"wp-image-176\" width=\"16\" height=\"16\" srcset=\"https:\/\/jundiai.sp.gov.br\/previdencia-servidores\/wp-content\/uploads\/sites\/67\/2021\/10\/1398911_correct_mark_success_tick_valid_icon.png 128w, https:\/\/jundiai.sp.gov.br\/previdencia-servidores\/wp-content\/uploads\/sites\/67\/2021\/10\/1398911_correct_mark_success_tick_valid_icon-100x100.png 100w\" sizes=\"auto, (max-width: 16px) 100vw, 16px\" \/><\/figure><\/div>\n\n\n\n<p>2. Estudo da legisla\u00e7\u00e3o e normativas locais, especialmente a Lei Org\u00e2nica Municipal, o Estatuto dos Servidores e a Lei do Regime Pr\u00f3prio, identificando as propostas de adequa\u00e7\u00e3o dos dispositivos locais e a dimens\u00e3o dos projetos normativos a serem elaborados e implementados;<\/p>\n\n\n\n<div class=\"wp-block-image\"><figure class=\"alignleft size-full is-resized\"><img loading=\"lazy\" decoding=\"async\" src=\"https:\/\/jundiai.sp.gov.br\/previdencia-servidores\/wp-content\/uploads\/sites\/67\/2021\/10\/1398911_correct_mark_success_tick_valid_icon.png\" alt=\"\" class=\"wp-image-176\" width=\"16\" height=\"16\" srcset=\"https:\/\/jundiai.sp.gov.br\/previdencia-servidores\/wp-content\/uploads\/sites\/67\/2021\/10\/1398911_correct_mark_success_tick_valid_icon.png 128w, https:\/\/jundiai.sp.gov.br\/previdencia-servidores\/wp-content\/uploads\/sites\/67\/2021\/10\/1398911_correct_mark_success_tick_valid_icon-100x100.png 100w\" sizes=\"auto, (max-width: 16px) 100vw, 16px\" \/><\/figure><\/div>\n\n\n\n<p>3. Reuni\u00f5es de capacita\u00e7\u00e3o dos membros da Comiss\u00e3o Extraordin\u00e1ria de Servidores constitu\u00edda para acompanhar a reforma do RPPS, discuss\u00e3o sobre os aspectos da EC n\u00b0 103 de 2019, delineamento dos aspectos norteadores da reforma, seus impactos e afeta\u00e7\u00f5es com vistas ao financiamento, viabilidade e sustentabilidade do RPPS de Jundia\u00ed;<\/p>\n\n\n\n<div class=\"wp-block-image\"><figure class=\"alignleft size-full is-resized\"><img loading=\"lazy\" decoding=\"async\" src=\"https:\/\/jundiai.sp.gov.br\/previdencia-servidores\/wp-content\/uploads\/sites\/67\/2021\/10\/1398911_correct_mark_success_tick_valid_icon.png\" alt=\"\" class=\"wp-image-176\" width=\"16\" height=\"16\" srcset=\"https:\/\/jundiai.sp.gov.br\/previdencia-servidores\/wp-content\/uploads\/sites\/67\/2021\/10\/1398911_correct_mark_success_tick_valid_icon.png 128w, https:\/\/jundiai.sp.gov.br\/previdencia-servidores\/wp-content\/uploads\/sites\/67\/2021\/10\/1398911_correct_mark_success_tick_valid_icon-100x100.png 100w\" sizes=\"auto, (max-width: 16px) 100vw, 16px\" \/><\/figure><\/div>\n\n\n\n<p>4. Simula\u00e7\u00f5es de c\u00e1lculos atuariais para demonstrar o impacto econ\u00f4mico e financeiro no RPPS e no or\u00e7amento do munic\u00edpio;<\/p>\n\n\n\n<div class=\"wp-block-image\"><figure class=\"alignleft size-full is-resized\"><img loading=\"lazy\" decoding=\"async\" src=\"https:\/\/jundiai.sp.gov.br\/previdencia-servidores\/wp-content\/uploads\/sites\/67\/2021\/10\/1398911_correct_mark_success_tick_valid_icon.png\" alt=\"\" class=\"wp-image-176\" width=\"16\" height=\"16\" srcset=\"https:\/\/jundiai.sp.gov.br\/previdencia-servidores\/wp-content\/uploads\/sites\/67\/2021\/10\/1398911_correct_mark_success_tick_valid_icon.png 128w, https:\/\/jundiai.sp.gov.br\/previdencia-servidores\/wp-content\/uploads\/sites\/67\/2021\/10\/1398911_correct_mark_success_tick_valid_icon-100x100.png 100w\" sizes=\"auto, (max-width: 16px) 100vw, 16px\" \/><\/figure><\/div>\n\n\n\n<p>5. An\u00e1lise das mat\u00e9rias relativas \u00e0 elabora\u00e7\u00e3o do projeto de lei do RPPS de Jundia\u00ed, contemplando a an\u00e1lise de eventual adequa\u00e7\u00e3o e\/ou cria\u00e7\u00e3o dos dispositivos da lei relativos aos:<\/p>\n\n\n\n<p>a) princ\u00edpios do RPPS;<br>b) defini\u00e7\u00f5es legais;<br>c) despesas administrativas e patrim\u00f4nio;<br>d) or\u00e7amento e contabilidade do RPPS;<br>e) plano de custeio, defini\u00e7\u00e3o de base de contribui\u00e7\u00e3o, contribui\u00e7\u00e3o facultativa, de servidores cedidos e outras fontes;<br>f) arrecada\u00e7\u00e3o e parcelamento;<br>g) limita\u00e7\u00e3o na utiliza\u00e7\u00e3o dos recursos previdenci\u00e1rios;<br>h) segurados e dependentes;<br>i) recadastramento de benefici\u00e1rios;<br>j) formata\u00e7\u00e3o e instru\u00e7\u00e3o de processos de benef\u00edcios;<br>k) averba\u00e7\u00e3o do tempo de contribui\u00e7\u00e3o;<br>l) aposentadorias;<br>m) pens\u00e3o por morte;<br>n) c\u00e1lculo e reajustes dos benef\u00edcios;<br>o) direito Adquirido;<br>p) limita\u00e7\u00f5es na acumula\u00e7\u00e3o de benef\u00edcios;<br>q) gratifica\u00e7\u00e3o Natalina;<br>r) pagamento, descontos e restitui\u00e7\u00f5es;<br>s) abono de Perman\u00eancia;<\/p>\n\n\n\n<div class=\"wp-block-image\"><figure class=\"alignleft size-full is-resized\"><img loading=\"lazy\" decoding=\"async\" src=\"https:\/\/jundiai.sp.gov.br\/previdencia-servidores\/wp-content\/uploads\/sites\/67\/2021\/10\/1398911_correct_mark_success_tick_valid_icon.png\" alt=\"\" class=\"wp-image-176\" width=\"16\" height=\"16\" srcset=\"https:\/\/jundiai.sp.gov.br\/previdencia-servidores\/wp-content\/uploads\/sites\/67\/2021\/10\/1398911_correct_mark_success_tick_valid_icon.png 128w, https:\/\/jundiai.sp.gov.br\/previdencia-servidores\/wp-content\/uploads\/sites\/67\/2021\/10\/1398911_correct_mark_success_tick_valid_icon-100x100.png 100w\" sizes=\"auto, (max-width: 16px) 100vw, 16px\" \/><\/figure><\/div>\n\n\n\n<p>6. Audi\u00eancia p\u00fablica para estabelecimento de novas regras do Regime Pr\u00f3prio de Previd\u00eancia Social &#8211; RPPS;<\/p>\n\n\n\n<p><a rel=\"noreferrer noopener\" href=\"https:\/\/jundiai.sp.gov.br\/previdencia-servidores\/wp-content\/uploads\/sites\/67\/2021\/10\/audiencia-publica_edicao_4982_21_10_2021-_2_.pdf\" target=\"_blank\">Edi\u00e7\u00e3o 4982 da Imprensa Oficial, de 20 de outubro de 2021<\/a><\/p>\n\n\n\n<div class=\"wp-block-image\"><figure class=\"alignleft size-full is-resized\"><img loading=\"lazy\" decoding=\"async\" src=\"https:\/\/jundiai.sp.gov.br\/previdencia-servidores\/wp-content\/uploads\/sites\/67\/2021\/10\/1398911_correct_mark_success_tick_valid_icon.png\" alt=\"\" class=\"wp-image-176\" width=\"16\" height=\"16\" srcset=\"https:\/\/jundiai.sp.gov.br\/previdencia-servidores\/wp-content\/uploads\/sites\/67\/2021\/10\/1398911_correct_mark_success_tick_valid_icon.png 128w, https:\/\/jundiai.sp.gov.br\/previdencia-servidores\/wp-content\/uploads\/sites\/67\/2021\/10\/1398911_correct_mark_success_tick_valid_icon-100x100.png 100w\" sizes=\"auto, (max-width: 16px) 100vw, 16px\" \/><\/figure><\/div>\n\n\n\n<p>7. Apresenta\u00e7\u00e3o da minuta do Projeto de Lei a Comiss\u00e3o Extraordin\u00e1ria de Servidores, com detalhamentos das altera\u00e7\u00f5es promovidas e das novas regras previdenci\u00e1rias. Discuss\u00e3o sobre os aspectos relacionados aos impactos atuariais, or\u00e7ament\u00e1rios e afeta\u00e7\u00f5es trazidas pela Reforma da Lei do RPPS de Jundia\u00ed;<\/p>\n\n\n\n<div class=\"wp-block-image\"><figure class=\"alignleft size-full is-resized\"><img loading=\"lazy\" decoding=\"async\" src=\"https:\/\/jundiai.sp.gov.br\/previdencia-servidores\/wp-content\/uploads\/sites\/67\/2021\/10\/1398911_correct_mark_success_tick_valid_icon.png\" alt=\"\" class=\"wp-image-176\" width=\"16\" height=\"16\" srcset=\"https:\/\/jundiai.sp.gov.br\/previdencia-servidores\/wp-content\/uploads\/sites\/67\/2021\/10\/1398911_correct_mark_success_tick_valid_icon.png 128w, https:\/\/jundiai.sp.gov.br\/previdencia-servidores\/wp-content\/uploads\/sites\/67\/2021\/10\/1398911_correct_mark_success_tick_valid_icon-100x100.png 100w\" sizes=\"auto, (max-width: 16px) 100vw, 16px\" \/><\/figure><\/div>\n\n\n\n<p>8. Propostas encaminhadas para estudos no \u00e2mbito da reforma do Regime Pr\u00f3prio de Previd\u00eancia Social &#8211; RPPS;<\/p>\n\n\n\n<p><a href=\"https:\/\/jundiai.sp.gov.br\/previdencia-servidores\/wp-content\/uploads\/sites\/67\/2021\/11\/propostas-recebidas.pdf\" target=\"_blank\" rel=\"noreferrer noopener\">Propostas recebidas<\/a><\/p>\n\n\n\n<p><a rel=\"noreferrer noopener\" href=\"https:\/\/jundiai.sp.gov.br\/previdencia-servidores\/wp-content\/uploads\/sites\/67\/2021\/11\/compilado-das-propostas-recebidas.pdf\" target=\"_blank\">Compilado das propostas recebidas<\/a><\/p>\n\n\n\n<p><a href=\"http:\/\/jundiai.sp.gov.br\/previdencia-servidores\/wp-content\/uploads\/sites\/67\/2021\/11\/devolutiva-das-propostas-1.pdf\" target=\"_blank\" rel=\"noreferrer noopener\">Devolutiva das propostas<\/a><\/p>\n\n\n\n<p><a href=\"http:\/\/jundiai.sp.gov.br\/previdencia-servidores\/wp-content\/uploads\/sites\/67\/2021\/11\/demandas-unificadas.pdf\" target=\"_blank\" rel=\"noreferrer noopener\">Demandas unificadas<\/a><\/p>\n\n\n\n<div class=\"wp-block-image\"><figure class=\"alignleft size-full is-resized\"><img loading=\"lazy\" decoding=\"async\" src=\"https:\/\/jundiai.sp.gov.br\/previdencia-servidores\/wp-content\/uploads\/sites\/67\/2021\/10\/1398911_correct_mark_success_tick_valid_icon.png\" alt=\"\" class=\"wp-image-176\" width=\"16\" height=\"16\" srcset=\"https:\/\/jundiai.sp.gov.br\/previdencia-servidores\/wp-content\/uploads\/sites\/67\/2021\/10\/1398911_correct_mark_success_tick_valid_icon.png 128w, https:\/\/jundiai.sp.gov.br\/previdencia-servidores\/wp-content\/uploads\/sites\/67\/2021\/10\/1398911_correct_mark_success_tick_valid_icon-100x100.png 100w\" sizes=\"auto, (max-width: 16px) 100vw, 16px\" \/><\/figure><\/div>\n\n\n\n<p>9. Minutas de Emenda \u00e0 Lei Org\u00e2nica de Jundia\u00ed e de Projeto de Lei Complementar para a reforma do plano de benef\u00edcios do Regime Pr\u00f3prio de Previd\u00eancia Social &#8211; RPPS do munic\u00edpio de Jundia\u00ed;<\/p>\n\n\n\n<p><a href=\"https:\/\/jundiai.sp.gov.br\/previdencia-servidores\/wp-content\/uploads\/sites\/67\/2021\/11\/projeto-de-lei-complementar-no-rpps.pdf\" target=\"_blank\" rel=\"noreferrer noopener\">Projeto de Lei Complementar<\/a><\/p>\n\n\n\n<p><a rel=\"noreferrer noopener\" href=\"https:\/\/jundiai.sp.gov.br\/previdencia-servidores\/wp-content\/uploads\/sites\/67\/2021\/11\/proposta-de-emenda-_-lei-org_nica-de-jundia_-rpps-1.pdf\" target=\"_blank\">Proposta de Emenda \u00e0 Lei Org\u00e2nica de Jundia\u00ed<\/a><\/p>\n\n\n\n<div class=\"wp-block-image\"><figure class=\"alignleft size-full is-resized\"><img loading=\"lazy\" decoding=\"async\" src=\"https:\/\/jundiai.sp.gov.br\/previdencia-servidores\/wp-content\/uploads\/sites\/67\/2021\/10\/1398911_correct_mark_success_tick_valid_icon.png\" alt=\"\" class=\"wp-image-176\" width=\"16\" height=\"16\" srcset=\"https:\/\/jundiai.sp.gov.br\/previdencia-servidores\/wp-content\/uploads\/sites\/67\/2021\/10\/1398911_correct_mark_success_tick_valid_icon.png 128w, https:\/\/jundiai.sp.gov.br\/previdencia-servidores\/wp-content\/uploads\/sites\/67\/2021\/10\/1398911_correct_mark_success_tick_valid_icon-100x100.png 100w\" sizes=\"auto, (max-width: 16px) 100vw, 16px\" \/><\/figure><\/div>\n\n\n\n<p>10. Encaminhamento da minuta do Projeto de Lei ao Legislativo Municipal.<\/p>\n\n\n\n<p><a rel=\"noreferrer noopener\" href=\"http:\/\/jundiai.sp.gov.br\/previdencia-servidores\/wp-content\/uploads\/sites\/67\/2021\/11\/plc-10922021-_-projeto-de-lei-complementar.pdf\" target=\"_blank\">Projeto de Lei Complementar n\u00ba 1.092<\/a><\/p>\n\n\n\n<p><a href=\"https:\/\/jundiai.sp.gov.br\/previdencia-servidores\/wp-content\/uploads\/sites\/67\/2022\/05\/lei-complementar-611-de-08-de-dezembro-de-2021.pdf\" data-type=\"URL\" data-id=\"https:\/\/jundiai.sp.gov.br\/previdencia-servidores\/wp-content\/uploads\/sites\/67\/2022\/05\/lei-complementar-611-de-08-de-dezembro-de-2021.pdf\" target=\"_blank\" rel=\"noreferrer noopener\">Lei Complementear n\u00b0 611 &#8211; 08 de dezembro de 2021 <\/a><\/p>\n","protected":false},"excerpt":{"rendered":"<p>1. Conhecer o Regime Pr\u00f3prio de Previd\u00eancia Social \u2013 RPPS de Jundia\u00ed \u2013 Contexto e situa\u00e7\u00e3o atual do Instituto de Previd\u00eancia do Munic\u00edpio de Jundia\u00ed &#8211; IPREJUN; 2. Estudo da legisla\u00e7\u00e3o e normativas locais, especialmente a Lei Org\u00e2nica Municipal, o Estatuto dos Servidores e a Lei do Regime Pr\u00f3prio, identificando as propostas de adequa\u00e7\u00e3o dos [&hellip;]<\/p>\n","protected":false},"author":8,"featured_media":60,"parent":14,"menu_order":3,"comment_status":"closed","ping_status":"closed","template":"","meta":{"footnotes":""},"class_list":["post-277","page","type-page","status-publish","has-post-thumbnail","hentry"],"_links":{"self":[{"href":"https:\/\/jundiai.sp.gov.br\/previdencia-servidores\/wp-json\/wp\/v2\/pages\/277","targetHints":{"allow":["GET"]}}],"collection":[{"href":"https:\/\/jundiai.sp.gov.br\/previdencia-servidores\/wp-json\/wp\/v2\/pages"}],"about":[{"href":"https:\/\/jundiai.sp.gov.br\/previdencia-servidores\/wp-json\/wp\/v2\/types\/page"}],"author":[{"embeddable":true,"href":"https:\/\/jundiai.sp.gov.br\/previdencia-servidores\/wp-json\/wp\/v2\/users\/8"}],"replies":[{"embeddable":true,"href":"https:\/\/jundiai.sp.gov.br\/previdencia-servidores\/wp-json\/wp\/v2\/comments?post=277"}],"version-history":[{"count":15,"href":"https:\/\/jundiai.sp.gov.br\/previdencia-servidores\/wp-json\/wp\/v2\/pages\/277\/revisions"}],"predecessor-version":[{"id":421,"href":"https:\/\/jundiai.sp.gov.br\/previdencia-servidores\/wp-json\/wp\/v2\/pages\/277\/revisions\/421"}],"up":[{"embeddable":true,"href":"https:\/\/jundiai.sp.gov.br\/previdencia-servidores\/wp-json\/wp\/v2\/pages\/14"}],"wp:featuredmedia":[{"embeddable":true,"href":"https:\/\/jundiai.sp.gov.br\/previdencia-servidores\/wp-json\/wp\/v2\/media\/60"}],"wp:attachment":[{"href":"https:\/\/jundiai.sp.gov.br\/previdencia-servidores\/wp-json\/wp\/v2\/media?parent=277"}],"curies":[{"name":"wp","href":"https:\/\/api.w.org\/{rel}","templated":true}]}}