{"id":279,"date":"2021-10-21T17:44:48","date_gmt":"2021-10-21T20:44:48","guid":{"rendered":"https:\/\/jundiai.sp.gov.br\/previdencia-servidores\/?page_id=279"},"modified":"2021-11-05T09:54:14","modified_gmt":"2021-11-05T12:54:14","slug":"reunioes-de-trabalho","status":"publish","type":"page","link":"https:\/\/jundiai.sp.gov.br\/previdencia-servidores\/regime-proprio-de-previdencia-social\/reunioes-de-trabalho\/","title":{"rendered":"Reuni\u00f5es de Trabalho"},"content":{"rendered":"\n<p><strong>Reuni\u00e3o com aposentados e pensionistas realizada em 28\/10\/2021<\/strong><br><br><a rel=\"noreferrer noopener\" href=\"https:\/\/jundiai.sp.gov.br\/previdencia-servidores\/wp-content\/uploads\/sites\/67\/2021\/11\/reuniao-com-aposentados-281021-iprejun.pdf\" data-type=\"URL\" data-id=\"https:\/\/jundiai.sp.gov.br\/previdencia-servidores\/wp-content\/uploads\/sites\/67\/2021\/11\/reuniao-com-aposentados-281021-iprejun.pdf\" target=\"_blank\">Lista de Presen\u00e7a<\/a><\/p>\n\n\n\n<div style=\"height:20px\" aria-hidden=\"true\" class=\"wp-block-spacer\"><\/div>\n\n\n\n<p><strong>Reuni\u00e3o realizada em 27\/10\/2021<\/strong><\/p>\n\n\n\n<p><a href=\"https:\/\/jundiai.sp.gov.br\/previdencia-servidores\/wp-content\/uploads\/sites\/67\/2021\/11\/2_-minuta-abcprev-_-proposta-de-emenda-_-lei-org_nica-_1_-docx.pdf\" target=\"_blank\" rel=\"noreferrer noopener\">2\u00aa MINUTA ABCPREV &#8211; Proposta de Emenda \u00e0 Lei Org\u00e2nica<\/a><\/p>\n\n\n\n<p><a href=\"https:\/\/jundiai.sp.gov.br\/previdencia-servidores\/wp-content\/uploads\/sites\/67\/2021\/11\/minuta-rpps-docx.pdf\" target=\"_blank\" rel=\"noreferrer noopener\">6\u00aa MINUTA ABCPREV &#8211; Projeto de Lei Complementar &#8211; EC 103<\/a><\/p>\n\n\n\n<p><a href=\"https:\/\/jundiai.sp.gov.br\/previdencia-servidores\/wp-content\/uploads\/sites\/67\/2021\/10\/rpps-27-10-2021.pdf\" target=\"_blank\" rel=\"noreferrer noopener\">Lista de Presen\u00e7a<\/a><\/p>\n\n\n\n<div style=\"height:20px\" aria-hidden=\"true\" class=\"wp-block-spacer\"><\/div>\n\n\n\n<p><strong>Comiss\u00e3o Avulsa de Servidores que solicitaram audi\u00eancia em 18\/10\/2021<\/strong><\/p>\n\n\n\n<p><a rel=\"noreferrer noopener\" href=\"https:\/\/jundiai.sp.gov.br\/previdencia-servidores\/wp-content\/uploads\/sites\/67\/2021\/10\/comiss_o-avulsa-de-servidores-1810.pdf\" target=\"_blank\">Lista de Presen\u00e7a<\/a><\/p>\n\n\n\n<div style=\"height:20px\" aria-hidden=\"true\" class=\"wp-block-spacer\"><\/div>\n\n\n\n<p><strong>Reuni\u00e3o realizada em 14\/10\/2021 com a presen\u00e7a dos seguintes vereadores:<\/strong><\/p>\n\n\n\n<p>Adilson Roberto Pereira Junior PP<br>Adriano Santana dos Santos PL<br>Antonio Carlos Albino PL<br>C\u00edcero Camargo da Silva PL<br>Daniel Lemos Dias Pereira DEM<br>Douglas do Nascimento Medeiros PSDB (Representado por seu assessor)<br>Edicarlos Vieira PP<br>Faouaz Taha PSDB<br>Jos\u00e9 Ant\u00f4nio Kachan J\u00fanior DEM<br>Leandro Palmarini PL<br>Madson Henrique do Nascimento Santos PSC<br>Marcelo Roberto Gastaldo  PTB<br>Paulo Sergio Martins PSDB<br>Qu\u00e9zia Doane de Lucca PL<br>Rog\u00e9rio Ricardo da Silva DEM<br>Romildo Antonio da Silva PL<\/p>\n\n\n\n<div style=\"height:20px\" aria-hidden=\"true\" class=\"wp-block-spacer\"><\/div>\n\n\n\n<p><strong>Reuni\u00e3o realizada em 07\/10\/2021<\/strong><\/p>\n\n\n\n<p><a href=\"https:\/\/jundiai.sp.gov.br\/previdencia-servidores\/wp-content\/uploads\/sites\/67\/2021\/10\/iprejun_reuni_o-defini__es-do-gt.pdf\">O RPPS de Jundia\u00ed &#8211; Cen\u00e1rios de implementa\u00e7\u00e3o da EC n\u00ba 103\/2019<\/a><\/p>\n\n\n\n<p><a rel=\"noreferrer noopener\" href=\"https:\/\/jundiai.sp.gov.br\/previdencia-servidores\/wp-content\/uploads\/sites\/67\/2021\/10\/estimativa-de-impac-or_-imp-cont-da-reforma-v2_2-_1_.pdf\" target=\"_blank\">Impactos Or\u00e7ament\u00e1rios da Reforma Previdenci\u00e1ria<\/a><\/p>\n\n\n\n<p><a rel=\"noreferrer noopener\" href=\"https:\/\/jundiai.sp.gov.br\/previdencia-servidores\/wp-content\/uploads\/sites\/67\/2021\/10\/parecer_atuarial_2021_10_02_lumens_iprejun_rev001-_2_.pdf\" target=\"_blank\">Simula\u00e7\u00f5es t\u00e9cnicas atuariais e financeiaos realizadas pela Lumens Atuarial para o Iprejun<\/a><\/p>\n\n\n\n<p><a href=\"https:\/\/jundiai.sp.gov.br\/previdencia-servidores\/wp-content\/uploads\/sites\/67\/2021\/10\/07102021.pdf\" target=\"_blank\" rel=\"noreferrer noopener\">Lista de Presen\u00e7a<\/a><\/p>\n\n\n\n<div style=\"height:20px\" aria-hidden=\"true\" class=\"wp-block-spacer\"><\/div>\n\n\n\n<p><strong>Reuni\u00e3o realizada em 17\/09\/2021<\/strong><\/p>\n\n\n\n<p><a rel=\"noreferrer noopener\" href=\"https:\/\/jundiai.sp.gov.br\/previdencia-servidores\/wp-content\/uploads\/sites\/67\/2021\/09\/principais-pontos-da-ref_-da-previd_-_-reflexos-e_c-1032019-docx.pdf\" target=\"_blank\">Principais Pontos da Reforma da Previd\u00eancia &#8211; Reflexos da EC n\u00ba 103\/2019<\/a><\/p>\n\n\n\n<p><a href=\"https:\/\/jundiai.sp.gov.br\/previdencia-servidores\/wp-content\/uploads\/sites\/67\/2021\/10\/17092021.pdf\" target=\"_blank\" rel=\"noreferrer noopener\">Lista de Presen\u00e7a<\/a><\/p>\n\n\n\n<div style=\"height:20px\" aria-hidden=\"true\" class=\"wp-block-spacer\"><\/div>\n\n\n\n<p><strong>Reuni\u00e3o realizada em 13\/09\/2021<\/strong><\/p>\n\n\n\n<p><a rel=\"noreferrer noopener\" href=\"https:\/\/jundiai.sp.gov.br\/previdencia-servidores\/wp-content\/uploads\/sites\/67\/2021\/09\/2021-set-13-_-rpps-_1_.pdf\" target=\"_blank\">Delineamento do processo de reforma do RPPS e discuss\u00e3o sobre os aspectos da EC n\u00b0 103\/2019<\/a><\/p>\n\n\n\n<p><a href=\"https:\/\/jundiai.sp.gov.br\/previdencia-servidores\/wp-content\/uploads\/sites\/67\/2021\/10\/13092021.pdf\" target=\"_blank\" rel=\"noreferrer noopener\">Lista de Presen\u00e7a<\/a><\/p>\n\n\n\n<div style=\"height:20px\" aria-hidden=\"true\" class=\"wp-block-spacer\"><\/div>\n\n\n\n<p><strong>Reuni\u00e3o realizada em 10\/09\/2021<\/strong><\/p>\n\n\n\n<p><a rel=\"noreferrer noopener\" href=\"https:\/\/jundiai.sp.gov.br\/previdencia-servidores\/wp-content\/uploads\/sites\/67\/2021\/09\/2021-set-10-treinamento-aos-gestores-de-jundia_-_-rpps.pdf\" target=\"_blank\">Gest\u00e3o da Previd\u00eancia dos Servidores<\/a><\/p>\n\n\n\n<p><a rel=\"noreferrer noopener\" href=\"https:\/\/jundiai.sp.gov.br\/previdencia-servidores\/wp-content\/uploads\/sites\/67\/2021\/09\/iprejun_reuni_o-inicial-do-gt.pdf\" target=\"_blank\">O RPPS de Jundia\u00ed &#8211; Contexto e Situa\u00e7\u00e3o Atual<\/a><\/p>\n\n\n\n<p><a rel=\"noreferrer noopener\" href=\"https:\/\/jundiai.sp.gov.br\/previdencia-servidores\/wp-content\/uploads\/sites\/67\/2021\/10\/10092021.pdf\" target=\"_blank\">Lista de Presen\u00e7a<\/a><\/p>\n","protected":false},"excerpt":{"rendered":"<p>Reuni\u00e3o com aposentados e pensionistas realizada em 28\/10\/2021 Lista de Presen\u00e7a Reuni\u00e3o realizada em 27\/10\/2021 2\u00aa MINUTA ABCPREV &#8211; Proposta de Emenda \u00e0 Lei Org\u00e2nica 6\u00aa MINUTA ABCPREV &#8211; Projeto de Lei Complementar &#8211; EC 103 Lista de Presen\u00e7a Comiss\u00e3o Avulsa de Servidores que solicitaram audi\u00eancia em 18\/10\/2021 Lista de Presen\u00e7a Reuni\u00e3o realizada em 14\/10\/2021 [&hellip;]<\/p>\n","protected":false},"author":8,"featured_media":60,"parent":14,"menu_order":4,"comment_status":"closed","ping_status":"closed","template":"","meta":{"footnotes":""},"class_list":["post-279","page","type-page","status-publish","has-post-thumbnail","hentry"],"_links":{"self":[{"href":"https:\/\/jundiai.sp.gov.br\/previdencia-servidores\/wp-json\/wp\/v2\/pages\/279","targetHints":{"allow":["GET"]}}],"collection":[{"href":"https:\/\/jundiai.sp.gov.br\/previdencia-servidores\/wp-json\/wp\/v2\/pages"}],"about":[{"href":"https:\/\/jundiai.sp.gov.br\/previdencia-servidores\/wp-json\/wp\/v2\/types\/page"}],"author":[{"embeddable":true,"href":"https:\/\/jundiai.sp.gov.br\/previdencia-servidores\/wp-json\/wp\/v2\/users\/8"}],"replies":[{"embeddable":true,"href":"https:\/\/jundiai.sp.gov.br\/previdencia-servidores\/wp-json\/wp\/v2\/comments?post=279"}],"version-history":[{"count":10,"href":"https:\/\/jundiai.sp.gov.br\/previdencia-servidores\/wp-json\/wp\/v2\/pages\/279\/revisions"}],"predecessor-version":[{"id":329,"href":"https:\/\/jundiai.sp.gov.br\/previdencia-servidores\/wp-json\/wp\/v2\/pages\/279\/revisions\/329"}],"up":[{"embeddable":true,"href":"https:\/\/jundiai.sp.gov.br\/previdencia-servidores\/wp-json\/wp\/v2\/pages\/14"}],"wp:featuredmedia":[{"embeddable":true,"href":"https:\/\/jundiai.sp.gov.br\/previdencia-servidores\/wp-json\/wp\/v2\/media\/60"}],"wp:attachment":[{"href":"https:\/\/jundiai.sp.gov.br\/previdencia-servidores\/wp-json\/wp\/v2\/media?parent=279"}],"curies":[{"name":"wp","href":"https:\/\/api.w.org\/{rel}","templated":true}]}}