{"id":346,"date":"2021-11-09T10:23:55","date_gmt":"2021-11-09T13:23:55","guid":{"rendered":"https:\/\/jundiai.sp.gov.br\/previdencia-servidores\/?page_id=346"},"modified":"2021-11-09T10:41:46","modified_gmt":"2021-11-09T13:41:46","slug":"quais-serao-as-novas-regras-para-aposentadoria","status":"publish","type":"page","link":"https:\/\/jundiai.sp.gov.br\/previdencia-servidores\/regime-proprio-de-previdencia-social\/perguntas-e-respostas\/quais-serao-as-novas-regras-para-aposentadoria\/","title":{"rendered":"Quais ser\u00e3o as novas regras para aposentadoria ap\u00f3s a implementa\u00e7\u00e3o da reforma da previd\u00eancia no munic\u00edpio de Jundia\u00ed?"},"content":{"rendered":"\n<p>A proposta de reforma da previd\u00eancia no munic\u00edpio de Jundia\u00ed segue basicamente as regras de elegibilidade trazidas pela Emenda Constitucional 103\/2019, que s\u00e3o:<\/p>\n\n\n\n<p><strong>Idades M\u00ednimas para aposentadoria:<\/strong><\/p>\n\n\n\n<p>62 (sessenta e dois) anos para mulher, 65 (sessenta e cinco) anos para o homem.<\/p>\n\n\n\n<p>Redu\u00e7\u00e3o de idade m\u00ednima para os ocupantes de cargo de professor: 57 (cinquenta e sete) anos de idade para mulher, 60 (sessenta) anos de idade para homem.<\/p>\n\n\n\n<p><strong>Tempo M\u00ednimo de contribui\u00e7\u00e3o para a aposentadoria:<\/strong><\/p>\n\n\n\n<p>25 (vinte e cinco) anos de contribui\u00e7\u00e3o;<\/p>\n\n\n\n<p>10 (dez) anos de efetivo exerc\u00edcio no servi\u00e7o p\u00fablico;<\/p>\n\n\n\n<p>05 (cinco) anos no cargo efetivo em que for concedida a aposentadoria<\/p>\n","protected":false},"excerpt":{"rendered":"<p>A proposta de reforma da previd\u00eancia no munic\u00edpio de Jundia\u00ed segue basicamente as regras de elegibilidade trazidas pela Emenda Constitucional 103\/2019, que s\u00e3o: Idades M\u00ednimas para aposentadoria: 62 (sessenta e dois) anos para mulher, 65 (sessenta e cinco) anos para o homem. Redu\u00e7\u00e3o de idade m\u00ednima para os ocupantes de cargo de professor: 57 (cinquenta [&hellip;]<\/p>\n","protected":false},"author":8,"featured_media":0,"parent":340,"menu_order":2,"comment_status":"closed","ping_status":"closed","template":"","meta":{"footnotes":""},"class_list":["post-346","page","type-page","status-publish","hentry"],"_links":{"self":[{"href":"https:\/\/jundiai.sp.gov.br\/previdencia-servidores\/wp-json\/wp\/v2\/pages\/346","targetHints":{"allow":["GET"]}}],"collection":[{"href":"https:\/\/jundiai.sp.gov.br\/previdencia-servidores\/wp-json\/wp\/v2\/pages"}],"about":[{"href":"https:\/\/jundiai.sp.gov.br\/previdencia-servidores\/wp-json\/wp\/v2\/types\/page"}],"author":[{"embeddable":true,"href":"https:\/\/jundiai.sp.gov.br\/previdencia-servidores\/wp-json\/wp\/v2\/users\/8"}],"replies":[{"embeddable":true,"href":"https:\/\/jundiai.sp.gov.br\/previdencia-servidores\/wp-json\/wp\/v2\/comments?post=346"}],"version-history":[{"count":1,"href":"https:\/\/jundiai.sp.gov.br\/previdencia-servidores\/wp-json\/wp\/v2\/pages\/346\/revisions"}],"predecessor-version":[{"id":347,"href":"https:\/\/jundiai.sp.gov.br\/previdencia-servidores\/wp-json\/wp\/v2\/pages\/346\/revisions\/347"}],"up":[{"embeddable":true,"href":"https:\/\/jundiai.sp.gov.br\/previdencia-servidores\/wp-json\/wp\/v2\/pages\/340"}],"wp:attachment":[{"href":"https:\/\/jundiai.sp.gov.br\/previdencia-servidores\/wp-json\/wp\/v2\/media?parent=346"}],"curies":[{"name":"wp","href":"https:\/\/api.w.org\/{rel}","templated":true}]}}