{"id":355,"date":"2021-11-09T10:34:40","date_gmt":"2021-11-09T13:34:40","guid":{"rendered":"https:\/\/jundiai.sp.gov.br\/previdencia-servidores\/?page_id=355"},"modified":"2021-11-09T10:43:44","modified_gmt":"2021-11-09T13:43:44","slug":"como-e-realizado-o-calculo-da-media","status":"publish","type":"page","link":"https:\/\/jundiai.sp.gov.br\/previdencia-servidores\/regime-proprio-de-previdencia-social\/perguntas-e-respostas\/como-e-realizado-o-calculo-da-media\/","title":{"rendered":"Como \u00e9 realizado o c\u00e1lculo da m\u00e9dia atualmente, e porque a m\u00e9dia ir\u00e1 cair tanto ap\u00f3s a reforma?"},"content":{"rendered":"\n<p><strong>Atualmente<\/strong>, o servidor que se aposenta pela m\u00e9dia, tem seu benef\u00edcio calculado da seguinte forma:<\/p>\n\n\n\n<p>&#8211; Todos os sal\u00e1rios de contribui\u00e7\u00e3o, a partir de julho de 1994, s\u00e3o atualizados por um fator de corre\u00e7\u00e3o previdenci\u00e1ria \u2013 o mesmo usado pelo INSS<\/p>\n\n\n\n<p>&#8211; De todos esses sal\u00e1rios, 20% dos sal\u00e1rios mais baixos s\u00e3o descartados.&nbsp;<\/p>\n\n\n\n<p>&#8211; Para os 80% dos sal\u00e1rios restantes (que s\u00e3o os maiores), o IPREJUN calcula a m\u00e9dia aritm\u00e9tica, e o servidor ter\u00e1 direito a 100% dessa m\u00e9dia.<\/p>\n\n\n\n<p><strong>Como ficar\u00e1 ap\u00f3s a reforma:<\/strong><\/p>\n\n\n\n<p>&#8211; Todos os sal\u00e1rios de contribui\u00e7\u00e3o a partir de julho de 1994, s\u00e3o atualizados por um fator de corre\u00e7\u00e3o previdenci\u00e1ria \u2013 o mesmo usado pelo INSS<\/p>\n\n\n\n<p>&#8211; O IPREJUN ir\u00e1 calcular a m\u00e9dia aritm\u00e9tica de todos os sal\u00e1rios.<\/p>\n\n\n\n<p>&#8211; O servidor com 20 anos de contribui\u00e7\u00e3o, ter\u00e1 direito a 60% dessa m\u00e9dia. Para cada ano trabalhado, \u00e9 somado 2% nessa m\u00e9dia. Ou seja, se o servidor trabalhar 30 anos, ele ter\u00e1 direito a 80% dessa m\u00e9dia. E para ter direito a 100% da m\u00e9dia, ser\u00e3o necess\u00e1rios 40 anos de contribui\u00e7\u00e3o.<\/p>\n","protected":false},"excerpt":{"rendered":"<p>Atualmente, o servidor que se aposenta pela m\u00e9dia, tem seu benef\u00edcio calculado da seguinte forma: &#8211; Todos os sal\u00e1rios de contribui\u00e7\u00e3o, a partir de julho de 1994, s\u00e3o atualizados por um fator de corre\u00e7\u00e3o previdenci\u00e1ria \u2013 o mesmo usado pelo INSS &#8211; De todos esses sal\u00e1rios, 20% dos sal\u00e1rios mais baixos s\u00e3o descartados.&nbsp; &#8211; Para [&hellip;]<\/p>\n","protected":false},"author":8,"featured_media":0,"parent":340,"menu_order":5,"comment_status":"closed","ping_status":"closed","template":"","meta":{"footnotes":""},"class_list":["post-355","page","type-page","status-publish","hentry"],"_links":{"self":[{"href":"https:\/\/jundiai.sp.gov.br\/previdencia-servidores\/wp-json\/wp\/v2\/pages\/355","targetHints":{"allow":["GET"]}}],"collection":[{"href":"https:\/\/jundiai.sp.gov.br\/previdencia-servidores\/wp-json\/wp\/v2\/pages"}],"about":[{"href":"https:\/\/jundiai.sp.gov.br\/previdencia-servidores\/wp-json\/wp\/v2\/types\/page"}],"author":[{"embeddable":true,"href":"https:\/\/jundiai.sp.gov.br\/previdencia-servidores\/wp-json\/wp\/v2\/users\/8"}],"replies":[{"embeddable":true,"href":"https:\/\/jundiai.sp.gov.br\/previdencia-servidores\/wp-json\/wp\/v2\/comments?post=355"}],"version-history":[{"count":1,"href":"https:\/\/jundiai.sp.gov.br\/previdencia-servidores\/wp-json\/wp\/v2\/pages\/355\/revisions"}],"predecessor-version":[{"id":356,"href":"https:\/\/jundiai.sp.gov.br\/previdencia-servidores\/wp-json\/wp\/v2\/pages\/355\/revisions\/356"}],"up":[{"embeddable":true,"href":"https:\/\/jundiai.sp.gov.br\/previdencia-servidores\/wp-json\/wp\/v2\/pages\/340"}],"wp:attachment":[{"href":"https:\/\/jundiai.sp.gov.br\/previdencia-servidores\/wp-json\/wp\/v2\/media?parent=355"}],"curies":[{"name":"wp","href":"https:\/\/api.w.org\/{rel}","templated":true}]}}