{"id":361,"date":"2021-11-09T10:37:20","date_gmt":"2021-11-09T13:37:20","guid":{"rendered":"https:\/\/jundiai.sp.gov.br\/previdencia-servidores\/?page_id=361"},"modified":"2021-11-09T10:44:06","modified_gmt":"2021-11-09T13:44:06","slug":"o-que-e-e-quais-sao-as-regras-para-a-aposentadoria-especial","status":"publish","type":"page","link":"https:\/\/jundiai.sp.gov.br\/previdencia-servidores\/regime-proprio-de-previdencia-social\/perguntas-e-respostas\/o-que-e-e-quais-sao-as-regras-para-a-aposentadoria-especial\/","title":{"rendered":"O que \u00e9 e quais s\u00e3o as regras para a aposentadoria especial? Quem recebe adicional de insalubridade ter\u00e1 direito \u00e0 aposentadoria especial?"},"content":{"rendered":"\n<p>A aposentadoria especial \u00e9 um tipo de benef\u00edcio que pode ser concedido ao servidor p\u00fablico municipal, ocupante de cargo efetivo, cujas atividades sejam exercidas com efetiva exposi\u00e7\u00e3o a agentes qu\u00edmicos, f\u00edsicos e biol\u00f3gicos prejudiciais \u00e0 sa\u00fade, ou a associa\u00e7\u00e3o desses agentes.<\/p>\n\n\n\n<p>N\u00e3o \u00e9 concedida vinculada \u00e0 uma categoria profissional ou ocupa\u00e7\u00e3o, e sim individualmente, mediante an\u00e1lise da Unidade de Sa\u00fade e Medicina Ocupacional.<\/p>\n\n\n\n<p>Para ter direito a esse benef\u00edcio, o servidor deve ter:<\/p>\n\n\n\n<p>I &#8211; 60 (sessenta) anos de idade;<\/p>\n\n\n\n<p>II &#8211; 25 (vinte e cinco) anos de efetiva exposi\u00e7\u00e3o e contribui\u00e7\u00e3o;<\/p>\n\n\n\n<p>III &#8211; 10 (dez) anos de efetivo exerc\u00edcio no servi\u00e7o p\u00fablico; e&nbsp;<\/p>\n\n\n\n<p>IV &#8211; 5 (cinco) anos no cargo efetivo em que for concedida a aposentadoria.<\/p>\n\n\n\n<p>N\u00e3o pode ser considerado prova do exerc\u00edcio da atividade especial a apresenta\u00e7\u00e3o apenas de testemunhas, e nem o recebimento do adicional de insalubridade ou periculosidade, em qualquer grau.<\/p>\n","protected":false},"excerpt":{"rendered":"<p>A aposentadoria especial \u00e9 um tipo de benef\u00edcio que pode ser concedido ao servidor p\u00fablico municipal, ocupante de cargo efetivo, cujas atividades sejam exercidas com efetiva exposi\u00e7\u00e3o a agentes qu\u00edmicos, f\u00edsicos e biol\u00f3gicos prejudiciais \u00e0 sa\u00fade, ou a associa\u00e7\u00e3o desses agentes. N\u00e3o \u00e9 concedida vinculada \u00e0 uma categoria profissional ou ocupa\u00e7\u00e3o, e sim individualmente, mediante [&hellip;]<\/p>\n","protected":false},"author":8,"featured_media":0,"parent":340,"menu_order":8,"comment_status":"closed","ping_status":"closed","template":"","meta":{"footnotes":""},"class_list":["post-361","page","type-page","status-publish","hentry"],"_links":{"self":[{"href":"https:\/\/jundiai.sp.gov.br\/previdencia-servidores\/wp-json\/wp\/v2\/pages\/361","targetHints":{"allow":["GET"]}}],"collection":[{"href":"https:\/\/jundiai.sp.gov.br\/previdencia-servidores\/wp-json\/wp\/v2\/pages"}],"about":[{"href":"https:\/\/jundiai.sp.gov.br\/previdencia-servidores\/wp-json\/wp\/v2\/types\/page"}],"author":[{"embeddable":true,"href":"https:\/\/jundiai.sp.gov.br\/previdencia-servidores\/wp-json\/wp\/v2\/users\/8"}],"replies":[{"embeddable":true,"href":"https:\/\/jundiai.sp.gov.br\/previdencia-servidores\/wp-json\/wp\/v2\/comments?post=361"}],"version-history":[{"count":1,"href":"https:\/\/jundiai.sp.gov.br\/previdencia-servidores\/wp-json\/wp\/v2\/pages\/361\/revisions"}],"predecessor-version":[{"id":362,"href":"https:\/\/jundiai.sp.gov.br\/previdencia-servidores\/wp-json\/wp\/v2\/pages\/361\/revisions\/362"}],"up":[{"embeddable":true,"href":"https:\/\/jundiai.sp.gov.br\/previdencia-servidores\/wp-json\/wp\/v2\/pages\/340"}],"wp:attachment":[{"href":"https:\/\/jundiai.sp.gov.br\/previdencia-servidores\/wp-json\/wp\/v2\/media?parent=361"}],"curies":[{"name":"wp","href":"https:\/\/api.w.org\/{rel}","templated":true}]}}