{"id":19,"date":"2014-09-10T16:19:14","date_gmt":"2014-09-10T19:19:14","guid":{"rendered":"https:\/\/jundiai.sp.gov.br\/procon\/?page_id=19"},"modified":"2014-09-10T16:19:14","modified_gmt":"2014-09-10T19:19:14","slug":"como-fazer-valer-seu-direito","status":"publish","type":"page","link":"https:\/\/jundiai.sp.gov.br\/procon\/como-fazer-valer-seu-direito\/","title":{"rendered":"Como fazer valer seu direito"},"content":{"rendered":"<p>O Procon recomenda aos consumidores que exijam dos fornecedores e prestadores de servi\u00e7os \u00e0s respectivas notas e cupons fiscais, que s\u00e3o de fundamental import\u00e2ncia para garantia dos direitos.<\/p>\n<p>Para formalizar as reclama\u00e7\u00f5es \u00e9 necess\u00e1rio apresenta\u00e7\u00e3o de c\u00f3pia dos seguintes documentos: RG, CPF, Nota ou cupom fiscal e de contrato em geral (quando houver).<\/p>\n","protected":false},"excerpt":{"rendered":"<p>O Procon recomenda aos consumidores que exijam dos fornecedores e prestadores de servi\u00e7os \u00e0s respectivas notas e cupons fiscais, que s\u00e3o de fundamental import\u00e2ncia para garantia dos direitos. Para formalizar as reclama\u00e7\u00f5es \u00e9 necess\u00e1rio apresenta\u00e7\u00e3o de c\u00f3pia dos seguintes documentos: RG, CPF, Nota ou cupom fiscal e de contrato em geral (quando houver).<\/p>\n","protected":false},"author":11,"featured_media":0,"parent":0,"menu_order":0,"comment_status":"closed","ping_status":"closed","template":"","meta":{"footnotes":""},"class_list":["post-19","page","type-page","status-publish","hentry"],"_links":{"self":[{"href":"https:\/\/jundiai.sp.gov.br\/procon\/wp-json\/wp\/v2\/pages\/19","targetHints":{"allow":["GET"]}}],"collection":[{"href":"https:\/\/jundiai.sp.gov.br\/procon\/wp-json\/wp\/v2\/pages"}],"about":[{"href":"https:\/\/jundiai.sp.gov.br\/procon\/wp-json\/wp\/v2\/types\/page"}],"author":[{"embeddable":true,"href":"https:\/\/jundiai.sp.gov.br\/procon\/wp-json\/wp\/v2\/users\/11"}],"replies":[{"embeddable":true,"href":"https:\/\/jundiai.sp.gov.br\/procon\/wp-json\/wp\/v2\/comments?post=19"}],"version-history":[{"count":1,"href":"https:\/\/jundiai.sp.gov.br\/procon\/wp-json\/wp\/v2\/pages\/19\/revisions"}],"predecessor-version":[{"id":20,"href":"https:\/\/jundiai.sp.gov.br\/procon\/wp-json\/wp\/v2\/pages\/19\/revisions\/20"}],"wp:attachment":[{"href":"https:\/\/jundiai.sp.gov.br\/procon\/wp-json\/wp\/v2\/media?parent=19"}],"curies":[{"name":"wp","href":"https:\/\/api.w.org\/{rel}","templated":true}]}}