{"id":23,"date":"2014-09-10T16:20:17","date_gmt":"2014-09-10T19:20:17","guid":{"rendered":"https:\/\/jundiai.sp.gov.br\/procon\/?page_id=23"},"modified":"2021-03-31T08:21:30","modified_gmt":"2021-03-31T11:21:30","slug":"pesquisas","status":"publish","type":"page","link":"https:\/\/jundiai.sp.gov.br\/procon\/pesquisas\/","title":{"rendered":"Pesquisas"},"content":{"rendered":"<p><strong>Pesquisa comparativa de pre\u00e7os de P\u00e1scoa<br \/>\n<\/strong><a href=\"https:\/\/jundiai.sp.gov.br\/procon\/wp-content\/uploads\/sites\/24\/2021\/03\/relat_pascoa-2021.pdf\">2021<\/a><\/p>\n<p><strong>Pesquisa comparativa de pre\u00e7os de material escolar<br \/>\n<\/strong><a href=\"https:\/\/jundiai.sp.gov.br\/procon\/wp-content\/uploads\/sites\/24\/2020\/01\/pesquisa-material-escolar-2020-jundiai.pdf\">2020<\/a><\/p>\n<p><strong>Pesquisa Comparativa de Pre\u00e7os de Produtos de Ceia de Natal<\/strong><br \/>\n<a href=\"https:\/\/jundiai.sp.gov.br\/procon\/wp-content\/uploads\/sites\/24\/2019\/12\/pesquisa-jundiai-relatorio-ceia-2019-1-1.pdf\">2019<\/a><\/p>\n<p><strong>Pesquisa comparativa de pre\u00e7o de brinquedos<br \/>\n<\/strong><a href=\"https:\/\/jundiai.sp.gov.br\/procon\/wp-content\/uploads\/sites\/24\/2018\/10\/jundiai-brinquedos-2018.pdf\" target=\"_blank\" rel=\"noopener noreferrer\"> 2018<\/a><\/p>\n<p><strong>Pesquisa comparativa de pre\u00e7os de material escolar<\/strong><br \/>\n<a href=\"https:\/\/jundiai.sp.gov.br\/procon\/wp-content\/uploads\/sites\/24\/2017\/08\/material_escolar_jundiai_2017-2.pdf\" target=\"_blank\" rel=\"noopener noreferrer\">2017<\/a><\/p>\n<p><strong>Pesquisa comparativa de pre\u00e7os de P\u00e1scoa<\/strong><br \/>\n<a href=\"https:\/\/jundiai.sp.gov.br\/procon\/wp-content\/uploads\/sites\/24\/2017\/08\/pesquisa_pascoa_2017_jundiai-1.pdf\" target=\"_blank\" rel=\"noopener noreferrer\">2017<\/a><\/p>\n<p><strong>Pesquisa comparativa de pre\u00e7os da Ceia de Natal<br \/>\n<\/strong><a href=\"https:\/\/jundiai.sp.gov.br\/noticias\/wp-content\/uploads\/sites\/32\/2017\/12\/jundiai_pesquisaceia2017.pdf\">2017<\/a><\/p>\n","protected":false},"excerpt":{"rendered":"<p>Pesquisa comparativa de pre\u00e7os de P\u00e1scoa 2021 Pesquisa comparativa de pre\u00e7os de material escolar 2020 Pesquisa Comparativa de Pre\u00e7os de Produtos de Ceia de Natal 2019 Pesquisa comparativa de pre\u00e7o de brinquedos 2018 Pesquisa comparativa de pre\u00e7os de material escolar 2017 Pesquisa comparativa de pre\u00e7os de P\u00e1scoa 2017 Pesquisa comparativa de pre\u00e7os da Ceia de [&hellip;]<\/p>\n","protected":false},"author":5,"featured_media":0,"parent":0,"menu_order":0,"comment_status":"closed","ping_status":"closed","template":"","meta":{"footnotes":""},"class_list":["post-23","page","type-page","status-publish","hentry"],"_links":{"self":[{"href":"https:\/\/jundiai.sp.gov.br\/procon\/wp-json\/wp\/v2\/pages\/23","targetHints":{"allow":["GET"]}}],"collection":[{"href":"https:\/\/jundiai.sp.gov.br\/procon\/wp-json\/wp\/v2\/pages"}],"about":[{"href":"https:\/\/jundiai.sp.gov.br\/procon\/wp-json\/wp\/v2\/types\/page"}],"author":[{"embeddable":true,"href":"https:\/\/jundiai.sp.gov.br\/procon\/wp-json\/wp\/v2\/users\/5"}],"replies":[{"embeddable":true,"href":"https:\/\/jundiai.sp.gov.br\/procon\/wp-json\/wp\/v2\/comments?post=23"}],"version-history":[{"count":15,"href":"https:\/\/jundiai.sp.gov.br\/procon\/wp-json\/wp\/v2\/pages\/23\/revisions"}],"predecessor-version":[{"id":280,"href":"https:\/\/jundiai.sp.gov.br\/procon\/wp-json\/wp\/v2\/pages\/23\/revisions\/280"}],"wp:attachment":[{"href":"https:\/\/jundiai.sp.gov.br\/procon\/wp-json\/wp\/v2\/media?parent=23"}],"curies":[{"name":"wp","href":"https:\/\/api.w.org\/{rel}","templated":true}]}}