{"id":64,"date":"2016-03-22T10:19:40","date_gmt":"2016-03-22T13:19:40","guid":{"rendered":"https:\/\/jundiai.sp.gov.br\/procon\/?page_id=64"},"modified":"2020-10-16T11:39:03","modified_gmt":"2020-10-16T14:39:03","slug":"procon-movel","status":"publish","type":"page","link":"https:\/\/jundiai.sp.gov.br\/procon\/procon-movel\/","title":{"rendered":"Procon M\u00f3vel"},"content":{"rendered":"<p><a href=\"https:\/\/jundiai.sp.gov.br\/procon\/wp-content\/uploads\/sites\/24\/2016\/03\/terminal_vila_arens_PROCON-31-1.jpg\"><img loading=\"lazy\" decoding=\"async\" class=\"alignleft wp-image-106 size-medium\" src=\"https:\/\/jundiai.sp.gov.br\/procon\/wp-content\/uploads\/sites\/24\/2016\/03\/terminal_vila_arens_PROCON-31-1-300x198.jpg\" alt=\"\" width=\"300\" height=\"198\" srcset=\"https:\/\/jundiai.sp.gov.br\/procon\/wp-content\/uploads\/sites\/24\/2016\/03\/terminal_vila_arens_PROCON-31-1-300x198.jpg 300w, https:\/\/jundiai.sp.gov.br\/procon\/wp-content\/uploads\/sites\/24\/2016\/03\/terminal_vila_arens_PROCON-31-1-768x506.jpg 768w, https:\/\/jundiai.sp.gov.br\/procon\/wp-content\/uploads\/sites\/24\/2016\/03\/terminal_vila_arens_PROCON-31-1-1160x765.jpg 1160w, https:\/\/jundiai.sp.gov.br\/procon\/wp-content\/uploads\/sites\/24\/2016\/03\/terminal_vila_arens_PROCON-31-1.jpg 1280w\" sizes=\"auto, (max-width: 300px) 100vw, 300px\" \/><\/a><\/p>\n<p><strong>REGISTRE SUA RECLAMA\u00c7\u00c3O NO PROCON M\u00d3VEL<\/strong><\/p>\n<p>O programa Procon M\u00f3vel \u00e9 um servi\u00e7o criado em Julho de 2017 que tem como objetivo principal descentralizar o atendimento oferecido \u00e0 popula\u00e7\u00e3o e, desta forma, ampliar o trabalho realizado pelo \u00f3rg\u00e3o de conscientiza\u00e7\u00e3o e solu\u00e7\u00e3o de problemas nas rela\u00e7\u00f5es de consumo.<\/p>\n<p>Por meio do programa, os mun\u00edcipes podem apresentar demandas diversas e obter informa\u00e7\u00f5es. Seja por meio da utiliza\u00e7\u00e3o de sua unidade m\u00f3vel, seja por meio da participa\u00e7\u00e3o do \u00d3rg\u00e3o em uma s\u00e9rie de eventos e a\u00e7\u00f5es organizadas.<\/p>\n<p>O objetivo \u00e9 propiciar \u00e0 popula\u00e7\u00e3o um acesso mais amplo e descentralizado.<\/p>\n<p>A estrutura \u00e9 tamb\u00e9m utilizada para a\u00e7\u00f5es de orienta\u00e7\u00e3o sobre direitos e deveres, com foco nas ferramentas tecnol\u00f3gicas dispon\u00edveis para os consumidores.<\/p>\n<p style=\"text-align: left\">\n<p style=\"text-align: left\">\n","protected":false},"excerpt":{"rendered":"<p>REGISTRE SUA RECLAMA\u00c7\u00c3O NO PROCON M\u00d3VEL O programa Procon M\u00f3vel \u00e9 um servi\u00e7o criado em Julho de 2017 que tem como objetivo principal descentralizar o atendimento oferecido \u00e0 popula\u00e7\u00e3o e, desta forma, ampliar o trabalho realizado pelo \u00f3rg\u00e3o de conscientiza\u00e7\u00e3o e solu\u00e7\u00e3o de problemas nas rela\u00e7\u00f5es de consumo. Por meio do programa, os mun\u00edcipes podem [&hellip;]<\/p>\n","protected":false},"author":14,"featured_media":0,"parent":0,"menu_order":0,"comment_status":"closed","ping_status":"closed","template":"","meta":{"footnotes":""},"class_list":["post-64","page","type-page","status-publish","hentry"],"_links":{"self":[{"href":"https:\/\/jundiai.sp.gov.br\/procon\/wp-json\/wp\/v2\/pages\/64","targetHints":{"allow":["GET"]}}],"collection":[{"href":"https:\/\/jundiai.sp.gov.br\/procon\/wp-json\/wp\/v2\/pages"}],"about":[{"href":"https:\/\/jundiai.sp.gov.br\/procon\/wp-json\/wp\/v2\/types\/page"}],"author":[{"embeddable":true,"href":"https:\/\/jundiai.sp.gov.br\/procon\/wp-json\/wp\/v2\/users\/14"}],"replies":[{"embeddable":true,"href":"https:\/\/jundiai.sp.gov.br\/procon\/wp-json\/wp\/v2\/comments?post=64"}],"version-history":[{"count":82,"href":"https:\/\/jundiai.sp.gov.br\/procon\/wp-json\/wp\/v2\/pages\/64\/revisions"}],"predecessor-version":[{"id":251,"href":"https:\/\/jundiai.sp.gov.br\/procon\/wp-json\/wp\/v2\/pages\/64\/revisions\/251"}],"wp:attachment":[{"href":"https:\/\/jundiai.sp.gov.br\/procon\/wp-json\/wp\/v2\/media?parent=64"}],"curies":[{"name":"wp","href":"https:\/\/api.w.org\/{rel}","templated":true}]}}