{"id":102,"date":"2014-08-26T11:13:27","date_gmt":"2014-08-26T14:13:27","guid":{"rendered":"https:\/\/jundiai.sp.gov.br\/saude\/?page_id=102"},"modified":"2014-08-26T11:13:27","modified_gmt":"2014-08-26T14:13:27","slug":"endocrinologia-e-endocrinologia-pediatrica","status":"publish","type":"page","link":"https:\/\/jundiai.sp.gov.br\/saude\/atendimento-especializado\/endocrinologia-e-endocrinologia-pediatrica\/","title":{"rendered":"Endocrinologia e Endocrinologia Pedi\u00e1trica"},"content":{"rendered":"<p><strong>ATENDIMENTO M\u00c9DICO ESPECIALIZADO:<\/strong> ENDOCRINOLOGIA e ENDOCRINOLOGIA PEDI\u00c1TRICA.<\/p>\n<p><strong>O que \u00e9?<\/strong><br \/>\nAtendimento ambulatorial para doen\u00e7as relacionadas a problemas hormonais e do metabolismo em geral.<\/p>\n<p><strong>Quando \u00e9 necess\u00e1rio?<\/strong><\/p>\n<p>Nas doen\u00e7as espec\u00edficas desta \u00e1rea (diabetes, s\u00edndromes metab\u00f3licas, doen\u00e7as da tire\u00f3ide, etc) em acompanhamento na Unidade de Sa\u00fade que necessitam de avalia\u00e7\u00e3o m\u00e9dica especializada.<\/p>\n<p><strong>Somente com encaminhamento m\u00e9dico da Unidade B\u00e1sica de Sa\u00fade para uma das unidades abaixo:<\/strong><\/p>\n<p><strong>NIS \u2013 N\u00facleo Integrado de Sa\u00fade<\/strong><br \/>\nRua Carlos de Salles Bloch, 74, Anhangaba\u00fa<br \/>\nTelefone: \u00a0(11) 4588-7388<br \/>\nHor\u00e1rio: das 08h \u00e0s 17h, de 2\u00aa a 6\u00aa-feira.<br \/>\n<strong>Ambulat\u00f3rio de Especialidades da Faculdade de Medicina de Jundia\u00ed<\/strong><br \/>\nRua Francisco Telles, 222, Vila Arens<br \/>\nTelefone: (11) 4587-6811<br \/>\nHor\u00e1rio: das 07h:30 \u00e0s 20h, de 2\u00aa a 6\u00aa-feira.<\/p>\n<p><strong>GRENDACC &#8211; Grupo em Defesa da Crian\u00e7a com C\u00e2ncer<\/strong><br \/>\nRua Olivio Boa, 99, Parque da Represa<br \/>\nTelefone: (11) 4518-8440<br \/>\nHor\u00e1rio: das 07h \u00e0s 17h, de 2\u00aa a 6\u00aa-feira.<br \/>\n<strong>Documentos Necess\u00e1rios:<\/strong><\/p>\n<p>RG &#8211; original (simples apresenta\u00e7\u00e3o).<br \/>\nCart\u00e3o da Unidade B\u00e1sica de Sa\u00fade.<br \/>\nCart\u00e3o do SUS &#8211; original (simples apresenta\u00e7\u00e3o).<br \/>\nEncaminhamento m\u00e9dico da unidade de sa\u00fade \u2013 original e exames anteriores.<\/p>\n<p><strong>Como fazer?<\/strong><\/p>\n<p>Possuir cadastro na Unidade de Sa\u00fade de refer\u00eancia de seu bairro.<br \/>\nPara o cadastramento na Unidade de Sa\u00fade, \u00e9 necess\u00e1rio apresentar o RG e comprovante de resid\u00eancia (conta de \u00e1gua ou de luz).<br \/>\nAgendar consulta m\u00e9dica na Unidade de Sa\u00fade de refer\u00eancia do bairro onde mora, para a avalia\u00e7\u00e3o do caso pelo m\u00e9dico da Unidade e posterior encaminhamento a crit\u00e9rio m\u00e9dico.<\/p>\n","protected":false},"excerpt":{"rendered":"<p>ATENDIMENTO M\u00c9DICO ESPECIALIZADO: ENDOCRINOLOGIA e ENDOCRINOLOGIA PEDI\u00c1TRICA. O que \u00e9? Atendimento ambulatorial para doen\u00e7as relacionadas a problemas hormonais e do metabolismo em geral. Quando \u00e9 necess\u00e1rio? Nas doen\u00e7as espec\u00edficas desta \u00e1rea (diabetes, s\u00edndromes metab\u00f3licas, doen\u00e7as da tire\u00f3ide, etc) em acompanhamento na Unidade de Sa\u00fade que necessitam de avalia\u00e7\u00e3o m\u00e9dica especializada. Somente com encaminhamento m\u00e9dico da [&hellip;]<\/p>\n","protected":false},"author":14,"featured_media":0,"parent":56,"menu_order":0,"comment_status":"closed","ping_status":"closed","template":"page-subpaginas.php","meta":{"footnotes":""},"class_list":["post-102","page","type-page","status-publish","hentry"],"_links":{"self":[{"href":"https:\/\/jundiai.sp.gov.br\/saude\/wp-json\/wp\/v2\/pages\/102","targetHints":{"allow":["GET"]}}],"collection":[{"href":"https:\/\/jundiai.sp.gov.br\/saude\/wp-json\/wp\/v2\/pages"}],"about":[{"href":"https:\/\/jundiai.sp.gov.br\/saude\/wp-json\/wp\/v2\/types\/page"}],"author":[{"embeddable":true,"href":"https:\/\/jundiai.sp.gov.br\/saude\/wp-json\/wp\/v2\/users\/14"}],"replies":[{"embeddable":true,"href":"https:\/\/jundiai.sp.gov.br\/saude\/wp-json\/wp\/v2\/comments?post=102"}],"version-history":[{"count":1,"href":"https:\/\/jundiai.sp.gov.br\/saude\/wp-json\/wp\/v2\/pages\/102\/revisions"}],"predecessor-version":[{"id":103,"href":"https:\/\/jundiai.sp.gov.br\/saude\/wp-json\/wp\/v2\/pages\/102\/revisions\/103"}],"up":[{"embeddable":true,"href":"https:\/\/jundiai.sp.gov.br\/saude\/wp-json\/wp\/v2\/pages\/56"}],"wp:attachment":[{"href":"https:\/\/jundiai.sp.gov.br\/saude\/wp-json\/wp\/v2\/media?parent=102"}],"curies":[{"name":"wp","href":"https:\/\/api.w.org\/{rel}","templated":true}]}}