{"id":136,"date":"2014-08-26T14:13:31","date_gmt":"2014-08-26T17:13:31","guid":{"rendered":"https:\/\/jundiai.sp.gov.br\/saude\/?page_id=136"},"modified":"2014-08-26T14:13:31","modified_gmt":"2014-08-26T17:13:31","slug":"oncologia","status":"publish","type":"page","link":"https:\/\/jundiai.sp.gov.br\/saude\/atendimento-especializado\/oncologia\/","title":{"rendered":"Oncologia"},"content":{"rendered":"<p><strong>ATENDIMENTO M\u00c9DICO ESPECIALIZADO:<\/strong> ONCOLOGIA<\/p>\n<p><strong>O que \u00e9?<\/strong><\/p>\n<p>\u00c9 o atendimento ambulatorial para pacientes com c\u00e2ncer de qualquer origem.<\/p>\n<p><strong>Quando \u00e9 necess\u00e1rio?<\/strong><\/p>\n<p>Quando o paciente for encaminhado para consulta especializada pelo m\u00e9dico da Unidade de Sa\u00fade ou de qualquer outro servi\u00e7o de sa\u00fade.<\/p>\n<p><strong>Somente com encaminhamento m\u00e9dico da Unidade B\u00e1sica de Sa\u00fade ou dos outros ambulat\u00f3rios m\u00e9dicos onde o paciente j\u00e1 fa\u00e7a acompanhamento para as unidades abaixo:<\/strong><\/p>\n<p>&nbsp;<\/p>\n<p><strong>Instituto de Oncologia<\/strong><\/p>\n<p>Rua S\u00e3o Vicente de Paulo, 223, Centro<br \/>\nTelefone: (11) 4583-5400<br \/>\nHor\u00e1rio: das 08h \u00e1s 17h, de 2\u00aa a 6\u00aa-feira.<\/p>\n<p>&nbsp;<\/p>\n<p><strong>GRENDACC &#8211; Grupo em Defesa da Crian\u00e7a com C\u00e2ncer<\/strong><br \/>\nRua Olivio Boa, 99, Parque da Represa<br \/>\nTelefone: (11) 4518-8440<br \/>\nHor\u00e1rio: das 07h \u00e0s 17h, de 2\u00aa a 6\u00aa-feira.<br \/>\n<strong>Documentos Necess\u00e1rios:<\/strong><\/p>\n<p>RG &#8211; original (simples apresenta\u00e7\u00e3o).<br \/>\nCart\u00e3o do SUS &#8211; original (simples apresenta\u00e7\u00e3o).<br \/>\nCart\u00e3o da Unidade B\u00e1sica de Sa\u00fade.<br \/>\nCertid\u00e3o de nascimento e RG do respons\u00e1vel &#8211; original (simples apresenta\u00e7\u00e3o). Em caso de menor de idade.<br \/>\nEncaminhamento m\u00e9dico da rede b\u00e1sica municipal de sa\u00fade \u2013 original e exames anteriores.<\/p>\n<p>&nbsp;<\/p>\n<p><strong>Como fazer?<\/strong><br \/>\nPossuir cadastro na Unidade de Sa\u00fade de refer\u00eancia de seu bairro.<br \/>\nPara o cadastramento na Unidade de Sa\u00fade, \u00e9 necess\u00e1rio apresentar o RG e comprovante de resid\u00eancia (conta de \u00e1gua ou de luz).<br \/>\nAgendar consulta m\u00e9dica na Unidade de Sa\u00fade de refer\u00eancia do bairro onde mora, para a avalia\u00e7\u00e3o do caso pelo m\u00e9dico da Unidade e posterior encaminhamento a crit\u00e9rio m\u00e9dico ou com encaminhamento do m\u00e9dico especialista.<\/p>\n","protected":false},"excerpt":{"rendered":"<p>ATENDIMENTO M\u00c9DICO ESPECIALIZADO: ONCOLOGIA O que \u00e9? \u00c9 o atendimento ambulatorial para pacientes com c\u00e2ncer de qualquer origem. Quando \u00e9 necess\u00e1rio? Quando o paciente for encaminhado para consulta especializada pelo m\u00e9dico da Unidade de Sa\u00fade ou de qualquer outro servi\u00e7o de sa\u00fade. Somente com encaminhamento m\u00e9dico da Unidade B\u00e1sica de Sa\u00fade ou dos outros ambulat\u00f3rios [&hellip;]<\/p>\n","protected":false},"author":14,"featured_media":0,"parent":56,"menu_order":0,"comment_status":"closed","ping_status":"closed","template":"page-subpaginas.php","meta":{"footnotes":""},"class_list":["post-136","page","type-page","status-publish","hentry"],"_links":{"self":[{"href":"https:\/\/jundiai.sp.gov.br\/saude\/wp-json\/wp\/v2\/pages\/136","targetHints":{"allow":["GET"]}}],"collection":[{"href":"https:\/\/jundiai.sp.gov.br\/saude\/wp-json\/wp\/v2\/pages"}],"about":[{"href":"https:\/\/jundiai.sp.gov.br\/saude\/wp-json\/wp\/v2\/types\/page"}],"author":[{"embeddable":true,"href":"https:\/\/jundiai.sp.gov.br\/saude\/wp-json\/wp\/v2\/users\/14"}],"replies":[{"embeddable":true,"href":"https:\/\/jundiai.sp.gov.br\/saude\/wp-json\/wp\/v2\/comments?post=136"}],"version-history":[{"count":1,"href":"https:\/\/jundiai.sp.gov.br\/saude\/wp-json\/wp\/v2\/pages\/136\/revisions"}],"predecessor-version":[{"id":137,"href":"https:\/\/jundiai.sp.gov.br\/saude\/wp-json\/wp\/v2\/pages\/136\/revisions\/137"}],"up":[{"embeddable":true,"href":"https:\/\/jundiai.sp.gov.br\/saude\/wp-json\/wp\/v2\/pages\/56"}],"wp:attachment":[{"href":"https:\/\/jundiai.sp.gov.br\/saude\/wp-json\/wp\/v2\/media?parent=136"}],"curies":[{"name":"wp","href":"https:\/\/api.w.org\/{rel}","templated":true}]}}