{"id":143,"date":"2014-08-26T14:20:11","date_gmt":"2014-08-26T17:20:11","guid":{"rendered":"https:\/\/jundiai.sp.gov.br\/saude\/?page_id=143"},"modified":"2014-08-26T14:20:11","modified_gmt":"2014-08-26T17:20:11","slug":"pequena-cirurgia","status":"publish","type":"page","link":"https:\/\/jundiai.sp.gov.br\/saude\/atendimento-especializado\/pequena-cirurgia\/","title":{"rendered":"Pequena Cirurgia"},"content":{"rendered":"<p><strong>ATENDIMENTO M\u00c9DICO ESPECIALIZADO:<\/strong> PEQUENA CIRURGIA<\/p>\n<p><strong>O que \u00e9?<\/strong><br \/>\nProcedimento de pequena complexidade como retirada de verrugas, pintas, biopsias, unhas, etc.<\/p>\n<p><strong>Quando \u00e9 necess\u00e1rio?<\/strong><br \/>\nSomente mediante encaminhamento m\u00e9dico da rede b\u00e1sica municipal de sa\u00fade para a unidade abaixo:<\/p>\n<p><strong>Ambulat\u00f3rio de Especialidades da Faculdade de Medicina de Jundia\u00ed<\/strong><br \/>\nRua Francisco Telles, 222 Vila Arens<br \/>\nTelefone: (11) 4587-6811<br \/>\nHor\u00e1rio: das 07h30 \u00e0s 20h, de 2\u00aa a 6\u00aa-feira.<\/p>\n<p><strong>Documentos Necess\u00e1rios:<\/strong><\/p>\n<p>RG &#8211; original (simples apresenta\u00e7\u00e3o).<br \/>\nCart\u00e3o da Unidade B\u00e1sica de Sa\u00fade.<br \/>\nCart\u00e3o do SUS &#8211; original (simples apresenta\u00e7\u00e3o).<br \/>\nEncaminhamento m\u00e9dico da unidade de sa\u00fade \u2013 original e exames anteriores.<br \/>\n<strong>Como fazer ?<\/strong><\/p>\n<p>Possuir cadastro na Unidade de Sa\u00fade de refer\u00eancia de seu bairro.<br \/>\nPara o cadastramento na Unidade de Sa\u00fade, \u00e9 necess\u00e1rio apresentar o RG e comprovante de resid\u00eancia (conta de \u00e1gua ou de luz).<br \/>\nAgendar consulta m\u00e9dica na Unidade de Sa\u00fade de refer\u00eancia do bairro onde mora, para a avalia\u00e7\u00e3o do caso e posterior encaminhamento a crit\u00e9rio m\u00e9dico.<\/p>\n","protected":false},"excerpt":{"rendered":"<p>ATENDIMENTO M\u00c9DICO ESPECIALIZADO: PEQUENA CIRURGIA O que \u00e9? Procedimento de pequena complexidade como retirada de verrugas, pintas, biopsias, unhas, etc. Quando \u00e9 necess\u00e1rio? Somente mediante encaminhamento m\u00e9dico da rede b\u00e1sica municipal de sa\u00fade para a unidade abaixo: Ambulat\u00f3rio de Especialidades da Faculdade de Medicina de Jundia\u00ed Rua Francisco Telles, 222 Vila Arens Telefone: (11) 4587-6811 [&hellip;]<\/p>\n","protected":false},"author":14,"featured_media":0,"parent":56,"menu_order":0,"comment_status":"closed","ping_status":"closed","template":"page-subpaginas.php","meta":{"footnotes":""},"class_list":["post-143","page","type-page","status-publish","hentry"],"_links":{"self":[{"href":"https:\/\/jundiai.sp.gov.br\/saude\/wp-json\/wp\/v2\/pages\/143","targetHints":{"allow":["GET"]}}],"collection":[{"href":"https:\/\/jundiai.sp.gov.br\/saude\/wp-json\/wp\/v2\/pages"}],"about":[{"href":"https:\/\/jundiai.sp.gov.br\/saude\/wp-json\/wp\/v2\/types\/page"}],"author":[{"embeddable":true,"href":"https:\/\/jundiai.sp.gov.br\/saude\/wp-json\/wp\/v2\/users\/14"}],"replies":[{"embeddable":true,"href":"https:\/\/jundiai.sp.gov.br\/saude\/wp-json\/wp\/v2\/comments?post=143"}],"version-history":[{"count":1,"href":"https:\/\/jundiai.sp.gov.br\/saude\/wp-json\/wp\/v2\/pages\/143\/revisions"}],"predecessor-version":[{"id":144,"href":"https:\/\/jundiai.sp.gov.br\/saude\/wp-json\/wp\/v2\/pages\/143\/revisions\/144"}],"up":[{"embeddable":true,"href":"https:\/\/jundiai.sp.gov.br\/saude\/wp-json\/wp\/v2\/pages\/56"}],"wp:attachment":[{"href":"https:\/\/jundiai.sp.gov.br\/saude\/wp-json\/wp\/v2\/media?parent=143"}],"curies":[{"name":"wp","href":"https:\/\/api.w.org\/{rel}","templated":true}]}}