{"id":155,"date":"2014-08-26T14:35:18","date_gmt":"2014-08-26T17:35:18","guid":{"rendered":"https:\/\/jundiai.sp.gov.br\/saude\/?page_id=155"},"modified":"2022-02-24T14:14:41","modified_gmt":"2022-02-24T17:14:41","slug":"psicologia","status":"publish","type":"page","link":"https:\/\/jundiai.sp.gov.br\/saude\/atendimento-especializado\/psicologia\/","title":{"rendered":"Psicologia"},"content":{"rendered":"<p><strong>ATENDIMENTO M\u00c9DICO ESPECIALIZADO:<\/strong> PSICOLOGIA<\/p>\n<p><strong>O que \u00e9?<\/strong><\/p>\n<p>Atendimento ambulatorial para os pacientes com dist\u00farbios psicoemocionais (depress\u00e3o, ansiedade, transtorno de conduta, etc).<\/p>\n<p><strong>Quando \u00e9 necess\u00e1rio?<\/strong><\/p>\n<p>Quando o m\u00e9dico necessitar de avalia\u00e7\u00e3o, tratamento ou acompanhamento conjunto do especialista.<br \/>\n<strong>Somente com encaminhamento m\u00e9dico da Unidade B\u00e1sica de Sa\u00fade ou de outros servi\u00e7os de sa\u00fade para as unidades abaixo:<\/strong><\/p>\n<p><b>CAPS II \u2013\u00a0<strong>Centro de Atendimento Psicossocial\u00a0<\/strong><\/b><br \/>\nRua Fausto Le\u00f4nidas Bocchino, n\u00b0 14, Jardim Paulista<br \/>\nTelefone: 4589-0298<br \/>\nHor\u00e1rio: das 8h \u00e0s 17h, de segunda a sexta-feira.<\/p>\n<p><strong>CAPSi &#8211; Centro de Atendimento Psicossocial Infantil<\/strong><br \/>\nAvenida Comandante Videlmo Munhoz, 345, Anhangaba\u00fa<br \/>\nTelefone: (11) 4522-0672\/ 4586-4537<br \/>\nHor\u00e1rio: das 8h \u00e0s 17h, de segunda a sexta-feira.<\/p>\n<p><strong>Documentos Necess\u00e1rios:<\/strong><br \/>\nGuia de refer\u00eancia e contra refer\u00eancia original, emitida por profissional de sa\u00fade de n\u00edvel superior, da rede municipal de sa\u00fade (UBS Ambulat\u00f3rios)<\/p>\n<p><strong>Como fazer?<\/strong><br \/>\nPossuir cadastro na Unidade de Sa\u00fade de refer\u00eancia de seu bairro.<br \/>\nPara o cadastramento na Unidade de Sa\u00fade, \u00e9 necess\u00e1rio apresentar o RG e comprovante de resid\u00eancia (conta de \u00e1gua ou de luz).<br \/>\nAgendar consulta na Unidade de Sa\u00fade de refer\u00eancia do bairro onde mora, para a avalia\u00e7\u00e3o do caso pelo profissional de sa\u00fade de n\u00edvel superior da unidade para posterior encaminhamento a crit\u00e9rio.<\/p>\n","protected":false},"excerpt":{"rendered":"<p>ATENDIMENTO M\u00c9DICO ESPECIALIZADO: PSICOLOGIA O que \u00e9? Atendimento ambulatorial para os pacientes com dist\u00farbios psicoemocionais (depress\u00e3o, ansiedade, transtorno de conduta, etc). Quando \u00e9 necess\u00e1rio? Quando o m\u00e9dico necessitar de avalia\u00e7\u00e3o, tratamento ou acompanhamento conjunto do especialista. Somente com encaminhamento m\u00e9dico da Unidade B\u00e1sica de Sa\u00fade ou de outros servi\u00e7os de sa\u00fade para as unidades abaixo: [&hellip;]<\/p>\n","protected":false},"author":14,"featured_media":0,"parent":56,"menu_order":0,"comment_status":"closed","ping_status":"closed","template":"page-subpaginas.php","meta":{"footnotes":""},"class_list":["post-155","page","type-page","status-publish","hentry"],"_links":{"self":[{"href":"https:\/\/jundiai.sp.gov.br\/saude\/wp-json\/wp\/v2\/pages\/155","targetHints":{"allow":["GET"]}}],"collection":[{"href":"https:\/\/jundiai.sp.gov.br\/saude\/wp-json\/wp\/v2\/pages"}],"about":[{"href":"https:\/\/jundiai.sp.gov.br\/saude\/wp-json\/wp\/v2\/types\/page"}],"author":[{"embeddable":true,"href":"https:\/\/jundiai.sp.gov.br\/saude\/wp-json\/wp\/v2\/users\/14"}],"replies":[{"embeddable":true,"href":"https:\/\/jundiai.sp.gov.br\/saude\/wp-json\/wp\/v2\/comments?post=155"}],"version-history":[{"count":7,"href":"https:\/\/jundiai.sp.gov.br\/saude\/wp-json\/wp\/v2\/pages\/155\/revisions"}],"predecessor-version":[{"id":4246,"href":"https:\/\/jundiai.sp.gov.br\/saude\/wp-json\/wp\/v2\/pages\/155\/revisions\/4246"}],"up":[{"embeddable":true,"href":"https:\/\/jundiai.sp.gov.br\/saude\/wp-json\/wp\/v2\/pages\/56"}],"wp:attachment":[{"href":"https:\/\/jundiai.sp.gov.br\/saude\/wp-json\/wp\/v2\/media?parent=155"}],"curies":[{"name":"wp","href":"https:\/\/api.w.org\/{rel}","templated":true}]}}