{"id":160,"date":"2014-08-26T14:39:47","date_gmt":"2014-08-26T17:39:47","guid":{"rendered":"https:\/\/jundiai.sp.gov.br\/saude\/?page_id=160"},"modified":"2025-04-16T08:43:39","modified_gmt":"2025-04-16T11:43:39","slug":"saude-da-mulher","status":"publish","type":"page","link":"https:\/\/jundiai.sp.gov.br\/saude\/atendimento-especializado\/saude-da-mulher\/","title":{"rendered":"Sa\u00fade da mulher"},"content":{"rendered":"<p><strong>ATENDIMENTO M\u00c9DICO ESPECIALIZADO:<\/strong> SA\u00daDE DA MULHER<\/p>\n<p><strong>O que \u00e9?<\/strong><\/p>\n<p>Atendimento ambulatorial especializado para doen\u00e7as espec\u00edficas da mulher (pr\u00e9 natal de alto risco, c\u00e2ncer ginecol\u00f3gico e de mama, esterilidade, etc) e\u00a0planejamento familiar.<\/p>\n<p><strong>Quando \u00e9 necess\u00e1rio?<\/strong><br \/>\nQuando o m\u00e9dico da unidade de sa\u00fade necessitar de acompanhamento especializado.<\/p>\n<p><strong>Somente com encaminhamento m\u00e9dico da Unidade B\u00e1sica de Sa\u00fade para a unidade abaixo:<\/strong><\/p>\n<p><strong>Ambulat\u00f3rio Sa\u00fade da Mulher<\/strong><br \/>\nHospital Universit\u00e1rio (HU) &#8211;\u00a0Pra\u00e7a Rotat\u00f3ria, s\/n, Jardim Messina<br \/>\nTelefone: (11) 4589-6423<br \/>\nHor\u00e1rio: das 8h \u00e0s 17h, de 2\u00aa a 6\u00aa feira.<\/p>\n<p><strong>Documentos Necess\u00e1rios:<\/strong><\/p>\n<p>RG &#8211; original (simples apresenta\u00e7\u00e3o).<br \/>\nCart\u00e3o da Unidade B\u00e1sica de Sa\u00fade.<br \/>\nCart\u00e3o do SUS &#8211; original (simples apresenta\u00e7\u00e3o).<br \/>\nEncaminhamento m\u00e9dico da unidade de sa\u00fade \u2013 original e exames anteriores.<br \/>\n<strong>Como fazer?<\/strong><\/p>\n<p>Possuir cadastro na Unidade de Sa\u00fade de refer\u00eancia de seu bairro.<br \/>\nPara o cadastramento na Unidade de Sa\u00fade, \u00e9 necess\u00e1rio apresentar o RG e comprovante de resid\u00eancia (conta de \u00e1gua ou de luz).<br \/>\nAgendar consulta m\u00e9dica na Unidade de Sa\u00fade de refer\u00eancia do bairro onde mora, para a avalia\u00e7\u00e3o do caso pelo m\u00e9dico da unidade e posterior encaminhamento a crit\u00e9rio m\u00e9dico.<\/p>\n","protected":false},"excerpt":{"rendered":"<p>ATENDIMENTO M\u00c9DICO ESPECIALIZADO: SA\u00daDE DA MULHER O que \u00e9? Atendimento ambulatorial especializado para doen\u00e7as espec\u00edficas da mulher (pr\u00e9 natal de alto risco, c\u00e2ncer ginecol\u00f3gico e de mama, esterilidade, etc) e\u00a0planejamento familiar. Quando \u00e9 necess\u00e1rio? Quando o m\u00e9dico da unidade de sa\u00fade necessitar de acompanhamento especializado. Somente com encaminhamento m\u00e9dico da Unidade B\u00e1sica de Sa\u00fade para [&hellip;]<\/p>\n","protected":false},"author":14,"featured_media":0,"parent":56,"menu_order":0,"comment_status":"closed","ping_status":"closed","template":"page-subpaginas.php","meta":{"footnotes":""},"class_list":["post-160","page","type-page","status-publish","hentry"],"_links":{"self":[{"href":"https:\/\/jundiai.sp.gov.br\/saude\/wp-json\/wp\/v2\/pages\/160","targetHints":{"allow":["GET"]}}],"collection":[{"href":"https:\/\/jundiai.sp.gov.br\/saude\/wp-json\/wp\/v2\/pages"}],"about":[{"href":"https:\/\/jundiai.sp.gov.br\/saude\/wp-json\/wp\/v2\/types\/page"}],"author":[{"embeddable":true,"href":"https:\/\/jundiai.sp.gov.br\/saude\/wp-json\/wp\/v2\/users\/14"}],"replies":[{"embeddable":true,"href":"https:\/\/jundiai.sp.gov.br\/saude\/wp-json\/wp\/v2\/comments?post=160"}],"version-history":[{"count":6,"href":"https:\/\/jundiai.sp.gov.br\/saude\/wp-json\/wp\/v2\/pages\/160\/revisions"}],"predecessor-version":[{"id":6323,"href":"https:\/\/jundiai.sp.gov.br\/saude\/wp-json\/wp\/v2\/pages\/160\/revisions\/6323"}],"up":[{"embeddable":true,"href":"https:\/\/jundiai.sp.gov.br\/saude\/wp-json\/wp\/v2\/pages\/56"}],"wp:attachment":[{"href":"https:\/\/jundiai.sp.gov.br\/saude\/wp-json\/wp\/v2\/media?parent=160"}],"curies":[{"name":"wp","href":"https:\/\/api.w.org\/{rel}","templated":true}]}}