{"id":163,"date":"2014-08-26T14:43:17","date_gmt":"2014-08-26T17:43:17","guid":{"rendered":"https:\/\/jundiai.sp.gov.br\/saude\/?page_id=163"},"modified":"2022-02-24T14:14:14","modified_gmt":"2022-02-24T17:14:14","slug":"saude-mental","status":"publish","type":"page","link":"https:\/\/jundiai.sp.gov.br\/saude\/atendimento-especializado\/saude-mental\/","title":{"rendered":"Sa\u00fade mental"},"content":{"rendered":"<p><strong>ATENDIMENTO ESPECIALIZADO EM SA\u00daDE MENTAL<\/strong><\/p>\n<p><strong>O que \u00e9?<\/strong><\/p>\n<p>Atendimento especializado em pacientes com transtornos mentais (neur\u00f3ticos, psic\u00f3ticos, patologias neuropsiqui\u00e1tricas, etc)<br \/>\nO atendimento \u00e9 feito por equipe multiprofissional, composta por assistentes sociais, psiquiatras, enfermeiros, psic\u00f3logos e terapeuta ocupacional.<\/p>\n<p><strong>Quando \u00e9 necess\u00e1rio?<br \/>\n<\/strong>Quando qualquer profissional de sa\u00fade de n\u00edvel superior, das Unidades B\u00e1sicas de Sa\u00fade ou Ambulat\u00f3rios identificarem a necessidade de assist\u00eancia especializada.<\/p>\n<p><strong>CAPS Adulto \u2013 Centro de Aten\u00e7\u00e3o Psicossocial<\/strong><br \/>\nDr. Ramiro de Ara\u00fajo Filho, 234 &#8211; Vila Hortol\u00e2ndia<br \/>\nTelefone: (11) 4492-4584 \/ 4492-4543<br \/>\nHor\u00e1rio: 24h todos os dias.<\/p>\n<p><b>CAPS II \u2013\u00a0<strong>Centro de Atendimento Psicossocial\u00a0<\/strong><\/b><br \/>\nRua Fausto Le\u00f4nidas Bocchino, n\u00b0 14, Jardim Paulista<br \/>\nTelefone: 4589-0298<br \/>\nHor\u00e1rio: das 8h \u00e0s 17h, de segunda a sexta-feira.<\/p>\n<p><strong>CAPSi &#8211; Centro de Atendimento Psicossocial Infantil<\/strong><br \/>\nAvenida Comandante Videlmo Munhoz, 345, Anhangaba\u00fa<br \/>\nTelefone: (11) 4522-0672\/ 4586-4537<br \/>\nHor\u00e1rio: das 8h \u00e0s 17h, de segunda a sexta-feira.<\/p>\n<p><strong>Documentos Necess\u00e1rios:<br \/>\n<\/strong>Guia de refer\u00eancia e contra refer\u00eancia original, emitida por profissional de sa\u00fade de n\u00edvel superior, da rede municipal de sa\u00fade (UBS Ambulat\u00f3rios)<\/p>\n<p><strong>Como fazer?<br \/>\n<\/strong>Possuir cadastro na Unidade de Sa\u00fade de refer\u00eancia de seu bairro.<br \/>\nPara o cadastramento na Unidade de Sa\u00fade, \u00e9 necess\u00e1rio apresentar o RG e comprovante de resid\u00eancia (conta de \u00e1gua ou de luz).<br \/>\nAgendar consulta na Unidade de Sa\u00fade de refer\u00eancia do bairro onde mora, para a avalia\u00e7\u00e3o do caso pelo profissional de sa\u00fade de n\u00edvel superior da unidade para posterior encaminhamento a crit\u00e9rio.<\/p>\n","protected":false},"excerpt":{"rendered":"<p>ATENDIMENTO ESPECIALIZADO EM SA\u00daDE MENTAL O que \u00e9? Atendimento especializado em pacientes com transtornos mentais (neur\u00f3ticos, psic\u00f3ticos, patologias neuropsiqui\u00e1tricas, etc) O atendimento \u00e9 feito por equipe multiprofissional, composta por assistentes sociais, psiquiatras, enfermeiros, psic\u00f3logos e terapeuta ocupacional. Quando \u00e9 necess\u00e1rio? Quando qualquer profissional de sa\u00fade de n\u00edvel superior, das Unidades B\u00e1sicas de Sa\u00fade ou Ambulat\u00f3rios [&hellip;]<\/p>\n","protected":false},"author":14,"featured_media":0,"parent":56,"menu_order":0,"comment_status":"closed","ping_status":"closed","template":"page-subpaginas.php","meta":{"footnotes":""},"class_list":["post-163","page","type-page","status-publish","hentry"],"_links":{"self":[{"href":"https:\/\/jundiai.sp.gov.br\/saude\/wp-json\/wp\/v2\/pages\/163","targetHints":{"allow":["GET"]}}],"collection":[{"href":"https:\/\/jundiai.sp.gov.br\/saude\/wp-json\/wp\/v2\/pages"}],"about":[{"href":"https:\/\/jundiai.sp.gov.br\/saude\/wp-json\/wp\/v2\/types\/page"}],"author":[{"embeddable":true,"href":"https:\/\/jundiai.sp.gov.br\/saude\/wp-json\/wp\/v2\/users\/14"}],"replies":[{"embeddable":true,"href":"https:\/\/jundiai.sp.gov.br\/saude\/wp-json\/wp\/v2\/comments?post=163"}],"version-history":[{"count":7,"href":"https:\/\/jundiai.sp.gov.br\/saude\/wp-json\/wp\/v2\/pages\/163\/revisions"}],"predecessor-version":[{"id":4245,"href":"https:\/\/jundiai.sp.gov.br\/saude\/wp-json\/wp\/v2\/pages\/163\/revisions\/4245"}],"up":[{"embeddable":true,"href":"https:\/\/jundiai.sp.gov.br\/saude\/wp-json\/wp\/v2\/pages\/56"}],"wp:attachment":[{"href":"https:\/\/jundiai.sp.gov.br\/saude\/wp-json\/wp\/v2\/media?parent=163"}],"curies":[{"name":"wp","href":"https:\/\/api.w.org\/{rel}","templated":true}]}}