{"id":166,"date":"2014-08-26T14:49:21","date_gmt":"2014-08-26T17:49:21","guid":{"rendered":"https:\/\/jundiai.sp.gov.br\/saude\/?page_id=166"},"modified":"2019-01-31T20:45:24","modified_gmt":"2019-01-31T22:45:24","slug":"saude-mental-casos-graves","status":"publish","type":"page","link":"https:\/\/jundiai.sp.gov.br\/saude\/atendimento-especializado\/saude-mental-casos-graves\/","title":{"rendered":"Sa\u00fade mental &#8211; CASOS GRAVES"},"content":{"rendered":"<p><strong>ATENDIMENTO ESPECIALIZADO EM SA\u00daDE MENTAL &#8211; CASOS GRAVES<\/strong><\/p>\n<p><strong>O que \u00e9?<\/strong><\/p>\n<p>Atendimento especializado em doen\u00e7a mental para adultos, em pacientes com transtornos mentais graves (esquizofrenia, psicoses, surtos, etc.)<\/p>\n<p>O atendimento \u00e9 feito por equipe multiprofissional, composta por assistentes sociais, psiquiatras e psic\u00f3logos, enfermeiros e Terapeutas Ocupacionais.<\/p>\n<p><strong>Quando \u00e9 necess\u00e1rio?<\/strong><\/p>\n<p>Quando qualquer profissional de sa\u00fade de n\u00edvel superior ou m\u00e9dico, das Unidades B\u00e1sicas de Sa\u00fade ou Ambulat\u00f3rios, avaliarem a necessidade.<\/p>\n<p><strong>CAPS Adulto \u2013 Centro de Aten\u00e7\u00e3o Psicossocial<\/strong><br \/>\nDr. Ramiro de Ara\u00fajo Filho, 234 &#8211; Vila Hortol\u00e2ndia<br \/>\nTelefone: (11) 4492-4584 \/ 4492-4543<br \/>\nHor\u00e1rio: 24h todos os dias.<\/p>\n<p>&nbsp;<\/p>\n<p><strong>Documentos Necess\u00e1rios:<\/strong><\/p>\n<p>Guia de refer\u00eancia e contra refer\u00eancia original, emitida por m\u00e9dico ou profissional de sa\u00fade de n\u00edvel superior, da rede municipal de sa\u00fade (UBS Ambulat\u00f3rios)<br \/>\n<strong>Como fazer?<\/strong><\/p>\n<p>Possuir cadastro na Unidade de Sa\u00fade de refer\u00eancia de seu bairro.<br \/>\nPara o cadastramento na Unidade de Sa\u00fade, \u00e9 necess\u00e1rio apresentar o RG e comprovante de resid\u00eancia (conta de \u00e1gua ou de luz).<br \/>\nAgendar consulta na Unidade de Sa\u00fade de refer\u00eancia do bairro onde mora, para a avalia\u00e7\u00e3o do caso pelo m\u00e9dico ou profissional de sa\u00fade de n\u00edvel superior da unidade para posterior encaminhamento a crit\u00e9rio.<\/p>\n","protected":false},"excerpt":{"rendered":"<p>ATENDIMENTO ESPECIALIZADO EM SA\u00daDE MENTAL &#8211; CASOS GRAVES O que \u00e9? Atendimento especializado em doen\u00e7a mental para adultos, em pacientes com transtornos mentais graves (esquizofrenia, psicoses, surtos, etc.) O atendimento \u00e9 feito por equipe multiprofissional, composta por assistentes sociais, psiquiatras e psic\u00f3logos, enfermeiros e Terapeutas Ocupacionais. Quando \u00e9 necess\u00e1rio? Quando qualquer profissional de sa\u00fade de [&hellip;]<\/p>\n","protected":false},"author":14,"featured_media":0,"parent":56,"menu_order":0,"comment_status":"closed","ping_status":"closed","template":"page-subpaginas.php","meta":{"footnotes":""},"class_list":["post-166","page","type-page","status-publish","hentry"],"_links":{"self":[{"href":"https:\/\/jundiai.sp.gov.br\/saude\/wp-json\/wp\/v2\/pages\/166","targetHints":{"allow":["GET"]}}],"collection":[{"href":"https:\/\/jundiai.sp.gov.br\/saude\/wp-json\/wp\/v2\/pages"}],"about":[{"href":"https:\/\/jundiai.sp.gov.br\/saude\/wp-json\/wp\/v2\/types\/page"}],"author":[{"embeddable":true,"href":"https:\/\/jundiai.sp.gov.br\/saude\/wp-json\/wp\/v2\/users\/14"}],"replies":[{"embeddable":true,"href":"https:\/\/jundiai.sp.gov.br\/saude\/wp-json\/wp\/v2\/comments?post=166"}],"version-history":[{"count":7,"href":"https:\/\/jundiai.sp.gov.br\/saude\/wp-json\/wp\/v2\/pages\/166\/revisions"}],"predecessor-version":[{"id":3034,"href":"https:\/\/jundiai.sp.gov.br\/saude\/wp-json\/wp\/v2\/pages\/166\/revisions\/3034"}],"up":[{"embeddable":true,"href":"https:\/\/jundiai.sp.gov.br\/saude\/wp-json\/wp\/v2\/pages\/56"}],"wp:attachment":[{"href":"https:\/\/jundiai.sp.gov.br\/saude\/wp-json\/wp\/v2\/media?parent=166"}],"curies":[{"name":"wp","href":"https:\/\/api.w.org\/{rel}","templated":true}]}}