{"id":169,"date":"2014-08-26T15:06:15","date_gmt":"2014-08-26T18:06:15","guid":{"rendered":"https:\/\/jundiai.sp.gov.br\/saude\/?page_id=169"},"modified":"2022-02-24T14:13:21","modified_gmt":"2022-02-24T17:13:21","slug":"saude-mental-internacao-psiquiatrica","status":"publish","type":"page","link":"https:\/\/jundiai.sp.gov.br\/saude\/atendimento-especializado\/saude-mental-internacao-psiquiatrica\/","title":{"rendered":"Sa\u00fade mental &#8211; INTERNA\u00c7\u00c3O PSIQUI\u00c1TRICA"},"content":{"rendered":"<p><strong>ATENDIMENTO ESPECIALIZADO EM SA\u00daDE MENTAL &#8211; INTERNA\u00c7\u00c3O PSIQUI\u00c1TRICA<\/strong><\/p>\n<p><strong>O que \u00e9?<\/strong><\/p>\n<p>Atendimento de casos graves com indica\u00e7\u00e3o de interna\u00e7\u00e3o psiqui\u00e1trica, ou seja, na situa\u00e7\u00e3o em que o paciente necessita de assist\u00eancia em regime fechado.<\/p>\n<p><strong>Quando \u00e9 necess\u00e1rio?<\/strong><\/p>\n<p>Quando o paciente n\u00e3o tem condi\u00e7\u00f5es de manter o tratamento em regime ambulatorial, a crit\u00e9rio do m\u00e9dico assistente.<\/p>\n<p><strong>CAPS \u2013 Centro de Atendimento Psicossocial \u2013 Adulto<\/strong><br \/>\nDr. Ramiro de Ara\u00fajo Filho, 234 &#8211; Vila Hortol\u00e2ndia<br \/>\nTelefone: 011 \u2013 4492-4543 ou 4492-4773<br \/>\nDiariamente, das 8h \u00e0s 17h<\/p>\n<p><b>CAPS II &#8211; <strong>Centro de Atendimento Psicossocial\u00a0<\/strong><\/b><br \/>\nRua Fausto Le\u00f4nidas Bocchino, n\u00b0 14, Jardim Paulista<br \/>\nTelefone: 4589-0298<br \/>\nHor\u00e1rio: das 8h \u00e0s 17h, de segunda a sexta-feira.<\/p>\n<p><strong>CAPSi &#8211; Centro de Atendimento Psicossocial Infantil<\/strong><br \/>\nAvenida Comandante Videlmo Munhoz, 345, Anhangaba\u00fa<br \/>\nTelefones: (11) 4522-0672\/ 4586-4537<br \/>\nHor\u00e1rio: das 8h \u00e0s 17h, de segunda a sexta-feira.<\/p>\n<p><strong>CEAD \u2013 Centro Especializado no Tratamento de Depend\u00eancias de \u00c1lcool e Drogas<\/strong><br \/>\nRua Gi\u00e1como \u00cdtria, 393, Anhangaba\u00fa<br \/>\nTelefones: (11) 4522-4277 \/ 4522-6898<br \/>\nHor\u00e1rio: das 8h \u00e0s 17h, de segunda\u00a0a sexta-feira.<\/p>\n<p><strong>Pronto Socorro do Hospital S\u00e3o Vicente de Paulo<\/strong><br \/>\nRua S\u00e3o Vicente de Paulo, 223, Centro<br \/>\nAtendimento 24 horas<br \/>\n<strong>Documentos Necess\u00e1rios:<\/strong><\/p>\n<p>Guia de interna\u00e7\u00e3o, emitida por m\u00e9dico psiquiatra dos Servi\u00e7os de Sa\u00fade Mental Municipal ou do Pronto Socorro do Hospital S\u00e3o Vicente de Paulo.<\/p>\n<p><strong>Como fazer?<\/strong><\/p>\n<p>Possuir cadastro na Unidade de Sa\u00fade de refer\u00eancia de seu bairro.<br \/>\nPara o cadastramento na Unidade de Sa\u00fade, \u00e9 necess\u00e1rio apresentar o RG e comprovante de resid\u00eancia (conta de \u00e1gua ou de luz).<br \/>\nProcurar o Servi\u00e7o de Sa\u00fade Mental em que o paciente esta em atendimento ou o Pronto Socorro do Hospital S\u00e3o Vicente de Paulo.<\/p>\n","protected":false},"excerpt":{"rendered":"<p>ATENDIMENTO ESPECIALIZADO EM SA\u00daDE MENTAL &#8211; INTERNA\u00c7\u00c3O PSIQUI\u00c1TRICA O que \u00e9? Atendimento de casos graves com indica\u00e7\u00e3o de interna\u00e7\u00e3o psiqui\u00e1trica, ou seja, na situa\u00e7\u00e3o em que o paciente necessita de assist\u00eancia em regime fechado. Quando \u00e9 necess\u00e1rio? Quando o paciente n\u00e3o tem condi\u00e7\u00f5es de manter o tratamento em regime ambulatorial, a crit\u00e9rio do m\u00e9dico assistente. [&hellip;]<\/p>\n","protected":false},"author":14,"featured_media":0,"parent":56,"menu_order":0,"comment_status":"closed","ping_status":"closed","template":"page-subpaginas.php","meta":{"footnotes":""},"class_list":["post-169","page","type-page","status-publish","hentry"],"_links":{"self":[{"href":"https:\/\/jundiai.sp.gov.br\/saude\/wp-json\/wp\/v2\/pages\/169","targetHints":{"allow":["GET"]}}],"collection":[{"href":"https:\/\/jundiai.sp.gov.br\/saude\/wp-json\/wp\/v2\/pages"}],"about":[{"href":"https:\/\/jundiai.sp.gov.br\/saude\/wp-json\/wp\/v2\/types\/page"}],"author":[{"embeddable":true,"href":"https:\/\/jundiai.sp.gov.br\/saude\/wp-json\/wp\/v2\/users\/14"}],"replies":[{"embeddable":true,"href":"https:\/\/jundiai.sp.gov.br\/saude\/wp-json\/wp\/v2\/comments?post=169"}],"version-history":[{"count":12,"href":"https:\/\/jundiai.sp.gov.br\/saude\/wp-json\/wp\/v2\/pages\/169\/revisions"}],"predecessor-version":[{"id":4244,"href":"https:\/\/jundiai.sp.gov.br\/saude\/wp-json\/wp\/v2\/pages\/169\/revisions\/4244"}],"up":[{"embeddable":true,"href":"https:\/\/jundiai.sp.gov.br\/saude\/wp-json\/wp\/v2\/pages\/56"}],"wp:attachment":[{"href":"https:\/\/jundiai.sp.gov.br\/saude\/wp-json\/wp\/v2\/media?parent=169"}],"curies":[{"name":"wp","href":"https:\/\/api.w.org\/{rel}","templated":true}]}}