{"id":184,"date":"2014-08-26T16:34:37","date_gmt":"2014-08-26T19:34:37","guid":{"rendered":"https:\/\/jundiai.sp.gov.br\/saude\/?page_id=184"},"modified":"2025-04-01T15:01:59","modified_gmt":"2025-04-01T18:01:59","slug":"atencao-primaria","status":"publish","type":"page","link":"https:\/\/jundiai.sp.gov.br\/saude\/atencao-primaria\/","title":{"rendered":"Aten\u00e7\u00e3o Prim\u00e1ria"},"content":{"rendered":"<h2>Aten\u00e7\u00e3o Prim\u00e1ria UBSs<\/h2>\n\n\n<p><a href=\"https:\/\/jundiai.sp.gov.br\/saude\/manual-da-saude\/\">Manual da Sa\u00fade<\/a><\/p>\n\n\n\n<p><\/p>\n","protected":false},"excerpt":{"rendered":"<p>Aten\u00e7\u00e3o Prim\u00e1ria UBSs Manual da Sa\u00fade<\/p>\n","protected":false},"author":14,"featured_media":0,"parent":0,"menu_order":0,"comment_status":"closed","ping_status":"closed","template":"page-subpaginas.php","meta":{"footnotes":""},"class_list":["post-184","page","type-page","status-publish","hentry"],"_links":{"self":[{"href":"https:\/\/jundiai.sp.gov.br\/saude\/wp-json\/wp\/v2\/pages\/184","targetHints":{"allow":["GET"]}}],"collection":[{"href":"https:\/\/jundiai.sp.gov.br\/saude\/wp-json\/wp\/v2\/pages"}],"about":[{"href":"https:\/\/jundiai.sp.gov.br\/saude\/wp-json\/wp\/v2\/types\/page"}],"author":[{"embeddable":true,"href":"https:\/\/jundiai.sp.gov.br\/saude\/wp-json\/wp\/v2\/users\/14"}],"replies":[{"embeddable":true,"href":"https:\/\/jundiai.sp.gov.br\/saude\/wp-json\/wp\/v2\/comments?post=184"}],"version-history":[{"count":15,"href":"https:\/\/jundiai.sp.gov.br\/saude\/wp-json\/wp\/v2\/pages\/184\/revisions"}],"predecessor-version":[{"id":6298,"href":"https:\/\/jundiai.sp.gov.br\/saude\/wp-json\/wp\/v2\/pages\/184\/revisions\/6298"}],"wp:attachment":[{"href":"https:\/\/jundiai.sp.gov.br\/saude\/wp-json\/wp\/v2\/media?parent=184"}],"curies":[{"name":"wp","href":"https:\/\/api.w.org\/{rel}","templated":true}]}}