{"id":192,"date":"2014-08-27T10:06:10","date_gmt":"2014-08-27T13:06:10","guid":{"rendered":"https:\/\/jundiai.sp.gov.br\/saude\/?page_id=192"},"modified":"2024-08-30T11:25:29","modified_gmt":"2024-08-30T14:25:29","slug":"atendimento-medico-unidades-basicas-de-saude","status":"publish","type":"page","link":"https:\/\/jundiai.sp.gov.br\/saude\/atencao-primaria\/atendimento-medico-unidades-basicas-de-saude\/","title":{"rendered":"Atendimento M\u00e9dico: Unidades B\u00e1sicas De Sa\u00fade"},"content":{"rendered":"\n<p><strong>O que \u00e9?<\/strong><\/p>\n\n\n\n<p>Atendimento voltado para a aten\u00e7\u00e3o integral prim\u00e1ria \u00e0 sa\u00fade, preven\u00e7\u00e3o e tratamento (ou seja, \u00e9 nesse est\u00e1gio que&nbsp;o paciente \u00e9 tratado e acompanhado pela equipe de sa\u00fade, faz&nbsp;exames, tira d\u00favidas e, quando necess\u00e1rio, \u00e9 encaminhado a outros especialistas).<\/p>\n\n\n\n<p>As unidades de sa\u00fade s\u00e3o compostas basicamente por: M\u00e9dicos( Cl\u00ednica Geral, Pediatria, Ginecologia e Obstetr\u00edcia ), Enfermagem e Administrativo.<\/p>\n\n\n\n<p>&nbsp;<\/p>\n\n\n\n<p><strong>Programas de Sa\u00fade:<\/strong><\/p>\n\n\n\n<p>Puericultura (cuidados com os rec\u00e9m-nascidos), car\u00eancia nutricional na inf\u00e2ncia, imuniza\u00e7\u00e3o (vacinas), hipertens\u00e3o arterial, diabetes, esquistossomose, hansen\u00edase (lepra), preven\u00e7\u00e3o do c\u00e2ncer, climat\u00e9rio (menopausa), gestante (pr\u00e9-natal), planejamento familiar, tuberculose, planejamento e tratamento da sa\u00fade bucal de crian\u00e7as e adultos portadores de diabetes e gestantes.<\/p>\n\n\n\n<p><strong><a href=\"https:\/\/jundiai.sp.gov.br\/saude\/como-utilizar-os-servicos-do-sus-em-jundiai\/atencao-primaria\/atendimento-de-saude-bucal-na-atencao-basica\/\">Consulte aqui as informa\u00e7\u00f5es\u00a0sobre o Atendimento de Sa\u00fade bucal na Aten\u00e7\u00e3o B\u00e1sica.<\/a><\/strong><\/p>\n\n\n\n<p><\/p>\n\n\n\n<p><strong>Quando \u00e9 necess\u00e1rio?<\/strong><br>Para atender \u00e0 necessidade do usu\u00e1rio, com consultas previamente agendadas.<br><strong>Documentos Necess\u00e1rios:<\/strong><\/p>\n\n\n\n<ul class=\"wp-block-list\">\n<li>apresenta\u00e7\u00e3o de RG ou outro documento (originais) de identifica\u00e7\u00e3o com foto;<\/li>\n\n\n\n<li>apresenta\u00e7\u00e3o de comprovante de resid\u00eancia original (exemplo: conta de \u00e1gua, luz ou telefone).<\/li>\n<\/ul>\n\n\n\n<p>&nbsp;<\/p>\n\n\n\n<p><strong>Como fazer:<\/strong><br>Ir \u00e0 unidade de sa\u00fade do seu bairro, com os documentos necess\u00e1rios, fazer seu cadastro e agendar sua consulta.<\/p>\n","protected":false},"excerpt":{"rendered":"<p>O que \u00e9? Atendimento voltado para a aten\u00e7\u00e3o integral prim\u00e1ria \u00e0 sa\u00fade, preven\u00e7\u00e3o e tratamento (ou seja, \u00e9 nesse est\u00e1gio que&nbsp;o paciente \u00e9 tratado e acompanhado pela equipe de sa\u00fade, faz&nbsp;exames, tira d\u00favidas e, quando necess\u00e1rio, \u00e9 encaminhado a outros especialistas). As unidades de sa\u00fade s\u00e3o compostas basicamente por: M\u00e9dicos( Cl\u00ednica Geral, Pediatria, Ginecologia e [&hellip;]<\/p>\n","protected":false},"author":14,"featured_media":0,"parent":184,"menu_order":0,"comment_status":"closed","ping_status":"closed","template":"page-subpaginas.php","meta":{"footnotes":""},"class_list":["post-192","page","type-page","status-publish","hentry"],"_links":{"self":[{"href":"https:\/\/jundiai.sp.gov.br\/saude\/wp-json\/wp\/v2\/pages\/192","targetHints":{"allow":["GET"]}}],"collection":[{"href":"https:\/\/jundiai.sp.gov.br\/saude\/wp-json\/wp\/v2\/pages"}],"about":[{"href":"https:\/\/jundiai.sp.gov.br\/saude\/wp-json\/wp\/v2\/types\/page"}],"author":[{"embeddable":true,"href":"https:\/\/jundiai.sp.gov.br\/saude\/wp-json\/wp\/v2\/users\/14"}],"replies":[{"embeddable":true,"href":"https:\/\/jundiai.sp.gov.br\/saude\/wp-json\/wp\/v2\/comments?post=192"}],"version-history":[{"count":4,"href":"https:\/\/jundiai.sp.gov.br\/saude\/wp-json\/wp\/v2\/pages\/192\/revisions"}],"predecessor-version":[{"id":5815,"href":"https:\/\/jundiai.sp.gov.br\/saude\/wp-json\/wp\/v2\/pages\/192\/revisions\/5815"}],"up":[{"embeddable":true,"href":"https:\/\/jundiai.sp.gov.br\/saude\/wp-json\/wp\/v2\/pages\/184"}],"wp:attachment":[{"href":"https:\/\/jundiai.sp.gov.br\/saude\/wp-json\/wp\/v2\/media?parent=192"}],"curies":[{"name":"wp","href":"https:\/\/api.w.org\/{rel}","templated":true}]}}