{"id":1998,"date":"2015-05-14T11:10:21","date_gmt":"2015-05-14T14:10:21","guid":{"rendered":"https:\/\/jundiai.sp.gov.br\/saude\/?page_id=1998"},"modified":"2025-02-06T13:40:08","modified_gmt":"2025-02-06T16:40:08","slug":"vigilancia-em-saude","status":"publish","type":"page","link":"https:\/\/jundiai.sp.gov.br\/saude\/vigilancia-em-saude\/","title":{"rendered":"Vigil\u00e2ncia em Sa\u00fade"},"content":{"rendered":"\n<p><strong>Departamento de Vigil\u00e2ncia em Sa\u00fade (DVS)<br><\/strong> Rua Marechal Deodoro da Fonseca, 964 \u2013 3\u00ba andar \u2013 Centro<br> Telefone: &nbsp;(11) 4589-6675 \/ 4589-6679<br> Diretora: Fl\u00e1via&nbsp;Pagliarde Cerezer<\/p>\n\n\n\n<p><strong>Vigil\u00e2ncia Sanit\u00e1ria<\/strong> <strong>(VISA)<\/strong><br> Rua Marechal Deodoro da Fonseca, 964, T\u00e9rreo \u2013 Centro<br> Telefone: (11) &nbsp;4589-6428\/&nbsp;(11)&nbsp;4589-6429<br><strong>Coordenadora: <\/strong>&nbsp;Alinne Fernanda Patricia Lopes dos Santos<br><\/p>\n\n\n\n<p><strong>Vigil\u00e2ncia Epidemiol\u00f3gica<\/strong> <strong>(VE)<\/strong><br> Rua Marechal Deodoro da Fonseca, 964, 2\u00ba andar \u2013 Centro<br> Telefone: (11)&nbsp;4589-6678&nbsp;&nbsp;&nbsp;\/&nbsp;(11)&nbsp;4589-6906<br><strong>Coordenadora:<\/strong>&nbsp;Carolina&nbsp;de Azevedo Neves&nbsp;Severiano<br><\/p>\n\n\n\n<p><strong>Unidade de Vigil\u00e2ncia em Sa\u00fade Ambiental (VISAM)<\/strong><br> Rua Bandeirantes, n\u00ba 375&nbsp;\u2013 Vl. Municipal<br> Telefone: (11) 4589-6340 \/ (11) 4589-6350<br><strong>Coordenador:<\/strong> Luis Gustavo Grijota Nascimento<br><\/p>\n\n\n\n<p><strong>Centro de Refer\u00eancia em Sa\u00fade do Trabalhador \u2013 CEREST<\/strong><br> Rua Marechal Deodoro da Fonseca, n\u00ba 147 \u2013 Centro<br> Telefone:<strong> <\/strong>(11) 4589-0358<strong> <\/strong>\/ (11) 4589-0359<br><strong>Coordenador:<\/strong> Andr\u00e9 Mestriner <\/p>\n\n\n\n<p><\/p>\n\n\n\n<p><b>Servi\u00e7o de Verifica\u00e7\u00e3o de \u00d3bito &#8211; SVO <\/b><br> Av. Nelson Villa\u00e7a, s\/n\u00ba \u2013 Jd. do Lago<br> Telefone: (11) 4589-0328 \/ (11) 4589-0329<br><strong>Gerente:<\/strong> Braz Henrique Delgado<br><\/p>\n","protected":false},"excerpt":{"rendered":"<p>Departamento de Vigil\u00e2ncia em Sa\u00fade (DVS) Rua Marechal Deodoro da Fonseca, 964 \u2013 3\u00ba andar \u2013 Centro Telefone: &nbsp;(11) 4589-6675 \/ 4589-6679 Diretora: Fl\u00e1via&nbsp;Pagliarde Cerezer Vigil\u00e2ncia Sanit\u00e1ria (VISA) Rua Marechal Deodoro da Fonseca, 964, T\u00e9rreo \u2013 Centro Telefone: (11) &nbsp;4589-6428\/&nbsp;(11)&nbsp;4589-6429Coordenadora: &nbsp;Alinne Fernanda Patricia Lopes dos Santos Vigil\u00e2ncia Epidemiol\u00f3gica (VE) Rua Marechal Deodoro da Fonseca, 964, [&hellip;]<\/p>\n","protected":false},"author":14,"featured_media":0,"parent":0,"menu_order":0,"comment_status":"closed","ping_status":"closed","template":"","meta":{"footnotes":""},"class_list":["post-1998","page","type-page","status-publish","hentry"],"_links":{"self":[{"href":"https:\/\/jundiai.sp.gov.br\/saude\/wp-json\/wp\/v2\/pages\/1998","targetHints":{"allow":["GET"]}}],"collection":[{"href":"https:\/\/jundiai.sp.gov.br\/saude\/wp-json\/wp\/v2\/pages"}],"about":[{"href":"https:\/\/jundiai.sp.gov.br\/saude\/wp-json\/wp\/v2\/types\/page"}],"author":[{"embeddable":true,"href":"https:\/\/jundiai.sp.gov.br\/saude\/wp-json\/wp\/v2\/users\/14"}],"replies":[{"embeddable":true,"href":"https:\/\/jundiai.sp.gov.br\/saude\/wp-json\/wp\/v2\/comments?post=1998"}],"version-history":[{"count":44,"href":"https:\/\/jundiai.sp.gov.br\/saude\/wp-json\/wp\/v2\/pages\/1998\/revisions"}],"predecessor-version":[{"id":6180,"href":"https:\/\/jundiai.sp.gov.br\/saude\/wp-json\/wp\/v2\/pages\/1998\/revisions\/6180"}],"wp:attachment":[{"href":"https:\/\/jundiai.sp.gov.br\/saude\/wp-json\/wp\/v2\/media?parent=1998"}],"curies":[{"name":"wp","href":"https:\/\/api.w.org\/{rel}","templated":true}]}}