{"id":2116,"date":"2016-03-11T18:31:43","date_gmt":"2016-03-11T21:31:43","guid":{"rendered":"https:\/\/jundiai.sp.gov.br\/saude\/?page_id=2116"},"modified":"2024-07-04T16:17:50","modified_gmt":"2024-07-04T19:17:50","slug":"cuidados-basicos-em-situacao-de-enchente","status":"publish","type":"page","link":"https:\/\/jundiai.sp.gov.br\/saude\/cuidados-basicos-em-situacao-de-enchente\/","title":{"rendered":"Cuidados b\u00e1sicos em situa\u00e7\u00e3o de enchente"},"content":{"rendered":"\n<div data-wp-interactive=\"core\/file\" class=\"wp-block-file\"><object data-wp-bind--hidden=\"!state.hasPdfPreview\" hidden class=\"wp-block-file__embed\" data=\"https:\/\/jundiai.sp.gov.br\/saude\/wp-content\/uploads\/sites\/17\/2024\/07\/cuidado_enchente2019.pdf\" type=\"application\/pdf\" style=\"width:100%;height:600px\" aria-label=\"Incorporado de Cuidados b\u00e1sicos em situa\u00e7\u00e3o de enchente.\"><\/object><a id=\"wp-block-file--media-d9a92ab7-7b86-4752-87f1-ac791d2165c4\" href=\"https:\/\/jundiai.sp.gov.br\/saude\/wp-content\/uploads\/sites\/17\/2024\/07\/cuidado_enchente2019.pdf\" target=\"_blank\" rel=\"noreferrer noopener\">Cuidados b\u00e1sicos em situa\u00e7\u00e3o de enchente<\/a><a href=\"https:\/\/jundiai.sp.gov.br\/saude\/wp-content\/uploads\/sites\/17\/2024\/07\/cuidado_enchente2019.pdf\" class=\"wp-block-file__button wp-element-button\" download aria-describedby=\"wp-block-file--media-d9a92ab7-7b86-4752-87f1-ac791d2165c4\">Baixar<\/a><\/div>\n","protected":false},"excerpt":{"rendered":"","protected":false},"author":14,"featured_media":0,"parent":0,"menu_order":0,"comment_status":"closed","ping_status":"closed","template":"","meta":{"footnotes":""},"class_list":["post-2116","page","type-page","status-publish","hentry"],"_links":{"self":[{"href":"https:\/\/jundiai.sp.gov.br\/saude\/wp-json\/wp\/v2\/pages\/2116","targetHints":{"allow":["GET"]}}],"collection":[{"href":"https:\/\/jundiai.sp.gov.br\/saude\/wp-json\/wp\/v2\/pages"}],"about":[{"href":"https:\/\/jundiai.sp.gov.br\/saude\/wp-json\/wp\/v2\/types\/page"}],"author":[{"embeddable":true,"href":"https:\/\/jundiai.sp.gov.br\/saude\/wp-json\/wp\/v2\/users\/14"}],"replies":[{"embeddable":true,"href":"https:\/\/jundiai.sp.gov.br\/saude\/wp-json\/wp\/v2\/comments?post=2116"}],"version-history":[{"count":6,"href":"https:\/\/jundiai.sp.gov.br\/saude\/wp-json\/wp\/v2\/pages\/2116\/revisions"}],"predecessor-version":[{"id":5689,"href":"https:\/\/jundiai.sp.gov.br\/saude\/wp-json\/wp\/v2\/pages\/2116\/revisions\/5689"}],"wp:attachment":[{"href":"https:\/\/jundiai.sp.gov.br\/saude\/wp-json\/wp\/v2\/media?parent=2116"}],"curies":[{"name":"wp","href":"https:\/\/api.w.org\/{rel}","templated":true}]}}