{"id":226,"date":"2014-08-27T10:45:24","date_gmt":"2014-08-27T13:45:24","guid":{"rendered":"https:\/\/jundiai.sp.gov.br\/saude\/?page_id=226"},"modified":"2024-08-05T11:16:29","modified_gmt":"2024-08-05T14:16:29","slug":"assistencia-hospitalar-e-urgencia-e-emergencia","status":"publish","type":"page","link":"https:\/\/jundiai.sp.gov.br\/saude\/assistencia-hospitalar-e-urgencia-e-emergencia\/","title":{"rendered":"Assist\u00eancia Hospitalar e Urg\u00eancia e Emerg\u00eancia"},"content":{"rendered":"","protected":false},"excerpt":{"rendered":"","protected":false},"author":14,"featured_media":0,"parent":0,"menu_order":0,"comment_status":"closed","ping_status":"closed","template":"page-subpaginas.php","meta":{"footnotes":""},"class_list":["post-226","page","type-page","status-publish","hentry"],"_links":{"self":[{"href":"https:\/\/jundiai.sp.gov.br\/saude\/wp-json\/wp\/v2\/pages\/226","targetHints":{"allow":["GET"]}}],"collection":[{"href":"https:\/\/jundiai.sp.gov.br\/saude\/wp-json\/wp\/v2\/pages"}],"about":[{"href":"https:\/\/jundiai.sp.gov.br\/saude\/wp-json\/wp\/v2\/types\/page"}],"author":[{"embeddable":true,"href":"https:\/\/jundiai.sp.gov.br\/saude\/wp-json\/wp\/v2\/users\/14"}],"replies":[{"embeddable":true,"href":"https:\/\/jundiai.sp.gov.br\/saude\/wp-json\/wp\/v2\/comments?post=226"}],"version-history":[{"count":10,"href":"https:\/\/jundiai.sp.gov.br\/saude\/wp-json\/wp\/v2\/pages\/226\/revisions"}],"predecessor-version":[{"id":5737,"href":"https:\/\/jundiai.sp.gov.br\/saude\/wp-json\/wp\/v2\/pages\/226\/revisions\/5737"}],"wp:attachment":[{"href":"https:\/\/jundiai.sp.gov.br\/saude\/wp-json\/wp\/v2\/media?parent=226"}],"curies":[{"name":"wp","href":"https:\/\/api.w.org\/{rel}","templated":true}]}}