{"id":231,"date":"2014-08-27T10:49:01","date_gmt":"2014-08-27T13:49:01","guid":{"rendered":"https:\/\/jundiai.sp.gov.br\/saude\/?page_id=231"},"modified":"2024-08-28T11:06:33","modified_gmt":"2024-08-28T14:06:33","slug":"atendimento-medico-unidades-de-pronto-atendimento","status":"publish","type":"page","link":"https:\/\/jundiai.sp.gov.br\/saude\/assistencia-hospitalar-e-urgencia-e-emergencia\/atendimento-medico-unidades-de-pronto-atendimento\/","title":{"rendered":"Atendimento M\u00e9dico: Unidades de Pronto-Atendimento"},"content":{"rendered":"\n<p><strong>O que \u00e9 ?<\/strong><\/p>\n\n\n\n<p>Atendimento em cl\u00ednica m\u00e9dica e pedi\u00e1trica, com o objetivo de absorver a demanda espont\u00e2nea de problemas agudos de sa\u00fade em situa\u00e7\u00e3o de urg\u00eancia (risco relativo de vida).<\/p>\n\n\n\n<p><strong>Quando \u00e9 necess\u00e1rio?<\/strong><\/p>\n\n\n\n<p>Quando o quadro do paciente apresentar problemas agudos em clinicas m\u00e9dica e pedi\u00e1trica.<\/p>\n\n\n\n<p><strong>Locais de atendimento:<\/strong><\/p>\n\n\n\n<p>Pronto Atendimento Hortol\u00e2ndia &#8211; 24h<br>Adulto e Pedi\u00e1trico <br>(Demanda Geral e S\u00edndrome Gripal)<br>End.: Rua Campinas, 58 &#8211; Vila Hortol\u00e2ndia<\/p>\n\n\n\n<p>Pronto Atendimento Retiro (abertura 7h com fechamento dos port\u00f5es \u00e0s 18h)<br>(Demanda Geral e S\u00edndrome Gripal)<br>End. Rua Maria Lucia de Almeida, 100 &#8211; Tel: 4582-3330<\/p>\n\n\n\n<p>Pronto Atendimento Ponte S\u00e3o Jo\u00e3o<br>Adulto e Pedi\u00e1trico (abertura 7h com fechamento dos port\u00f5es \u00e0s 18h)<br>(Demanda Geral e S\u00edndrome Gripal)<br>End.: Rua Santo Ant\u00f4nio, 191 &#8211; Tel.: 4526-2020<\/p>\n\n\n\n<p>Upa Vetor Oeste &#8211; 24h<br>Adulto e Pedi\u00e1trico<br>(Demanda Geral e S\u00edndrome Gripal)<br>End.: Av. Presb\u00edtero Manoel Ant\u00f4nio Dias Filho, 155  &#8211; Tel.: 4230-9701<\/p>\n\n\n\n<p>Pronto Atendimento Central<br>Adulto (24) &#8211; Demanda Geral exceto S\u00edndrome Gripal<br>End.: Rua Jo\u00e3o Lopes, 78 &#8211; Pra\u00e7a Dom Pedro II &#8211; Tel.: 4583-8155<\/p>\n\n\n\n<p><\/p>\n\n\n\n<p><strong>Documentos Necess\u00e1rios:<br><\/strong>apresenta\u00e7\u00e3o de RG ou outro documento de identifica\u00e7\u00e3o original com foto.<\/p>\n","protected":false},"excerpt":{"rendered":"<p>O que \u00e9 ? Atendimento em cl\u00ednica m\u00e9dica e pedi\u00e1trica, com o objetivo de absorver a demanda espont\u00e2nea de problemas agudos de sa\u00fade em situa\u00e7\u00e3o de urg\u00eancia (risco relativo de vida). Quando \u00e9 necess\u00e1rio? Quando o quadro do paciente apresentar problemas agudos em clinicas m\u00e9dica e pedi\u00e1trica. Locais de atendimento: Pronto Atendimento Hortol\u00e2ndia &#8211; 24hAdulto [&hellip;]<\/p>\n","protected":false},"author":14,"featured_media":0,"parent":226,"menu_order":0,"comment_status":"closed","ping_status":"closed","template":"page-subpaginas.php","meta":{"footnotes":""},"class_list":["post-231","page","type-page","status-publish","hentry"],"_links":{"self":[{"href":"https:\/\/jundiai.sp.gov.br\/saude\/wp-json\/wp\/v2\/pages\/231","targetHints":{"allow":["GET"]}}],"collection":[{"href":"https:\/\/jundiai.sp.gov.br\/saude\/wp-json\/wp\/v2\/pages"}],"about":[{"href":"https:\/\/jundiai.sp.gov.br\/saude\/wp-json\/wp\/v2\/types\/page"}],"author":[{"embeddable":true,"href":"https:\/\/jundiai.sp.gov.br\/saude\/wp-json\/wp\/v2\/users\/14"}],"replies":[{"embeddable":true,"href":"https:\/\/jundiai.sp.gov.br\/saude\/wp-json\/wp\/v2\/comments?post=231"}],"version-history":[{"count":15,"href":"https:\/\/jundiai.sp.gov.br\/saude\/wp-json\/wp\/v2\/pages\/231\/revisions"}],"predecessor-version":[{"id":5799,"href":"https:\/\/jundiai.sp.gov.br\/saude\/wp-json\/wp\/v2\/pages\/231\/revisions\/5799"}],"up":[{"embeddable":true,"href":"https:\/\/jundiai.sp.gov.br\/saude\/wp-json\/wp\/v2\/pages\/226"}],"wp:attachment":[{"href":"https:\/\/jundiai.sp.gov.br\/saude\/wp-json\/wp\/v2\/media?parent=231"}],"curies":[{"name":"wp","href":"https:\/\/api.w.org\/{rel}","templated":true}]}}