{"id":2335,"date":"2017-04-12T12:02:26","date_gmt":"2017-04-12T15:02:26","guid":{"rendered":"https:\/\/jundiai.sp.gov.br\/saude\/?page_id=2335"},"modified":"2025-09-11T16:35:04","modified_gmt":"2025-09-11T19:35:04","slug":"organograma","status":"publish","type":"page","link":"https:\/\/jundiai.sp.gov.br\/saude\/organograma\/","title":{"rendered":"Organograma"},"content":{"rendered":"<h2>Estrutura da Secretaria<\/h2>\n<p><strong>Secret\u00e1ria de Promo\u00e7\u00e3o da Sa\u00fade<\/strong>: M\u00e1rcia Pereira Dobarro Facci<\/p>\n<p><strong>Secret\u00e1rio Adjunto:<\/strong> Allan Gomes de Lorena<\/p>\n<hr \/>\n<p><b>Departamento de Planejamento, Gest\u00e3o e Finan\u00e7as<br \/>\n<\/b>Diretora: Andreia Pinto de Souza<br \/>\nTelefone: (11) 4589-8801<\/p>\n<p><strong>Departamento de Regula\u00e7\u00e3o da Sa\u00fade<\/strong><br \/>\nDiretora: Suellen Mar\u00edlia de Souza Silva Melo<br \/>\nTelefone: (11) 4589-8398<\/p>\n<p><strong>Departamento Financeiro<\/strong><br \/>\nDiretora: Maria Teresa Franco<br \/>\nTelefone: (11) 4589-8815<\/p>\n<p><strong>Departamento de Vigil\u00e2ncia em Sa\u00fade<\/strong><br \/>\nDiretora: Fl\u00e1via Pagliarde Cerezer<br \/>\nTelefone: (11) 4589-6675<\/p>\n<p><strong>Departamento de Aten\u00e7\u00e3o B\u00e1sica \u00e0 Sa\u00fade<\/strong><br \/>\nDiretora: Tatiane de Luca Barbosa<br \/>\ntelefone: (11) 4431-6510<\/p>\n<p><strong>Departamento de Aten\u00e7\u00e3o Ambulatorial e Hospitalar<\/strong><br \/>\nDiretora: Lucimara de Lima Mantovani<br \/>\nTelefone: (11) 4589-8796<\/p>\n","protected":false},"excerpt":{"rendered":"<p>Estrutura da Secretaria Secret\u00e1ria de Promo\u00e7\u00e3o da Sa\u00fade: M\u00e1rcia Pereira Dobarro Facci Secret\u00e1rio Adjunto: Allan Gomes de Lorena Departamento de Planejamento, Gest\u00e3o e Finan\u00e7as Diretora: Andreia Pinto de Souza Telefone: (11) 4589-8801 Departamento de Regula\u00e7\u00e3o da Sa\u00fade Diretora: Suellen Mar\u00edlia de Souza Silva Melo Telefone: (11) 4589-8398 Departamento Financeiro Diretora: Maria Teresa Franco Telefone: (11) [&hellip;]<\/p>\n","protected":false},"author":14,"featured_media":0,"parent":0,"menu_order":0,"comment_status":"closed","ping_status":"closed","template":"","meta":{"footnotes":""},"class_list":["post-2335","page","type-page","status-publish","hentry"],"_links":{"self":[{"href":"https:\/\/jundiai.sp.gov.br\/saude\/wp-json\/wp\/v2\/pages\/2335","targetHints":{"allow":["GET"]}}],"collection":[{"href":"https:\/\/jundiai.sp.gov.br\/saude\/wp-json\/wp\/v2\/pages"}],"about":[{"href":"https:\/\/jundiai.sp.gov.br\/saude\/wp-json\/wp\/v2\/types\/page"}],"author":[{"embeddable":true,"href":"https:\/\/jundiai.sp.gov.br\/saude\/wp-json\/wp\/v2\/users\/14"}],"replies":[{"embeddable":true,"href":"https:\/\/jundiai.sp.gov.br\/saude\/wp-json\/wp\/v2\/comments?post=2335"}],"version-history":[{"count":35,"href":"https:\/\/jundiai.sp.gov.br\/saude\/wp-json\/wp\/v2\/pages\/2335\/revisions"}],"predecessor-version":[{"id":6660,"href":"https:\/\/jundiai.sp.gov.br\/saude\/wp-json\/wp\/v2\/pages\/2335\/revisions\/6660"}],"wp:attachment":[{"href":"https:\/\/jundiai.sp.gov.br\/saude\/wp-json\/wp\/v2\/media?parent=2335"}],"curies":[{"name":"wp","href":"https:\/\/api.w.org\/{rel}","templated":true}]}}