{"id":2458,"date":"2017-05-26T10:50:35","date_gmt":"2017-05-26T13:50:35","guid":{"rendered":"https:\/\/jundiai.sp.gov.br\/saude\/?page_id=2458"},"modified":"2017-05-26T10:52:15","modified_gmt":"2017-05-26T13:52:15","slug":"doacao-de-sangue","status":"publish","type":"page","link":"https:\/\/jundiai.sp.gov.br\/saude\/doacao-de-sangue\/","title":{"rendered":"Doa\u00e7\u00e3o de Sangue"},"content":{"rendered":"<h2>Colsan Jundia\u00ed<\/h2>\n<p><strong>Endere\u00e7o:<\/strong> Rua XV de Novembro, 1848<br \/>\n<strong>Telefone: <\/strong>(11) 4521-4025<br \/>\n<strong>Hor\u00e1rio de atendimento:<\/strong> De segunda-feira a s\u00e1bado, das 7h30 \u00e0s 12h30 (exceto feriado)<br \/>\n<strong>Estacionamento gratuito:<\/strong> Avenida dos Ferrovi\u00e1rios, 2100<\/p>\n<p>Mais informa\u00e7\u00f5es podem ser obtidas pelo site <a href=\"http:\/\/www.colsan.org.br\" target=\"_blank\">http:\/\/www.colsan.org.br<\/a><\/p>\n","protected":false},"excerpt":{"rendered":"<p>Colsan Jundia\u00ed Endere\u00e7o: Rua XV de Novembro, 1848 Telefone: (11) 4521-4025 Hor\u00e1rio de atendimento: De segunda-feira a s\u00e1bado, das 7h30 \u00e0s 12h30 (exceto feriado) Estacionamento gratuito: Avenida dos Ferrovi\u00e1rios, 2100 Mais informa\u00e7\u00f5es podem ser obtidas pelo site http:\/\/www.colsan.org.br<\/p>\n","protected":false},"author":30,"featured_media":0,"parent":0,"menu_order":6,"comment_status":"closed","ping_status":"closed","template":"","meta":{"footnotes":""},"class_list":["post-2458","page","type-page","status-publish","hentry"],"_links":{"self":[{"href":"https:\/\/jundiai.sp.gov.br\/saude\/wp-json\/wp\/v2\/pages\/2458","targetHints":{"allow":["GET"]}}],"collection":[{"href":"https:\/\/jundiai.sp.gov.br\/saude\/wp-json\/wp\/v2\/pages"}],"about":[{"href":"https:\/\/jundiai.sp.gov.br\/saude\/wp-json\/wp\/v2\/types\/page"}],"author":[{"embeddable":true,"href":"https:\/\/jundiai.sp.gov.br\/saude\/wp-json\/wp\/v2\/users\/30"}],"replies":[{"embeddable":true,"href":"https:\/\/jundiai.sp.gov.br\/saude\/wp-json\/wp\/v2\/comments?post=2458"}],"version-history":[{"count":5,"href":"https:\/\/jundiai.sp.gov.br\/saude\/wp-json\/wp\/v2\/pages\/2458\/revisions"}],"predecessor-version":[{"id":2464,"href":"https:\/\/jundiai.sp.gov.br\/saude\/wp-json\/wp\/v2\/pages\/2458\/revisions\/2464"}],"wp:attachment":[{"href":"https:\/\/jundiai.sp.gov.br\/saude\/wp-json\/wp\/v2\/media?parent=2458"}],"curies":[{"name":"wp","href":"https:\/\/api.w.org\/{rel}","templated":true}]}}