{"id":249,"date":"2014-08-27T11:14:03","date_gmt":"2014-08-27T14:14:03","guid":{"rendered":"https:\/\/jundiai.sp.gov.br\/saude\/?page_id=249"},"modified":"2022-02-17T15:07:41","modified_gmt":"2022-02-17T18:07:41","slug":"banco-de-leite-humano","status":"publish","type":"page","link":"https:\/\/jundiai.sp.gov.br\/saude\/assistencia-hospitalar-e-urgencia-e-emergencia\/banco-de-leite-humano\/","title":{"rendered":"Banco de Leite Humano"},"content":{"rendered":"<p><strong>O que \u00e9?<\/strong><br \/>\n\u00c9 um centro especializado no\u00a0incentivo e no apoio ao aleitamento materno, com atividades de coleta, controle de qualidade e distribui\u00e7\u00e3o de leite humano a rec\u00e9m-nascidos prematuros internados.<br \/>\nConta com a doa\u00e7\u00e3o volunt\u00e1ria de mulheres saud\u00e1veis, que amamentam seus filhos e t\u00eam produ\u00e7\u00e3o excedente de leite.<\/p>\n<p><strong>Quem \u00e9 beneficiado com o leite humano do Banco de Leite?<\/strong><br \/>\nRec\u00e9m-nascidos internados nas UTIs dos hospitais de Jundia\u00ed, principalmente os prematuros, que dependem doalimento para manuten\u00e7\u00e3o da qualidade de vida, com redu\u00e7\u00e3o de riscos \u00e0 sa\u00fade.<\/p>\n<p><strong>Em que situa\u00e7\u00f5es se deve procurar ajuda do Banco de Leite Humano?<\/strong><br \/>\nPara informa\u00e7\u00f5es sobre aleitamento materno, na volta ao trabalho ap\u00f3s licen\u00e7a, em casos de\u00a0dificuldade para amamentar ou para quem tiver o interesse de doar o leite excedente.<\/p>\n<p><strong>BANCO DE LEITE HUMANO<\/strong><br \/>\nEndere\u00e7o: Rua Ragusa, 54 \u2013 Jd. Messina, Jundia\u00ed \u2013 SP<br \/>\nTelefones: (11) 4521-7244 e 08000-178155<br \/>\nHor\u00e1rio de funcionamento: de segunda-feira\u00a0a s\u00e1bado, das 7h \u00e0s 13h<\/p>\n","protected":false},"excerpt":{"rendered":"<p>O que \u00e9? \u00c9 um centro especializado no\u00a0incentivo e no apoio ao aleitamento materno, com atividades de coleta, controle de qualidade e distribui\u00e7\u00e3o de leite humano a rec\u00e9m-nascidos prematuros internados. Conta com a doa\u00e7\u00e3o volunt\u00e1ria de mulheres saud\u00e1veis, que amamentam seus filhos e t\u00eam produ\u00e7\u00e3o excedente de leite. Quem \u00e9 beneficiado com o leite humano [&hellip;]<\/p>\n","protected":false},"author":14,"featured_media":0,"parent":226,"menu_order":0,"comment_status":"closed","ping_status":"closed","template":"page-subpaginas.php","meta":{"footnotes":""},"class_list":["post-249","page","type-page","status-publish","hentry"],"_links":{"self":[{"href":"https:\/\/jundiai.sp.gov.br\/saude\/wp-json\/wp\/v2\/pages\/249","targetHints":{"allow":["GET"]}}],"collection":[{"href":"https:\/\/jundiai.sp.gov.br\/saude\/wp-json\/wp\/v2\/pages"}],"about":[{"href":"https:\/\/jundiai.sp.gov.br\/saude\/wp-json\/wp\/v2\/types\/page"}],"author":[{"embeddable":true,"href":"https:\/\/jundiai.sp.gov.br\/saude\/wp-json\/wp\/v2\/users\/14"}],"replies":[{"embeddable":true,"href":"https:\/\/jundiai.sp.gov.br\/saude\/wp-json\/wp\/v2\/comments?post=249"}],"version-history":[{"count":7,"href":"https:\/\/jundiai.sp.gov.br\/saude\/wp-json\/wp\/v2\/pages\/249\/revisions"}],"predecessor-version":[{"id":4234,"href":"https:\/\/jundiai.sp.gov.br\/saude\/wp-json\/wp\/v2\/pages\/249\/revisions\/4234"}],"up":[{"embeddable":true,"href":"https:\/\/jundiai.sp.gov.br\/saude\/wp-json\/wp\/v2\/pages\/226"}],"wp:attachment":[{"href":"https:\/\/jundiai.sp.gov.br\/saude\/wp-json\/wp\/v2\/media?parent=249"}],"curies":[{"name":"wp","href":"https:\/\/api.w.org\/{rel}","templated":true}]}}