{"id":255,"date":"2014-08-27T11:22:06","date_gmt":"2014-08-27T14:22:06","guid":{"rendered":"https:\/\/jundiai.sp.gov.br\/saude\/?page_id=255"},"modified":"2014-08-27T11:32:21","modified_gmt":"2014-08-27T14:32:21","slug":"servico-de-atendimento-a-pacientes-especiais-e-cronicos-saec","status":"publish","type":"page","link":"https:\/\/jundiai.sp.gov.br\/saude\/assistencia-hospitalar-e-urgencia-e-emergencia\/servico-de-atendimento-a-pacientes-especiais-e-cronicos-saec\/","title":{"rendered":"Servi\u00e7o de Atendimento a Pacientes Especiais e Cr\u00f4nicos (Saec)"},"content":{"rendered":"<p><strong>O que \u00e9 ?<\/strong><\/p>\n<p>Servi\u00e7o de atendimento a pacientes especiais e cr\u00f4nicos, prestado por ambul\u00e2ncias com profissionais treinados e capacitados em remo\u00e7\u00e3o de pacientes para terapias, exames, consultas, altas hospitalares, mediante agendamento pr\u00e9vio no pr\u00f3prio servi\u00e7o.<\/p>\n<p>Pode tamb\u00e9m servir como apoio em casos j\u00e1 avaliados pela regula\u00e7\u00e3o m\u00e9dica do SAMU (Servi\u00e7o de Atendimento M\u00f3vel de Urg\u00eancia).<\/p>\n<p>&nbsp;<\/p>\n<p><strong>Quando \u00e9 necess\u00e1rio?<\/strong><\/p>\n<p>Direcionado a pacientes acamados, ou n\u00e3o, com dificuldades de locomo\u00e7\u00e3o, para realiza\u00e7\u00e3o de exames, consultas e procedimentos m\u00e9dicos.<\/p>\n<p>&nbsp;<\/p>\n<p><strong>Documentos Necess\u00e1rios:<\/strong><\/p>\n<ul>\n<li>apresenta\u00e7\u00e3o de RG ou outro documento de identifica\u00e7\u00e3o original com foto;<\/li>\n<li>apresenta\u00e7\u00e3o de comprovante de resid\u00eancia original (conta de \u00e1gua, luz ou telefone).<\/li>\n<\/ul>\n<p><strong>Quem deve solicitar o servi\u00e7o?<\/strong><\/p>\n<p>Familiar ou respons\u00e1vel pelo agendamento no servi\u00e7o solicitante, mediante apresenta\u00e7\u00e3o de relat\u00f3rio m\u00e9dico em que conste a necessidade de remo\u00e7\u00e3o do paciente. Deve ser informado telefone para contato.<\/p>\n<p>&nbsp;<\/p>\n","protected":false},"excerpt":{"rendered":"<p>O que \u00e9 ? Servi\u00e7o de atendimento a pacientes especiais e cr\u00f4nicos, prestado por ambul\u00e2ncias com profissionais treinados e capacitados em remo\u00e7\u00e3o de pacientes para terapias, exames, consultas, altas hospitalares, mediante agendamento pr\u00e9vio no pr\u00f3prio servi\u00e7o. Pode tamb\u00e9m servir como apoio em casos j\u00e1 avaliados pela regula\u00e7\u00e3o m\u00e9dica do SAMU (Servi\u00e7o de Atendimento M\u00f3vel de [&hellip;]<\/p>\n","protected":false},"author":14,"featured_media":0,"parent":226,"menu_order":0,"comment_status":"closed","ping_status":"closed","template":"page-subpaginas.php","meta":{"footnotes":""},"class_list":["post-255","page","type-page","status-publish","hentry"],"_links":{"self":[{"href":"https:\/\/jundiai.sp.gov.br\/saude\/wp-json\/wp\/v2\/pages\/255","targetHints":{"allow":["GET"]}}],"collection":[{"href":"https:\/\/jundiai.sp.gov.br\/saude\/wp-json\/wp\/v2\/pages"}],"about":[{"href":"https:\/\/jundiai.sp.gov.br\/saude\/wp-json\/wp\/v2\/types\/page"}],"author":[{"embeddable":true,"href":"https:\/\/jundiai.sp.gov.br\/saude\/wp-json\/wp\/v2\/users\/14"}],"replies":[{"embeddable":true,"href":"https:\/\/jundiai.sp.gov.br\/saude\/wp-json\/wp\/v2\/comments?post=255"}],"version-history":[{"count":3,"href":"https:\/\/jundiai.sp.gov.br\/saude\/wp-json\/wp\/v2\/pages\/255\/revisions"}],"predecessor-version":[{"id":258,"href":"https:\/\/jundiai.sp.gov.br\/saude\/wp-json\/wp\/v2\/pages\/255\/revisions\/258"}],"up":[{"embeddable":true,"href":"https:\/\/jundiai.sp.gov.br\/saude\/wp-json\/wp\/v2\/pages\/226"}],"wp:attachment":[{"href":"https:\/\/jundiai.sp.gov.br\/saude\/wp-json\/wp\/v2\/media?parent=255"}],"curies":[{"name":"wp","href":"https:\/\/api.w.org\/{rel}","templated":true}]}}