{"id":266,"date":"2014-08-27T11:40:14","date_gmt":"2014-08-27T14:40:14","guid":{"rendered":"https:\/\/jundiai.sp.gov.br\/saude\/?page_id=266"},"modified":"2026-04-07T17:03:03","modified_gmt":"2026-04-07T20:03:03","slug":"vacinacao","status":"publish","type":"page","link":"https:\/\/jundiai.sp.gov.br\/saude\/vacinacao\/","title":{"rendered":"Cuidar \u00e9 Vacinar"},"content":{"rendered":"\n<h3 class=\"wp-block-heading\"><strong>Vacina\u00e7\u00e3o contra Gripe<\/strong><\/h3>\n\n\n\n<h5 class=\"wp-block-heading\"><strong>Agendamento 11\/04 &#8211; Parque da Uva<\/strong><\/h5>\n\n\n\n<div style=\"height:20px\" aria-hidden=\"true\" class=\"wp-block-spacer\"><\/div>\n\n\n\n<div class=\"wp-block-buttons is-content-justification-center is-layout-flex wp-container-core-buttons-is-layout-16018d1d wp-block-buttons-is-layout-flex\">\n<div class=\"wp-block-button\"><a class=\"wp-block-button__link has-white-color has-text-color has-link-color wp-element-button\" href=\"https:\/\/web.cijun.sp.gov.br\/PMJ\/AGENDAMENTO\/2\/manutencao-agendamento\/2355\" target=\"_blank\" rel=\"noopener\">VACINA\u00c7\u00c3O CONTRA GRIPE<br>DEFICI\u00caNCIA\/MOBILIDADE REDUZIDA<\/a><\/div>\n\n\n\n<div class=\"wp-block-button\"><a class=\"wp-block-button__link has-white-color has-text-color has-link-color wp-element-button\" href=\"https:\/\/web.cijun.sp.gov.br\/PMJ\/AGENDAMENTO\/2\/manutencao-agendamento\/2356\" target=\"_blank\" rel=\"noopener\">VACINA\u00c7\u00c3O CONTRA GRIPE<br>IDOSOS A PARTIR DOS 60 ANOS<\/a><\/div>\n<\/div>\n\n\n\n<div style=\"height:20px\" aria-hidden=\"true\" class=\"wp-block-spacer\"><\/div>\n\n\n\n<div class=\"wp-block-buttons is-content-justification-center is-layout-flex wp-container-core-buttons-is-layout-16018d1d wp-block-buttons-is-layout-flex\">\n<div class=\"wp-block-button\"><a class=\"wp-block-button__link has-white-color has-text-color has-link-color wp-element-button\" href=\"https:\/\/web.cijun.sp.gov.br\/PMJ\/AGENDAMENTO\/2\/consulta-agendamento\" target=\"_blank\" rel=\"noopener\">Consultar Agendamento<\/a><\/div>\n\n\n\n<div class=\"wp-block-button\"><a class=\"wp-block-button__link has-white-color has-text-color has-link-color wp-element-button\" href=\"https:\/\/web.cijun.sp.gov.br\/PMJ\/AGENDAMENTO\/2\/cancelamento-agendamento\" target=\"_blank\" rel=\"noopener\">Cancelar Agendamento<\/a><\/div>\n<\/div>\n\n\n\n<div style=\"height:150px\" aria-hidden=\"true\" class=\"wp-block-spacer\"><\/div>\n\n\n\n<figure class=\"wp-block-image size-large\"><img loading=\"lazy\" decoding=\"async\" width=\"1280\" height=\"905\" src=\"https:\/\/jundiai.sp.gov.br\/saude\/wp-content\/uploads\/sites\/17\/2026\/03\/calend_rio-nacional-de-vacina__o-1280x905.png\" alt=\"\" class=\"wp-image-6895\" srcset=\"https:\/\/jundiai.sp.gov.br\/saude\/wp-content\/uploads\/sites\/17\/2026\/03\/calend_rio-nacional-de-vacina__o-1280x905.png 1280w, https:\/\/jundiai.sp.gov.br\/saude\/wp-content\/uploads\/sites\/17\/2026\/03\/calend_rio-nacional-de-vacina__o-300x212.png 300w, https:\/\/jundiai.sp.gov.br\/saude\/wp-content\/uploads\/sites\/17\/2026\/03\/calend_rio-nacional-de-vacina__o-768x543.png 768w, https:\/\/jundiai.sp.gov.br\/saude\/wp-content\/uploads\/sites\/17\/2026\/03\/calend_rio-nacional-de-vacina__o-1536x1086.png 1536w, https:\/\/jundiai.sp.gov.br\/saude\/wp-content\/uploads\/sites\/17\/2026\/03\/calend_rio-nacional-de-vacina__o.png 2000w\" sizes=\"auto, (max-width: 1280px) 100vw, 1280px\" \/><\/figure>\n\n\n\n<div style=\"height:50px\" aria-hidden=\"true\" class=\"wp-block-spacer\"><\/div>\n\n\n\n<h3 class=\"wp-block-heading\"><strong>Vacina\u00e7\u00e3o contra COVID-19<\/strong><\/h3>\n\n\n\n<p><a href=\"https:\/\/jundiai.sp.gov.br\/coronavirus\/calendario-de-vacinacao\/\">Mais informa\u00e7\u00f5es sobre a vacina\u00e7\u00e3o contra a COVID-19<\/a><\/p>\n\n\n\n<p><\/p>\n","protected":false},"excerpt":{"rendered":"<p>Vacina\u00e7\u00e3o contra Gripe Agendamento 11\/04 &#8211; Parque da Uva Vacina\u00e7\u00e3o contra COVID-19 Mais informa\u00e7\u00f5es sobre a vacina\u00e7\u00e3o contra a COVID-19<\/p>\n","protected":false},"author":14,"featured_media":0,"parent":0,"menu_order":0,"comment_status":"closed","ping_status":"closed","template":"","meta":{"footnotes":""},"class_list":["post-266","page","type-page","status-publish","hentry"],"_links":{"self":[{"href":"https:\/\/jundiai.sp.gov.br\/saude\/wp-json\/wp\/v2\/pages\/266","targetHints":{"allow":["GET"]}}],"collection":[{"href":"https:\/\/jundiai.sp.gov.br\/saude\/wp-json\/wp\/v2\/pages"}],"about":[{"href":"https:\/\/jundiai.sp.gov.br\/saude\/wp-json\/wp\/v2\/types\/page"}],"author":[{"embeddable":true,"href":"https:\/\/jundiai.sp.gov.br\/saude\/wp-json\/wp\/v2\/users\/14"}],"replies":[{"embeddable":true,"href":"https:\/\/jundiai.sp.gov.br\/saude\/wp-json\/wp\/v2\/comments?post=266"}],"version-history":[{"count":31,"href":"https:\/\/jundiai.sp.gov.br\/saude\/wp-json\/wp\/v2\/pages\/266\/revisions"}],"predecessor-version":[{"id":6968,"href":"https:\/\/jundiai.sp.gov.br\/saude\/wp-json\/wp\/v2\/pages\/266\/revisions\/6968"}],"wp:attachment":[{"href":"https:\/\/jundiai.sp.gov.br\/saude\/wp-json\/wp\/v2\/media?parent=266"}],"curies":[{"name":"wp","href":"https:\/\/api.w.org\/{rel}","templated":true}]}}