{"id":2708,"date":"2017-11-07T16:34:22","date_gmt":"2017-11-07T18:34:22","guid":{"rendered":"https:\/\/jundiai.sp.gov.br\/saude\/?page_id=2708"},"modified":"2023-12-15T10:28:49","modified_gmt":"2023-12-15T13:28:49","slug":"links-uteis","status":"publish","type":"page","link":"https:\/\/jundiai.sp.gov.br\/saude\/visat\/links-uteis\/","title":{"rendered":"Links \u00fateis"},"content":{"rendered":"\n<p><strong>Sindicatos da Regi\u00e3o<\/strong><\/p>\n\n\n\n<ul class=\"wp-block-list\">\n<li><a href=\"https:\/\/jundiai.sp.gov.br\/saude\/wp-content\/uploads\/sites\/17\/2019\/04\/endereco-de-sindicatos.pdf\">Endere\u00e7os Sindicatos<\/a><\/li>\n<\/ul>\n\n\n\n<p><\/p>\n\n\n\n<div style=\"height:20px\" aria-hidden=\"true\" class=\"wp-block-spacer\"><\/div>\n\n\n\n<p><strong>Outros Links<\/strong><\/p>\n\n\n\n<ul class=\"wp-block-list\">\n<li><a href=\"http:\/\/portalsaude.saude.gov.br\/index.php\/o-ministerio\/principal\/secretarias\/svs\/saude-do-trabalhador\">Minist\u00e9rio da Sa\u00fade: Sa\u00fade do Trabalhador<\/a><\/li>\n\n\n\n<li><a href=\"https:\/\/www.gov.br\/trabalho-e-emprego\/pt-br\" target=\"_blank\" rel=\"noreferrer noopener\">Minist\u00e9rio do Trabalho e Emprego<\/a><\/li>\n\n\n\n<li><a href=\"http:\/\/www.prt15.mpt.mp.br\/\">Minist\u00e9rio P\u00fablico do Trabalho 15\u00aa Regi\u00e3o \u2013 Campinas<\/a><\/li>\n\n\n\n<li><a href=\"https:\/\/www.inss.gov.br\/\">Previd\u00eancia Social \u2013 INSS<\/a><\/li>\n\n\n\n<li><a href=\"https:\/\/renastonline.ensp.fiocruz.br\/temas\/rede-nacional-atencao-integral-saude-trabalhador-renast\">Rede Nacional de Aten\u00e7\u00e3o Integral \u00e0 Sa\u00fade do Trabalhador \u2013 RENAST<\/a><\/li>\n\n\n\n<li><a href=\"https:\/\/cvs.saude.sp.gov.br\/cvs.asp\" target=\"_blank\" rel=\"noreferrer noopener\">Centro de Vigil\u00e2ncia Sanit\u00e1ria \u2013 CVS<\/a><\/li>\n<\/ul>\n","protected":false},"excerpt":{"rendered":"<p>Sindicatos da Regi\u00e3o Outros Links<\/p>\n","protected":false},"author":30,"featured_media":0,"parent":2702,"menu_order":0,"comment_status":"closed","ping_status":"closed","template":"","meta":{"footnotes":""},"class_list":["post-2708","page","type-page","status-publish","hentry"],"_links":{"self":[{"href":"https:\/\/jundiai.sp.gov.br\/saude\/wp-json\/wp\/v2\/pages\/2708","targetHints":{"allow":["GET"]}}],"collection":[{"href":"https:\/\/jundiai.sp.gov.br\/saude\/wp-json\/wp\/v2\/pages"}],"about":[{"href":"https:\/\/jundiai.sp.gov.br\/saude\/wp-json\/wp\/v2\/types\/page"}],"author":[{"embeddable":true,"href":"https:\/\/jundiai.sp.gov.br\/saude\/wp-json\/wp\/v2\/users\/30"}],"replies":[{"embeddable":true,"href":"https:\/\/jundiai.sp.gov.br\/saude\/wp-json\/wp\/v2\/comments?post=2708"}],"version-history":[{"count":13,"href":"https:\/\/jundiai.sp.gov.br\/saude\/wp-json\/wp\/v2\/pages\/2708\/revisions"}],"predecessor-version":[{"id":5133,"href":"https:\/\/jundiai.sp.gov.br\/saude\/wp-json\/wp\/v2\/pages\/2708\/revisions\/5133"}],"up":[{"embeddable":true,"href":"https:\/\/jundiai.sp.gov.br\/saude\/wp-json\/wp\/v2\/pages\/2702"}],"wp:attachment":[{"href":"https:\/\/jundiai.sp.gov.br\/saude\/wp-json\/wp\/v2\/media?parent=2708"}],"curies":[{"name":"wp","href":"https:\/\/api.w.org\/{rel}","templated":true}]}}