{"id":2714,"date":"2017-11-07T16:35:09","date_gmt":"2017-11-07T18:35:09","guid":{"rendered":"https:\/\/jundiai.sp.gov.br\/saude\/?page_id=2714"},"modified":"2023-01-03T10:14:37","modified_gmt":"2023-01-03T13:14:37","slug":"regiao-de-abrangencia","status":"publish","type":"page","link":"https:\/\/jundiai.sp.gov.br\/saude\/visat\/regiao-de-abrangencia\/","title":{"rendered":"Regi\u00e3o de Abrang\u00eancia"},"content":{"rendered":"<div class=\"wp-block-image\">\n<figure class=\"aligncenter size-large is-resized\"><a href=\"https:\/\/jundiai.sp.gov.br\/saude\/wp-content\/uploads\/sites\/17\/2021\/09\/mapa-cerest.png\"><img loading=\"lazy\" decoding=\"async\" src=\"https:\/\/jundiai.sp.gov.br\/saude\/wp-content\/uploads\/sites\/17\/2021\/09\/mapa-cerest.png\" alt=\"\" class=\"wp-image-4003\" width=\"840\" height=\"609\" srcset=\"https:\/\/jundiai.sp.gov.br\/saude\/wp-content\/uploads\/sites\/17\/2021\/09\/mapa-cerest.png 1222w, https:\/\/jundiai.sp.gov.br\/saude\/wp-content\/uploads\/sites\/17\/2021\/09\/mapa-cerest-300x218.png 300w, https:\/\/jundiai.sp.gov.br\/saude\/wp-content\/uploads\/sites\/17\/2021\/09\/mapa-cerest-768x557.png 768w\" sizes=\"auto, (max-width: 840px) 100vw, 840px\" \/><\/a><\/figure>\n<\/div>\n\n\n<div class=\"wp-block-columns is-layout-flex wp-container-core-columns-is-layout-9d6595d7 wp-block-columns-is-layout-flex\">\n<div class=\"wp-block-column is-layout-flow wp-block-column-is-layout-flow\">\n<p><strong>Vigil\u00e2ncia em Sa\u00fade de Atibaia<\/strong><br>Telefone: (11) 4414-2442<br>E-mail: <a href=\"mailto:visat@atibaia.sp.gov.br\">visat@atibaia.sp.gov.br<\/a><\/p>\n\n\n\n<p><strong>Vigil\u00e2ncia em Sa\u00fade de Bom Jesus dos Perd\u00f5es<\/strong><br>Telefone: (11) 4012-7583<br>E-mail: <a href=\"mailto:visabjp@bjperdoes.sp.gov.br\">visabjp@bjperdoes.sp.gov.br<\/a><\/p>\n\n\n\n<p><strong>Vigil\u00e2ncia em Sa\u00fade de Campo Limpo Paulista<\/strong><br>Telefone: (11) 4039-2626<br>E-mail: <a href=\"mailto:visa.vs@campolimpopaulista.sp.gov.br\" target=\"_blank\" rel=\"noreferrer noopener\">visa.vs@campolimpopaulista.sp.gov.br<\/a><\/p>\n\n\n\n<p><strong>Vigil\u00e2ncia em Sa\u00fade de Itatiba<\/strong><br>Telefone: (11) 4538-6239<br>E-mail: <a href=\"mailto:visaadm@visa.itatiba.sp.gov.br\">visaadm@visa.itatiba.sp.gov.br<\/a><\/p>\n\n\n\n<p><strong>Vigil\u00e2ncia em Sa\u00fade de Jarinu<\/strong><br>Telefone: (11) 4016-8106<br>E-mail: <a href=\"mailto:vigilancia.sanitaria@jarinu.sp.gov.br\">vigilancia.sanitaria@jarinu.sp.gov.br<\/a> \u00a0<\/p>\n\n\n\n<p><\/p>\n<\/div>\n\n\n\n<div class=\"wp-block-column is-layout-flow wp-block-column-is-layout-flow\">\n<p><strong>Vigil\u00e2ncia em Sa\u00fade de Louveira<\/strong><br>Telefone: (19) 3878-3630<br>E-mail: <a href=\"mailto:diretor.visa@louveira.sp.gov.br\">diretor.visa@louveira.sp.gov.br<\/a>&nbsp;<\/p>\n\n\n\n<p><strong>Vigil\u00e2ncia em Sa\u00fade de Morungaba<\/strong><br>Telefone: (11) 4014-4623<br>E-mail: <a href=\"mailto:morungabavisa@gmail.com\">morungabavisa@gmail.com<\/a><\/p>\n\n\n\n<p><strong>Vigil\u00e2ncia em Sa\u00fade de Nazar\u00e9 Paulista<\/strong><br>Telefone: (11) 4597-1526<br>E-mail: <a href=\"mailto:vigilanciasanitaria@nazarepaulista.sp.gov.br\">vigilanciasanitaria@nazarepaulista.sp.gov.br<\/a><\/p>\n\n\n\n<p><strong>Vigil\u00e2ncia em Sa\u00fade de V\u00e1rzea Paulista<\/strong><br>Telefone: (11) 4606-8137<br>E-mail: <a href=\"about:blank\">sa\u00fade.trabalhador@varzeapaulista.sp.gov.br<\/a><\/p>\n\n\n\n<p><strong>Vigil\u00e2ncia em Sa\u00fade de Vinhedo<\/strong><br>Telefone: (19) 3826-7499<br>E-mail: <a href=\"mailto:vigilanciasanitaria.saude@vinhedo.sp.gov.br\">vigilanciasanitaria.saude@vinhedo.sp.gov.br<\/a><\/p>\n<\/div>\n<\/div>\n","protected":false},"excerpt":{"rendered":"<p>Vigil\u00e2ncia em Sa\u00fade de AtibaiaTelefone: (11) 4414-2442E-mail: visat@atibaia.sp.gov.br Vigil\u00e2ncia em Sa\u00fade de Bom Jesus dos Perd\u00f5esTelefone: (11) 4012-7583E-mail: visabjp@bjperdoes.sp.gov.br Vigil\u00e2ncia em Sa\u00fade de Campo Limpo PaulistaTelefone: (11) 4039-2626E-mail: visa.vs@campolimpopaulista.sp.gov.br Vigil\u00e2ncia em Sa\u00fade de ItatibaTelefone: (11) 4538-6239E-mail: visaadm@visa.itatiba.sp.gov.br Vigil\u00e2ncia em Sa\u00fade de JarinuTelefone: (11) 4016-8106E-mail: vigilancia.sanitaria@jarinu.sp.gov.br \u00a0 Vigil\u00e2ncia em Sa\u00fade de LouveiraTelefone: (19) 3878-3630E-mail: diretor.visa@louveira.sp.gov.br&nbsp; Vigil\u00e2ncia [&hellip;]<\/p>\n","protected":false},"author":30,"featured_media":0,"parent":2702,"menu_order":0,"comment_status":"closed","ping_status":"closed","template":"","meta":{"footnotes":""},"class_list":["post-2714","page","type-page","status-publish","hentry"],"_links":{"self":[{"href":"https:\/\/jundiai.sp.gov.br\/saude\/wp-json\/wp\/v2\/pages\/2714","targetHints":{"allow":["GET"]}}],"collection":[{"href":"https:\/\/jundiai.sp.gov.br\/saude\/wp-json\/wp\/v2\/pages"}],"about":[{"href":"https:\/\/jundiai.sp.gov.br\/saude\/wp-json\/wp\/v2\/types\/page"}],"author":[{"embeddable":true,"href":"https:\/\/jundiai.sp.gov.br\/saude\/wp-json\/wp\/v2\/users\/30"}],"replies":[{"embeddable":true,"href":"https:\/\/jundiai.sp.gov.br\/saude\/wp-json\/wp\/v2\/comments?post=2714"}],"version-history":[{"count":16,"href":"https:\/\/jundiai.sp.gov.br\/saude\/wp-json\/wp\/v2\/pages\/2714\/revisions"}],"predecessor-version":[{"id":4523,"href":"https:\/\/jundiai.sp.gov.br\/saude\/wp-json\/wp\/v2\/pages\/2714\/revisions\/4523"}],"up":[{"embeddable":true,"href":"https:\/\/jundiai.sp.gov.br\/saude\/wp-json\/wp\/v2\/pages\/2702"}],"wp:attachment":[{"href":"https:\/\/jundiai.sp.gov.br\/saude\/wp-json\/wp\/v2\/media?parent=2714"}],"curies":[{"name":"wp","href":"https:\/\/api.w.org\/{rel}","templated":true}]}}