{"id":2716,"date":"2017-11-07T16:36:30","date_gmt":"2017-11-07T18:36:30","guid":{"rendered":"https:\/\/jundiai.sp.gov.br\/saude\/?page_id=2716"},"modified":"2024-06-14T15:01:07","modified_gmt":"2024-06-14T18:01:07","slug":"dicas-para-os-trabalhadores","status":"publish","type":"page","link":"https:\/\/jundiai.sp.gov.br\/saude\/visat\/dicas-para-os-trabalhadores\/","title":{"rendered":"Dicas para os Trabalhadores"},"content":{"rendered":"\n<p><strong>1. O que \u00e9 acidente do trabalho?<\/strong><\/p>\n\n\n\n<p>\u00c9 o acidente que ocorre dentro ou fora do local de trabalho \u00e0 servi\u00e7o da empresa. Provoca les\u00e3o corporal ou perturba\u00e7\u00e3o funcional e causa direta ou indiretamente morte, perda, redu\u00e7\u00e3o permanente ou tempor\u00e1ria da capacidade para o trabalho.<\/p>\n\n\n\n<p><strong>2. O que \u00e9 acidente de trajeto?<\/strong><\/p>\n\n\n\n<p>\u00c9 aquele que ocorre com o trabalhador quando no percurso habitual e rotineiro de casa para o trabalho ou vice versa.<\/p>\n\n\n\n<p><strong>3. O que \u00e9 Comunica\u00e7\u00e3o de Acidente do Trabalho \u2013 CAT?<\/strong><\/p>\n\n\n\n<p>A CAT \u2013 Comunica\u00e7\u00e3o de Acidente de Trabalho \u00e9 o documento que informa ao INSS que o trabalhador sofreu acidente de trabalho ou suspeita-se que tenha adquirido uma doen\u00e7a de trabalho.<\/p>\n\n\n\n<p><strong>4. Quem emite a CAT?<\/strong><\/p>\n\n\n\n<p>Normalmente \u00e9 emitida pela empresa onde ocorreu o acidente, mas caso ela n\u00e3o o fa\u00e7a, o sindicato, o pr\u00f3prio trabalhador, o m\u00e9dico que assistiu o trabalhador ou ainda qualquer autoridade p\u00fablica podem comunicar o acidente \u00e0 Previd\u00eancia Social, conforme artigo 22 da Lei 8213\/1991.<\/p>\n\n\n\n<p><strong>5. Qualquer acidente e doen\u00e7a do trabalho deve ter uma CAT emitida?<\/strong><\/p>\n\n\n\n<p>Sim. Para trabalhadores vinculados ao INSS, o correto \u00e9 emitir a CAT mesmo se for acidente sem afastamento. Quando h\u00e1 afastamento, os primeiros 15 dias ocorre sob encargo da empresa. Ap\u00f3s esse per\u00edodo, se houver necessidade de mais tempo de afastamento, este correr\u00e1 por conta do INSS. As doen\u00e7as do trabalho devem ter CAT emitida a partir da suspeita da sua exist\u00eancia. Nos acidentes de trajeto tamb\u00e9m devem ser emitidas CAT.<\/p>\n\n\n\n<p><strong>6. O que fazer quando voc\u00ea sofre um acidente de trabalho?<\/strong><\/p>\n\n\n\n<p>Procurar imediatamente um pronto socorro ou pronto atendimento para avalia\u00e7\u00e3o m\u00e9dica e conduta.<\/p>\n\n\n\n<p><strong>7. O que \u00e9 doen\u00e7a ocupacional?<\/strong><\/p>\n\n\n\n<p>Doen\u00e7a ocupacional \u00e9 a designa\u00e7\u00e3o de v\u00e1rias doen\u00e7as que causam altera\u00e7\u00f5es na sa\u00fade do trabalhador, provocadas por fatores relacionados com o ambiente de trabalho. No Brasil, a doen\u00e7a ocupacional \u00e9 equiparada ao acidente de trabalho, gerando os mesmos direitos e benef\u00edcios.<\/p>\n\n\n\n<p><strong>8. Como fazer para ser atendido no CEREST?<\/strong><\/p>\n\n\n\n<p>Possuir cadastro na Unidade de Sa\u00fade de refer\u00eancia de seu bairro. Para o cadastramento na Unidade de Sa\u00fade \u00e9 necess\u00e1rio apresentar o documento de identidade com foto e comprovante de resid\u00eancia atual (conta de \u00e1gua ou de luz). Agendar consulta na Unidade de Sa\u00fade de refer\u00eancia do bairro onde mora, para avalia\u00e7\u00e3o do caso e posterior encaminhamento a crit\u00e9rio m\u00e9dico, enfermeiro ou outro profissional da sa\u00fade de n\u00edvel superior.<\/p>\n\n\n\n<p><strong>9. Quem tem direito ao atendimento no CEREST?<\/strong><\/p>\n\n\n\n<p>Todo trabalhador, independente do v\u00ednculo empregat\u00edcio, que sofreu acidente ou doen\u00e7a do trabalho, desde que encaminhado por \u00f3rg\u00e3o competente.<\/p>\n\n\n\n<p><strong>10. Documentos necess\u00e1rios para o atendimento no CEREST:<\/strong><\/p>\n\n\n\n<p>Documento de identidade com foto, comprovante de resid\u00eancia, encaminhamento m\u00e9dico da rede de sa\u00fade ou do \u00f3rg\u00e3o encaminhador, carteira de trabalho, laudos e relat\u00f3rios m\u00e9dicos, exames anteriores, CAT, se houver.<\/p>\n","protected":false},"excerpt":{"rendered":"<p>1. O que \u00e9 acidente do trabalho? \u00c9 o acidente que ocorre dentro ou fora do local de trabalho \u00e0 servi\u00e7o da empresa. Provoca les\u00e3o corporal ou perturba\u00e7\u00e3o funcional e causa direta ou indiretamente morte, perda, redu\u00e7\u00e3o permanente ou tempor\u00e1ria da capacidade para o trabalho. 2. O que \u00e9 acidente de trajeto? \u00c9 aquele que [&hellip;]<\/p>\n","protected":false},"author":30,"featured_media":0,"parent":2702,"menu_order":0,"comment_status":"closed","ping_status":"closed","template":"","meta":{"footnotes":""},"class_list":["post-2716","page","type-page","status-publish","hentry"],"_links":{"self":[{"href":"https:\/\/jundiai.sp.gov.br\/saude\/wp-json\/wp\/v2\/pages\/2716","targetHints":{"allow":["GET"]}}],"collection":[{"href":"https:\/\/jundiai.sp.gov.br\/saude\/wp-json\/wp\/v2\/pages"}],"about":[{"href":"https:\/\/jundiai.sp.gov.br\/saude\/wp-json\/wp\/v2\/types\/page"}],"author":[{"embeddable":true,"href":"https:\/\/jundiai.sp.gov.br\/saude\/wp-json\/wp\/v2\/users\/30"}],"replies":[{"embeddable":true,"href":"https:\/\/jundiai.sp.gov.br\/saude\/wp-json\/wp\/v2\/comments?post=2716"}],"version-history":[{"count":15,"href":"https:\/\/jundiai.sp.gov.br\/saude\/wp-json\/wp\/v2\/pages\/2716\/revisions"}],"predecessor-version":[{"id":5552,"href":"https:\/\/jundiai.sp.gov.br\/saude\/wp-json\/wp\/v2\/pages\/2716\/revisions\/5552"}],"up":[{"embeddable":true,"href":"https:\/\/jundiai.sp.gov.br\/saude\/wp-json\/wp\/v2\/pages\/2702"}],"wp:attachment":[{"href":"https:\/\/jundiai.sp.gov.br\/saude\/wp-json\/wp\/v2\/media?parent=2716"}],"curies":[{"name":"wp","href":"https:\/\/api.w.org\/{rel}","templated":true}]}}