{"id":2746,"date":"2017-11-07T17:30:10","date_gmt":"2017-11-07T19:30:10","guid":{"rendered":"https:\/\/jundiai.sp.gov.br\/saude\/?page_id=2746"},"modified":"2023-12-21T08:57:51","modified_gmt":"2023-12-21T11:57:51","slug":"institucional","status":"publish","type":"page","link":"https:\/\/jundiai.sp.gov.br\/saude\/visat\/institucional\/","title":{"rendered":"Institucional"},"content":{"rendered":"\n<p><strong>Coordena\u00e7\u00e3o: <\/strong>Fl\u00e1via Pagliarde Cerezer<\/p>\n\n\n\n<p><strong>Ger\u00eancia: <\/strong>Andr\u00e9 Mestriner<\/p>\n\n\n\n<p><strong>Contatos<\/strong><br>Telefones: (11) 4589-0359<br>Atendimento: segunda a sexta-feira das 07h \u00e0s 16h<br>E-mail: <a rel=\"noopener noreferrer\" href=\"mailto:cerestjundiai@jundiai.sp.gov.br.gov.br\" target=\"_blank\">cerestjundiai@jundiai.sp.gov.br<\/a><\/p>\n\n\n\n<hr class=\"wp-block-separator has-css-opacity is-style-wide\"\/>\n\n\n\n<p><strong>Hist\u00f3rico<\/strong><\/p>\n\n\n\n<p>O CEREST \u2013 Centro de Refer\u00eancia em Sa\u00fade do Trabalhador de Jundia\u00ed foi criado e habilitado pela portaria SAS\/MS n\u00ba 135 de 23 de Abril de 2004. \u00c9 um servi\u00e7o de refer\u00eancia regional que busca a promo\u00e7\u00e3o de mudan\u00e7as nos processos de trabalho em sa\u00fade do trabalhador, na organiza\u00e7\u00e3o da rede de aten\u00e7\u00e3o \u00e0 sa\u00fade, na atua\u00e7\u00e3o multiprofissional e interdisciplinar e retaguarda t\u00e9cnica aos munic\u00edpios de sua \u00e1rea de abrang\u00eancia.<\/p>\n\n\n\n<p><strong>Miss\u00e3o<\/strong><\/p>\n\n\n\n<p>Tornar poss\u00edvel a rela\u00e7\u00e3o saud\u00e1vel do ser humano com o ambiente de trabalho, realizando a\u00e7\u00f5es de preven\u00e7\u00e3o, promo\u00e7\u00e3o e prote\u00e7\u00e3o \u00e0 sa\u00fade em conjunto com a sociedade.<\/p>\n\n\n\n<p><strong>Vis\u00e3o<\/strong><\/p>\n\n\n\n<p>Ser centro de excel\u00eancia e refer\u00eancia t\u00e9cnica-cient\u00edfica em Sa\u00fade do Trabalhador no Estado.<\/p>\n\n\n\n<p><strong>Equipe<\/strong><\/p>\n\n\n\n<p>A equipe do CEREST \u2013 Jundia\u00ed \u00e9 composta pelos seguintes profissionais:<\/p>\n\n\n\n<p>N\u00edvel superior:<\/p>\n\n\n\n<ul class=\"wp-block-list\">\n<li>M\u00e9dico (a);<\/li>\n\n\n\n<li>Enfermeiro (a);<\/li>\n\n\n\n<li>Fonoaudi\u00f3logo (a);<\/li>\n\n\n\n<li>Engenheiro (a) de Seguran\u00e7a do Trabalho.<\/li>\n<\/ul>\n\n\n\n<p>N\u00edvel M\u00e9dio:<\/p>\n\n\n\n<ul class=\"wp-block-list\">\n<li>T\u00e9cnico (a) de Enfermagem;<\/li>\n\n\n\n<li>T\u00e9cnico (a) em Seguran\u00e7a do Trabalho;<\/li>\n\n\n\n<li>Assistente Administrativo;<\/li>\n\n\n\n<li>Motorista de ve\u00edculos leves.<\/li>\n<\/ul>\n\n\n\n<div style=\"height:50px\" aria-hidden=\"true\" class=\"wp-block-spacer\"><\/div>\n\n\n\n<div class=\"wp-block-columns is-layout-flex wp-container-core-columns-is-layout-9d6595d7 wp-block-columns-is-layout-flex\">\n<div class=\"wp-block-column is-vertically-aligned-center is-layout-flow wp-block-column-is-layout-flow\"><div class=\"wp-block-image\">\n<figure class=\"aligncenter size-full\"><img loading=\"lazy\" decoding=\"async\" width=\"131\" height=\"150\" src=\"https:\/\/jundiai.sp.gov.br\/saude\/wp-content\/uploads\/sites\/17\/2017\/11\/logo_renast_0.jpg\" alt=\"\" class=\"wp-image-2742\"\/><\/figure>\n<\/div><\/div>\n\n\n\n<div class=\"wp-block-column is-vertically-aligned-center is-layout-flow wp-block-column-is-layout-flow\"><div class=\"wp-block-image\">\n<figure class=\"aligncenter size-full is-resized\"><img loading=\"lazy\" decoding=\"async\" width=\"628\" height=\"620\" src=\"https:\/\/jundiai.sp.gov.br\/saude\/wp-content\/uploads\/sites\/17\/2017\/11\/cerestlogotipo.png\" alt=\"\" class=\"wp-image-2744\" style=\"width:200px\" srcset=\"https:\/\/jundiai.sp.gov.br\/saude\/wp-content\/uploads\/sites\/17\/2017\/11\/cerestlogotipo.png 628w, https:\/\/jundiai.sp.gov.br\/saude\/wp-content\/uploads\/sites\/17\/2017\/11\/cerestlogotipo-100x100.png 100w, https:\/\/jundiai.sp.gov.br\/saude\/wp-content\/uploads\/sites\/17\/2017\/11\/cerestlogotipo-300x296.png 300w\" sizes=\"auto, (max-width: 628px) 100vw, 628px\" \/><\/figure>\n<\/div><\/div>\n<\/div>\n","protected":false},"excerpt":{"rendered":"<p>Coordena\u00e7\u00e3o: Fl\u00e1via Pagliarde Cerezer Ger\u00eancia: Andr\u00e9 Mestriner ContatosTelefones: (11) 4589-0359Atendimento: segunda a sexta-feira das 07h \u00e0s 16hE-mail: cerestjundiai@jundiai.sp.gov.br Hist\u00f3rico O CEREST \u2013 Centro de Refer\u00eancia em Sa\u00fade do Trabalhador de Jundia\u00ed foi criado e habilitado pela portaria SAS\/MS n\u00ba 135 de 23 de Abril de 2004. \u00c9 um servi\u00e7o de refer\u00eancia regional que busca a [&hellip;]<\/p>\n","protected":false},"author":30,"featured_media":0,"parent":2702,"menu_order":0,"comment_status":"closed","ping_status":"closed","template":"","meta":{"footnotes":""},"class_list":["post-2746","page","type-page","status-publish","hentry"],"_links":{"self":[{"href":"https:\/\/jundiai.sp.gov.br\/saude\/wp-json\/wp\/v2\/pages\/2746","targetHints":{"allow":["GET"]}}],"collection":[{"href":"https:\/\/jundiai.sp.gov.br\/saude\/wp-json\/wp\/v2\/pages"}],"about":[{"href":"https:\/\/jundiai.sp.gov.br\/saude\/wp-json\/wp\/v2\/types\/page"}],"author":[{"embeddable":true,"href":"https:\/\/jundiai.sp.gov.br\/saude\/wp-json\/wp\/v2\/users\/30"}],"replies":[{"embeddable":true,"href":"https:\/\/jundiai.sp.gov.br\/saude\/wp-json\/wp\/v2\/comments?post=2746"}],"version-history":[{"count":25,"href":"https:\/\/jundiai.sp.gov.br\/saude\/wp-json\/wp\/v2\/pages\/2746\/revisions"}],"predecessor-version":[{"id":5151,"href":"https:\/\/jundiai.sp.gov.br\/saude\/wp-json\/wp\/v2\/pages\/2746\/revisions\/5151"}],"up":[{"embeddable":true,"href":"https:\/\/jundiai.sp.gov.br\/saude\/wp-json\/wp\/v2\/pages\/2702"}],"wp:attachment":[{"href":"https:\/\/jundiai.sp.gov.br\/saude\/wp-json\/wp\/v2\/media?parent=2746"}],"curies":[{"name":"wp","href":"https:\/\/api.w.org\/{rel}","templated":true}]}}