{"id":283,"date":"2014-08-27T16:05:11","date_gmt":"2014-08-27T19:05:11","guid":{"rendered":"https:\/\/jundiai.sp.gov.br\/saude\/?page_id=283"},"modified":"2025-09-09T11:40:58","modified_gmt":"2025-09-09T14:40:58","slug":"campanhas-de-vacinacao-informacoes","status":"publish","type":"page","link":"https:\/\/jundiai.sp.gov.br\/saude\/campanhas-de-vacinacao-informacoes\/","title":{"rendered":"Campanhas de Vacina\u00e7\u00e3o &#8211; Informa\u00e7\u00f5es"},"content":{"rendered":"<p><strong>O que \u00e9?<\/strong><\/p>\n<p>Informa\u00e7\u00f5es sobre campanhas de vacina\u00e7\u00e3o realizadas no Munic\u00edpio.<\/p>\n<p>&nbsp;<\/p>\n<p><strong>Quando \u00e9 necess\u00e1rio?<\/strong><\/p>\n<p>Para informa\u00e7\u00f5es sobre datas de campanhas de vacina\u00e7\u00e3o, p\u00fablico a ser vacinado e locais de vacina\u00e7\u00e3o.<\/p>\n<p>&nbsp;<\/p>\n<p><strong>Prazo Execu\u00e7\u00e3o:<\/strong>\u00a0Imediato.<br \/>\n<strong>Para orienta\u00e7\u00f5es e esclarecimentos:<\/strong><\/p>\n<ul>\n<li><strong>Disque den\u00fancia \u2013 <a href=\"http:\/\/portalsaude.saude.gov.br\/\" target=\"_blank\">Minist\u00e9rio da Sa\u00fade<\/a>: 0800 61 1997;<\/strong><\/li>\n<li><strong><a href=\"http:\/\/www.cve.saude.sp.gov.br\/\" target=\"_blank\">Centro de Vigil\u00e2ncia Epidemiol\u00f3gica do Estado de S\u00e3o Paulo<\/a>;<\/strong><\/li>\n<li><strong>Vigil\u00e2ncia Epidemiol\u00f3gica de Jundia\u00ed: telefone: (11) 4521-2031; e-mail: <a href=\"mailto:vigiepid@jundiai.sp.gov.br\" target=\"_blank\">vigiepid@jundiai.sp.gov.br<\/a>;<\/strong><\/li>\n<\/ul>\n","protected":false},"excerpt":{"rendered":"<p>O que \u00e9? Informa\u00e7\u00f5es sobre campanhas de vacina\u00e7\u00e3o realizadas no Munic\u00edpio. &nbsp; Quando \u00e9 necess\u00e1rio? Para informa\u00e7\u00f5es sobre datas de campanhas de vacina\u00e7\u00e3o, p\u00fablico a ser vacinado e locais de vacina\u00e7\u00e3o. &nbsp; Prazo Execu\u00e7\u00e3o:\u00a0Imediato. Para orienta\u00e7\u00f5es e esclarecimentos: Disque den\u00fancia \u2013 Minist\u00e9rio da Sa\u00fade: 0800 61 1997; Centro de Vigil\u00e2ncia Epidemiol\u00f3gica do Estado de S\u00e3o [&hellip;]<\/p>\n","protected":false},"author":14,"featured_media":0,"parent":0,"menu_order":0,"comment_status":"closed","ping_status":"closed","template":"page-subpaginas.php","meta":{"footnotes":""},"class_list":["post-283","page","type-page","status-publish","hentry"],"_links":{"self":[{"href":"https:\/\/jundiai.sp.gov.br\/saude\/wp-json\/wp\/v2\/pages\/283","targetHints":{"allow":["GET"]}}],"collection":[{"href":"https:\/\/jundiai.sp.gov.br\/saude\/wp-json\/wp\/v2\/pages"}],"about":[{"href":"https:\/\/jundiai.sp.gov.br\/saude\/wp-json\/wp\/v2\/types\/page"}],"author":[{"embeddable":true,"href":"https:\/\/jundiai.sp.gov.br\/saude\/wp-json\/wp\/v2\/users\/14"}],"replies":[{"embeddable":true,"href":"https:\/\/jundiai.sp.gov.br\/saude\/wp-json\/wp\/v2\/comments?post=283"}],"version-history":[{"count":2,"href":"https:\/\/jundiai.sp.gov.br\/saude\/wp-json\/wp\/v2\/pages\/283\/revisions"}],"predecessor-version":[{"id":287,"href":"https:\/\/jundiai.sp.gov.br\/saude\/wp-json\/wp\/v2\/pages\/283\/revisions\/287"}],"wp:attachment":[{"href":"https:\/\/jundiai.sp.gov.br\/saude\/wp-json\/wp\/v2\/media?parent=283"}],"curies":[{"name":"wp","href":"https:\/\/api.w.org\/{rel}","templated":true}]}}