{"id":288,"date":"2014-08-27T16:23:13","date_gmt":"2014-08-27T19:23:13","guid":{"rendered":"https:\/\/jundiai.sp.gov.br\/saude\/?page_id=288"},"modified":"2025-09-09T12:06:20","modified_gmt":"2025-09-09T15:06:20","slug":"vacinacao-contra-a-raiva-humana","status":"publish","type":"page","link":"https:\/\/jundiai.sp.gov.br\/saude\/vacinacao\/raiva-humana\/vacinacao-contra-a-raiva-humana\/","title":{"rendered":"Vacina\u00e7\u00e3o contra a Raiva Humana"},"content":{"rendered":"<p><strong>O que \u00e9 ?<\/strong><\/p>\n<p>Vacina recomendada para mun\u00edcipes v\u00edtimas de agress\u00e3o por animais.<\/p>\n<p><strong>Quando \u00e9 necess\u00e1rio?<\/strong><\/p>\n<p>Para pessoas que foram agredidas por c\u00e3es, gatos, macacos, morcegos e outros animais silvestres, com indica\u00e7\u00e3o m\u00e9dica.<\/p>\n<p><strong>Prazo Execu\u00e7\u00e3o:<\/strong>\u00a0Imediato.<\/p>\n<p><strong>Documentos Necess\u00e1rios:<\/strong><\/p>\n<ul>\n<li>Apresenta\u00e7\u00e3o de documento de identifica\u00e7\u00e3o original;<\/li>\n<li>Carteira de vacina\u00e7\u00e3o (se tiver).<\/li>\n<\/ul>\n<p><strong>Informa\u00e7\u00f5es complementares:<\/strong><\/p>\n<p>Atendimento inicial nas Unidades B\u00e1sicas de Sa\u00fade ou nos hospitais durante o seu hor\u00e1rio de funcionamento.<br \/>\nAcompanhamento para vacina\u00e7\u00e3o nas Unidades B\u00e1sicas de Sa\u00fade.<\/p>\n<p><strong>IMPORTANTE: Nunca matar o animal agressor. A Unidade de Sa\u00fade far\u00e1 a orienta\u00e7\u00e3o do procedimento a adotar.<\/strong><\/p>\n<p>&nbsp;<\/p>\n<p><strong>Para mais orienta\u00e7\u00f5es e esclarecimentos:<\/strong><\/p>\n<ul>\n<li><strong>Disque den\u00fancia \u2013 <a href=\"http:\/\/portalsaude.saude.gov.br\/\" target=\"_blank\">Minist\u00e9rio da Sa\u00fade<\/a>: 0800 61 1997;<\/strong><\/li>\n<li><strong><a href=\"http:\/\/www.cve.saude.sp.gov.br\/\" target=\"_blank\">Centro de Vigil\u00e2ncia Epidemiol\u00f3gica do Estado de S\u00e3o Paulo<\/a>;<\/strong><\/li>\n<li><strong>Vigil\u00e2ncia Epidemiol\u00f3gica de Jundia\u00ed: telefone: (11) 4521-2031; e-mail: <a href=\"mailto:vigiepid@jundiai.sp.gov.br\" target=\"_blank\">vigiepid@jundiai.sp.gov.br<\/a>;<\/strong><\/li>\n<li><strong>Aplica\u00e7\u00e3o das vacinas: comparecer a uma Unidade B\u00e1sica de Sa\u00fade do Munic\u00edpio.<\/strong><\/li>\n<\/ul>\n","protected":false},"excerpt":{"rendered":"<p>O que \u00e9 ? Vacina recomendada para mun\u00edcipes v\u00edtimas de agress\u00e3o por animais. Quando \u00e9 necess\u00e1rio? Para pessoas que foram agredidas por c\u00e3es, gatos, macacos, morcegos e outros animais silvestres, com indica\u00e7\u00e3o m\u00e9dica. Prazo Execu\u00e7\u00e3o:\u00a0Imediato. Documentos Necess\u00e1rios: Apresenta\u00e7\u00e3o de documento de identifica\u00e7\u00e3o original; Carteira de vacina\u00e7\u00e3o (se tiver). Informa\u00e7\u00f5es complementares: Atendimento inicial nas Unidades B\u00e1sicas [&hellip;]<\/p>\n","protected":false},"author":14,"featured_media":0,"parent":6653,"menu_order":0,"comment_status":"closed","ping_status":"closed","template":"page-subpaginas.php","meta":{"footnotes":""},"class_list":["post-288","page","type-page","status-publish","hentry"],"_links":{"self":[{"href":"https:\/\/jundiai.sp.gov.br\/saude\/wp-json\/wp\/v2\/pages\/288","targetHints":{"allow":["GET"]}}],"collection":[{"href":"https:\/\/jundiai.sp.gov.br\/saude\/wp-json\/wp\/v2\/pages"}],"about":[{"href":"https:\/\/jundiai.sp.gov.br\/saude\/wp-json\/wp\/v2\/types\/page"}],"author":[{"embeddable":true,"href":"https:\/\/jundiai.sp.gov.br\/saude\/wp-json\/wp\/v2\/users\/14"}],"replies":[{"embeddable":true,"href":"https:\/\/jundiai.sp.gov.br\/saude\/wp-json\/wp\/v2\/comments?post=288"}],"version-history":[{"count":3,"href":"https:\/\/jundiai.sp.gov.br\/saude\/wp-json\/wp\/v2\/pages\/288\/revisions"}],"predecessor-version":[{"id":293,"href":"https:\/\/jundiai.sp.gov.br\/saude\/wp-json\/wp\/v2\/pages\/288\/revisions\/293"}],"up":[{"embeddable":true,"href":"https:\/\/jundiai.sp.gov.br\/saude\/wp-json\/wp\/v2\/pages\/6653"}],"wp:attachment":[{"href":"https:\/\/jundiai.sp.gov.br\/saude\/wp-json\/wp\/v2\/media?parent=288"}],"curies":[{"name":"wp","href":"https:\/\/api.w.org\/{rel}","templated":true}]}}