{"id":2984,"date":"2018-10-11T16:23:10","date_gmt":"2018-10-11T19:23:10","guid":{"rendered":"https:\/\/jundiai.sp.gov.br\/saude\/?page_id=2984"},"modified":"2018-10-11T16:24:45","modified_gmt":"2018-10-11T19:24:45","slug":"dia-mundial-da-alimentacao","status":"publish","type":"page","link":"https:\/\/jundiai.sp.gov.br\/saude\/dia-mundial-da-alimentacao\/","title":{"rendered":"Dia Mundial da Alimenta\u00e7\u00e3o"},"content":{"rendered":"<p>Em 16 de outubro mais de 150 pa\u00edses se unem para promover a conscientiza\u00e7\u00e3o sobre a necessidade de garantir a seguran\u00e7a alimentar e nutricional adequada. Dentro do tema proposto da FAO para a data: <strong>\u201cNossas a\u00e7\u00f5es s\u00e3o o nosso futuro. \u00c9 poss\u00edvel um mundo <\/strong><strong>#FomeZero at\u00e9 2030\u201d<\/strong>, o Conselho de Seguran\u00e7a Alimentar de Jundia\u00ed convida a todos a refletir e participar.<\/p>\n<p style=\"text-align: center;\"><strong>Agenda de Jundia\u00ed \u2013 Dia Mundial da Alimenta\u00e7\u00e3o 2018<\/strong><\/p>\n<p><a href=\"https:\/\/jundiai.sp.gov.br\/saude\/wp-content\/uploads\/sites\/17\/2018\/10\/tab.png\"><img loading=\"lazy\" decoding=\"async\" class=\"size-full wp-image-2985 aligncenter\" src=\"https:\/\/jundiai.sp.gov.br\/saude\/wp-content\/uploads\/sites\/17\/2018\/10\/tab.png\" alt=\"\" width=\"654\" height=\"866\" srcset=\"https:\/\/jundiai.sp.gov.br\/saude\/wp-content\/uploads\/sites\/17\/2018\/10\/tab.png 654w, https:\/\/jundiai.sp.gov.br\/saude\/wp-content\/uploads\/sites\/17\/2018\/10\/tab-300x397.png 300w\" sizes=\"auto, (max-width: 654px) 100vw, 654px\" \/><\/a><\/p>\n","protected":false},"excerpt":{"rendered":"<p>Em 16 de outubro mais de 150 pa\u00edses se unem para promover a conscientiza\u00e7\u00e3o sobre a necessidade de garantir a seguran\u00e7a alimentar e nutricional adequada. Dentro do tema proposto da FAO para a data: \u201cNossas a\u00e7\u00f5es s\u00e3o o nosso futuro. \u00c9 poss\u00edvel um mundo #FomeZero at\u00e9 2030\u201d, o Conselho de Seguran\u00e7a Alimentar de Jundia\u00ed convida [&hellip;]<\/p>\n","protected":false},"author":37,"featured_media":0,"parent":0,"menu_order":0,"comment_status":"closed","ping_status":"closed","template":"","meta":{"footnotes":""},"class_list":["post-2984","page","type-page","status-publish","hentry"],"_links":{"self":[{"href":"https:\/\/jundiai.sp.gov.br\/saude\/wp-json\/wp\/v2\/pages\/2984","targetHints":{"allow":["GET"]}}],"collection":[{"href":"https:\/\/jundiai.sp.gov.br\/saude\/wp-json\/wp\/v2\/pages"}],"about":[{"href":"https:\/\/jundiai.sp.gov.br\/saude\/wp-json\/wp\/v2\/types\/page"}],"author":[{"embeddable":true,"href":"https:\/\/jundiai.sp.gov.br\/saude\/wp-json\/wp\/v2\/users\/37"}],"replies":[{"embeddable":true,"href":"https:\/\/jundiai.sp.gov.br\/saude\/wp-json\/wp\/v2\/comments?post=2984"}],"version-history":[{"count":4,"href":"https:\/\/jundiai.sp.gov.br\/saude\/wp-json\/wp\/v2\/pages\/2984\/revisions"}],"predecessor-version":[{"id":2989,"href":"https:\/\/jundiai.sp.gov.br\/saude\/wp-json\/wp\/v2\/pages\/2984\/revisions\/2989"}],"wp:attachment":[{"href":"https:\/\/jundiai.sp.gov.br\/saude\/wp-json\/wp\/v2\/media?parent=2984"}],"curies":[{"name":"wp","href":"https:\/\/api.w.org\/{rel}","templated":true}]}}