{"id":31,"date":"2014-08-25T13:59:51","date_gmt":"2014-08-25T16:59:51","guid":{"rendered":"https:\/\/jundiai.sp.gov.br\/saude\/?page_id=31"},"modified":"2025-06-16T09:57:58","modified_gmt":"2025-06-16T12:57:58","slug":"conferencias","status":"publish","type":"page","link":"https:\/\/jundiai.sp.gov.br\/saude\/conselho\/conferencias\/","title":{"rendered":"Confer\u00eancias"},"content":{"rendered":"\n<p><a href=\"https:\/\/jundiai.sp.gov.br\/saude\/wp-content\/uploads\/sites\/17\/2025\/05\/ata-relatorio-final-lista-de-presenca-assinados.pdf\">Confer\u00eancia  Municipal de Sa\u00fade do trabalhador e da trabalhadora do Munic\u00edpio de Jundia\u00ed &#8211;&nbsp; 11\/04\/2025<\/a><\/p>\n\n\n\n<p><a href=\"https:\/\/jundiai.sp.gov.br\/saude\/wp-content\/uploads\/sites\/17\/2024\/07\/1-plenaria-municipal-de-saude-11-02-2023.pdf\">Plen\u00e1ria Municipal de Sa\u00fade 11\/02\/2023<\/a><\/p>\n\n\n\n<p><a href=\"https:\/\/jundiai.sp.gov.br\/saude\/wp-content\/uploads\/sites\/17\/2024\/07\/2-2a-conferencia-municipal-de-saude-mental.pdf\">2\u00aa Confer\u00eancia Municipal de Sa\u00fade Mental<\/a><\/p>\n\n\n\n<p><a href=\"https:\/\/jundiai.sp.gov.br\/saude\/wp-content\/uploads\/sites\/17\/2024\/07\/3-relatorio-final-da-12a-conferencia-municipal-de-saude-2021-1.pdf\">Relat\u00f3rio Final da 12\u00aa Confer\u00eancia Municipal de Sa\u00fade de Jundia\u00ed &#8211; 2021<\/a><\/p>\n\n\n\n<p><a href=\"https:\/\/jundiai.sp.gov.br\/saude\/wp-content\/uploads\/sites\/17\/2024\/07\/4-relatorio-final-da-11a-conferencia-municipal-de-saude-de-jundiai-2019-1.pdf\">Relat\u00f3rio Final da 11\u00aa Confer\u00eancia Municipal de Sa\u00fade de Jundia\u00ed &#8211; 2019<\/a><\/p>\n\n\n\n<p><a href=\"https:\/\/jundiai.sp.gov.br\/saude\/wp-content\/uploads\/sites\/17\/2024\/07\/5-relatorio-final-da-conferencia-municipal-de-saude-2017.pdf\">Relat\u00f3rio Final da Confer\u00eancia Municipal de Sa\u00fade<\/a><\/p>\n\n\n\n<p><a href=\"https:\/\/jundiai.sp.gov.br\/saude\/wp-content\/uploads\/sites\/17\/2024\/07\/6-relatorio-final-da-etapa-municipal-da-conferencia-de-vigilancia-em-saude-1.pdf\">Relat\u00f3rio Final da Etapa Municipal da Confer\u00eancia de Vigil\u00e2ncia em Sa\u00fade<\/a><\/p>\n\n\n\n<p><a href=\"https:\/\/jundiai.sp.gov.br\/saude\/wp-content\/uploads\/sites\/17\/2017\/03\/RELATORIO-FINAL-DA-PLENARIA-MUNICIPAL-DE-SAUDE-DAS-MULHERES.pdf\" target=\"_blank\" rel=\"noopener noreferrer\">Relat\u00f3rio Final da Plen\u00e1ria de Sa\u00fade da Mulher<\/a><br>Relat\u00f3rio Final da Plen\u00e1ria de Sa\u00fade da Mulher &#8211; mar\u00e7o 2017<\/p>\n\n\n\n<p><a href=\"https:\/\/jundiai.sp.gov.br\/saude\/wp-content\/uploads\/sites\/17\/2014\/08\/relatorio_final.pdf\">I Confer\u00eancia Municipal de Sa\u00fade Mental de Jundia\u00ed<\/a><br>&#8220;Sa\u00fade Mental Direito e Compromisso de Todos: Consolidar Avan\u00e7o e Enfretar Desafios.&#8221;<\/p>\n\n\n\n<p><a href=\"https:\/\/jundiai.sp.gov.br\/saude\/wp-content\/uploads\/sites\/17\/2014\/08\/9conferencia.pdf\">9\u00aa Confer\u00eancia Municipal de Sa\u00fade de Jundia\u00ed<\/a><br>Todos usam o SUS! SUS na seguridade social, pol\u00edtica p\u00fablica, patrim\u00f4nio do povo brasileiro.<\/p>\n\n\n\n<p><a href=\"https:\/\/jundiai.sp.gov.br\/saude\/wp-content\/uploads\/sites\/17\/2024\/07\/10-relatorio-final-da-9a-conferencia-municipal-de-saude-de-jundiai.pdf\">Relat\u00f3rio final<strong> <\/strong>da 9\u00aa Confer\u00eancia Municipal de Sa\u00fade de Jundia\u00ed<\/a><\/p>\n\n\n\n<p><a href=\"https:\/\/jundiai.sp.gov.br\/saude\/wp-content\/uploads\/sites\/17\/2024\/07\/11-relatorio-final-da-plenaria-municipal-de-saude-1-1-1.pdf\">Relat\u00f3rio final da Plen\u00e1ria Municipal de Sa\u00fade<\/a><\/p>\n\n\n\n<p><a href=\"https:\/\/jundiai.sp.gov.br\/saude\/13a-conferencia-municipal-de-saude\/\">13\u00aa Confer\u00eancia Municipal de Sa\u00fade &#8211; 2025<\/a><\/p>\n\n\n\n<p><\/p>\n","protected":false},"excerpt":{"rendered":"<p>Confer\u00eancia Municipal de Sa\u00fade do trabalhador e da trabalhadora do Munic\u00edpio de Jundia\u00ed &#8211;&nbsp; 11\/04\/2025 Plen\u00e1ria Municipal de Sa\u00fade 11\/02\/2023 2\u00aa Confer\u00eancia Municipal de Sa\u00fade Mental Relat\u00f3rio Final da 12\u00aa Confer\u00eancia Municipal de Sa\u00fade de Jundia\u00ed &#8211; 2021 Relat\u00f3rio Final da 11\u00aa Confer\u00eancia Municipal de Sa\u00fade de Jundia\u00ed &#8211; 2019 Relat\u00f3rio Final da Confer\u00eancia Municipal [&hellip;]<\/p>\n","protected":false},"author":14,"featured_media":0,"parent":29,"menu_order":0,"comment_status":"closed","ping_status":"closed","template":"page-subpaginas.php","meta":{"footnotes":""},"class_list":["post-31","page","type-page","status-publish","hentry"],"_links":{"self":[{"href":"https:\/\/jundiai.sp.gov.br\/saude\/wp-json\/wp\/v2\/pages\/31","targetHints":{"allow":["GET"]}}],"collection":[{"href":"https:\/\/jundiai.sp.gov.br\/saude\/wp-json\/wp\/v2\/pages"}],"about":[{"href":"https:\/\/jundiai.sp.gov.br\/saude\/wp-json\/wp\/v2\/types\/page"}],"author":[{"embeddable":true,"href":"https:\/\/jundiai.sp.gov.br\/saude\/wp-json\/wp\/v2\/users\/14"}],"replies":[{"embeddable":true,"href":"https:\/\/jundiai.sp.gov.br\/saude\/wp-json\/wp\/v2\/comments?post=31"}],"version-history":[{"count":28,"href":"https:\/\/jundiai.sp.gov.br\/saude\/wp-json\/wp\/v2\/pages\/31\/revisions"}],"predecessor-version":[{"id":6469,"href":"https:\/\/jundiai.sp.gov.br\/saude\/wp-json\/wp\/v2\/pages\/31\/revisions\/6469"}],"up":[{"embeddable":true,"href":"https:\/\/jundiai.sp.gov.br\/saude\/wp-json\/wp\/v2\/pages\/29"}],"wp:attachment":[{"href":"https:\/\/jundiai.sp.gov.br\/saude\/wp-json\/wp\/v2\/media?parent=31"}],"curies":[{"name":"wp","href":"https:\/\/api.w.org\/{rel}","templated":true}]}}