{"id":3431,"date":"2020-02-28T13:14:18","date_gmt":"2020-02-28T16:14:18","guid":{"rendered":"https:\/\/jundiai.sp.gov.br\/saude\/?page_id=3431"},"modified":"2020-03-17T13:28:56","modified_gmt":"2020-03-17T16:28:56","slug":"mes-da-promocao-da-saude","status":"publish","type":"page","link":"https:\/\/jundiai.sp.gov.br\/saude\/mes-da-promocao-da-saude\/","title":{"rendered":"M\u00eas da Promo\u00e7\u00e3o da Sa\u00fade"},"content":{"rendered":"<p><img loading=\"lazy\" decoding=\"async\" class=\"aligncenter size-full wp-image-3618\" src=\"https:\/\/jundiai.sp.gov.br\/saude\/wp-content\/uploads\/sites\/17\/2020\/03\/whatsapp-image-2020-03-17-at-11-52-12.jpeg\" alt=\"Informativo M\u00eas da Promo\u00e7\u00e3o da Sa\u00fade\" width=\"800\" height=\"800\" srcset=\"https:\/\/jundiai.sp.gov.br\/saude\/wp-content\/uploads\/sites\/17\/2020\/03\/whatsapp-image-2020-03-17-at-11-52-12.jpeg 800w, https:\/\/jundiai.sp.gov.br\/saude\/wp-content\/uploads\/sites\/17\/2020\/03\/whatsapp-image-2020-03-17-at-11-52-12-100x100.jpeg 100w, https:\/\/jundiai.sp.gov.br\/saude\/wp-content\/uploads\/sites\/17\/2020\/03\/whatsapp-image-2020-03-17-at-11-52-12-300x300.jpeg 300w, https:\/\/jundiai.sp.gov.br\/saude\/wp-content\/uploads\/sites\/17\/2020\/03\/whatsapp-image-2020-03-17-at-11-52-12-768x768.jpeg 768w\" sizes=\"auto, (max-width: 800px) 100vw, 800px\" \/><\/p>\n","protected":false},"excerpt":{"rendered":"","protected":false},"author":8,"featured_media":0,"parent":0,"menu_order":0,"comment_status":"closed","ping_status":"closed","template":"2020-mes-da-promocao-da-saude\/2020-mes-da-promocao-da-saude.php","meta":{"footnotes":""},"class_list":["post-3431","page","type-page","status-publish","hentry"],"_links":{"self":[{"href":"https:\/\/jundiai.sp.gov.br\/saude\/wp-json\/wp\/v2\/pages\/3431","targetHints":{"allow":["GET"]}}],"collection":[{"href":"https:\/\/jundiai.sp.gov.br\/saude\/wp-json\/wp\/v2\/pages"}],"about":[{"href":"https:\/\/jundiai.sp.gov.br\/saude\/wp-json\/wp\/v2\/types\/page"}],"author":[{"embeddable":true,"href":"https:\/\/jundiai.sp.gov.br\/saude\/wp-json\/wp\/v2\/users\/8"}],"replies":[{"embeddable":true,"href":"https:\/\/jundiai.sp.gov.br\/saude\/wp-json\/wp\/v2\/comments?post=3431"}],"version-history":[{"count":4,"href":"https:\/\/jundiai.sp.gov.br\/saude\/wp-json\/wp\/v2\/pages\/3431\/revisions"}],"predecessor-version":[{"id":3619,"href":"https:\/\/jundiai.sp.gov.br\/saude\/wp-json\/wp\/v2\/pages\/3431\/revisions\/3619"}],"wp:attachment":[{"href":"https:\/\/jundiai.sp.gov.br\/saude\/wp-json\/wp\/v2\/media?parent=3431"}],"curies":[{"name":"wp","href":"https:\/\/api.w.org\/{rel}","templated":true}]}}