{"id":3593,"date":"2020-03-17T10:27:44","date_gmt":"2020-03-17T13:27:44","guid":{"rendered":"https:\/\/jundiai.sp.gov.br\/saude\/?page_id=3593"},"modified":"2025-12-29T10:24:06","modified_gmt":"2025-12-29T13:24:06","slug":"conselho-gestor","status":"publish","type":"page","link":"https:\/\/jundiai.sp.gov.br\/saude\/visat\/conselho-gestor\/","title":{"rendered":"Conselho Gestor"},"content":{"rendered":"\n<p>O Conselho Gestor do CEREST \u2013 Jundia\u00ed possui a seguinte composi\u00e7\u00e3o:<\/p>\n\n\n\n<p><strong>Usu\u00e1rios:<\/strong><\/p>\n\n\n\n<ul class=\"wp-block-list\">\n<li>04 Representantes Titulares de Sindicatos dos Trabalhadores;<\/li>\n\n\n\n<li>04 Representantes Suplentes de Sindicatos dos Trabalhadores;<\/li>\n\n\n\n<li>01 Representante Titular de Entidades do Setor Patronal;<\/li>\n\n\n\n<li>01 Representante Suplente de Entidades do Setor Patronal;<\/li>\n\n\n\n<li>01 Representante Titular de Conselhos Gestores de Servi\u00e7os de Sa\u00fade;<\/li>\n\n\n\n<li>01 Representante Suplente de Conselhos Gestores de Servi\u00e7os de Sa\u00fade.<\/li>\n<\/ul>\n\n\n\n<p><strong>Trabalhadores do CEREST:<\/strong><\/p>\n\n\n\n<ul class=\"wp-block-list\">\n<li>03 Representantes Titulares dos Trabalhadores do CEREST;<\/li>\n\n\n\n<li>03 Representantes Suplentes dos Trabalhadores do CEREST.<\/li>\n<\/ul>\n\n\n\n<p><strong>Representantes da Administra\u00e7\u00e3o P\u00fablica:<\/strong><\/p>\n\n\n\n<ul class=\"wp-block-list\">\n<li>03 Representantes Titulares da Administra\u00e7\u00e3o P\u00fablica Municipal;<\/li>\n\n\n\n<li>03 Representantes Suplentes da Administra\u00e7\u00e3o P\u00fablica Municipal.<\/li>\n<\/ul>\n\n\n\n<div style=\"height:100px\" aria-hidden=\"true\" class=\"wp-block-spacer\"><\/div>\n\n\n\n<p><a href=\"https:\/\/forms.gle\/UM3JQB1AhqrduTSaA\" target=\"_blank\" rel=\"noreferrer noopener\">Ficha de Inscri\u00e7\u00e3o para a Elei\u00e7\u00e3o do Conselho Gestor &#8211; Gest\u00e3o 2026-2028<\/a><\/p>\n\n\n\n<div class=\"wp-block-file\"><a id=\"wp-block-file--media-9381a9c6-48f1-4c94-aa1f-189765565fd8\" href=\"https:\/\/jundiai.sp.gov.br\/saude\/wp-content\/uploads\/sites\/17\/2025\/12\/01-_-edital-de-elei__o-conselho-cerest.pdf\" target=\"_blank\" rel=\"noreferrer noopener\">EDITAL DE ELEI\u00c7\u00c3O DO CONSELHO GESTOR DO CEREST<\/a><a href=\"https:\/\/jundiai.sp.gov.br\/saude\/wp-content\/uploads\/sites\/17\/2025\/12\/01-_-edital-de-elei__o-conselho-cerest.pdf\" class=\"wp-block-file__button wp-element-button\" download aria-describedby=\"wp-block-file--media-9381a9c6-48f1-4c94-aa1f-189765565fd8\">Baixar<\/a><\/div>\n\n\n\n<div class=\"wp-block-file\"><a id=\"wp-block-file--media-992963ea-d926-4560-b689-9e1ea6a5fc52\" href=\"https:\/\/jundiai.sp.gov.br\/saude\/wp-content\/uploads\/sites\/17\/2025\/12\/02-_-regimento-interno-conselho-gestor-cerest.pdf\" target=\"_blank\" rel=\"noreferrer noopener\">REGIMENTO INTERNO DO CONSELHO GESTOR DO CEREST<\/a><a href=\"https:\/\/jundiai.sp.gov.br\/saude\/wp-content\/uploads\/sites\/17\/2025\/12\/02-_-regimento-interno-conselho-gestor-cerest.pdf\" class=\"wp-block-file__button wp-element-button\" download aria-describedby=\"wp-block-file--media-992963ea-d926-4560-b689-9e1ea6a5fc52\">Baixar<\/a><\/div>\n\n\n\n<div class=\"wp-block-file\"><a id=\"wp-block-file--media-b602c9ea-dd66-40c1-8b91-46f5541c396f\" href=\"https:\/\/jundiai.sp.gov.br\/saude\/wp-content\/uploads\/sites\/17\/2025\/12\/03-_-cartilha-explicativa-sobre-conselho-gestor.pdf\" target=\"_blank\" rel=\"noreferrer noopener\">CARTILHA EXPLICATIVA SOBRE CONSELHO GESTOR<\/a><a href=\"https:\/\/jundiai.sp.gov.br\/saude\/wp-content\/uploads\/sites\/17\/2025\/12\/03-_-cartilha-explicativa-sobre-conselho-gestor.pdf\" class=\"wp-block-file__button wp-element-button\" download aria-describedby=\"wp-block-file--media-b602c9ea-dd66-40c1-8b91-46f5541c396f\">Baixar<\/a><\/div>\n","protected":false},"excerpt":{"rendered":"<p>O Conselho Gestor do CEREST \u2013 Jundia\u00ed possui a seguinte composi\u00e7\u00e3o: Usu\u00e1rios: Trabalhadores do CEREST: Representantes da Administra\u00e7\u00e3o P\u00fablica: Ficha de Inscri\u00e7\u00e3o para a Elei\u00e7\u00e3o do Conselho Gestor &#8211; Gest\u00e3o 2026-2028<\/p>\n","protected":false},"author":50,"featured_media":0,"parent":2702,"menu_order":0,"comment_status":"closed","ping_status":"closed","template":"","meta":{"footnotes":""},"class_list":["post-3593","page","type-page","status-publish","hentry"],"_links":{"self":[{"href":"https:\/\/jundiai.sp.gov.br\/saude\/wp-json\/wp\/v2\/pages\/3593","targetHints":{"allow":["GET"]}}],"collection":[{"href":"https:\/\/jundiai.sp.gov.br\/saude\/wp-json\/wp\/v2\/pages"}],"about":[{"href":"https:\/\/jundiai.sp.gov.br\/saude\/wp-json\/wp\/v2\/types\/page"}],"author":[{"embeddable":true,"href":"https:\/\/jundiai.sp.gov.br\/saude\/wp-json\/wp\/v2\/users\/50"}],"replies":[{"embeddable":true,"href":"https:\/\/jundiai.sp.gov.br\/saude\/wp-json\/wp\/v2\/comments?post=3593"}],"version-history":[{"count":14,"href":"https:\/\/jundiai.sp.gov.br\/saude\/wp-json\/wp\/v2\/pages\/3593\/revisions"}],"predecessor-version":[{"id":6829,"href":"https:\/\/jundiai.sp.gov.br\/saude\/wp-json\/wp\/v2\/pages\/3593\/revisions\/6829"}],"up":[{"embeddable":true,"href":"https:\/\/jundiai.sp.gov.br\/saude\/wp-json\/wp\/v2\/pages\/2702"}],"wp:attachment":[{"href":"https:\/\/jundiai.sp.gov.br\/saude\/wp-json\/wp\/v2\/media?parent=3593"}],"curies":[{"name":"wp","href":"https:\/\/api.w.org\/{rel}","templated":true}]}}