{"id":36,"date":"2014-08-25T14:29:49","date_gmt":"2014-08-25T17:29:49","guid":{"rendered":"https:\/\/jundiai.sp.gov.br\/saude\/?page_id=36"},"modified":"2025-09-08T13:35:23","modified_gmt":"2025-09-08T16:35:23","slug":"composicao","status":"publish","type":"page","link":"https:\/\/jundiai.sp.gov.br\/saude\/conselho\/composicao\/","title":{"rendered":"Composi\u00e7\u00e3o"},"content":{"rendered":"\n<hr class=\"wp-block-separator has-alpha-channel-opacity\"\/>\n\n\n\n<h2 class=\"wp-block-heading\">Composi\u00e7\u00e3o do Conselho Municipal de Sa\u00fade<\/h2>\n\n\n\n<p><a href=\"https:\/\/jundiai.sp.gov.br\/saude\/wp-content\/uploads\/sites\/17\/2025\/09\/08-09-2025-atualizada-a-relacao-conselheiros.pdf\">Rela\u00e7\u00e3o de Conselheiros 2024 &#8211; 2026<\/a><\/p>\n\n\n\n<p><\/p>\n\n\n\n<p><\/p>\n","protected":false},"excerpt":{"rendered":"<p>Composi\u00e7\u00e3o do Conselho Municipal de Sa\u00fade Rela\u00e7\u00e3o de Conselheiros 2024 &#8211; 2026<\/p>\n","protected":false},"author":14,"featured_media":0,"parent":29,"menu_order":0,"comment_status":"closed","ping_status":"closed","template":"page-subpaginas.php","meta":{"footnotes":""},"class_list":["post-36","page","type-page","status-publish","hentry"],"_links":{"self":[{"href":"https:\/\/jundiai.sp.gov.br\/saude\/wp-json\/wp\/v2\/pages\/36","targetHints":{"allow":["GET"]}}],"collection":[{"href":"https:\/\/jundiai.sp.gov.br\/saude\/wp-json\/wp\/v2\/pages"}],"about":[{"href":"https:\/\/jundiai.sp.gov.br\/saude\/wp-json\/wp\/v2\/types\/page"}],"author":[{"embeddable":true,"href":"https:\/\/jundiai.sp.gov.br\/saude\/wp-json\/wp\/v2\/users\/14"}],"replies":[{"embeddable":true,"href":"https:\/\/jundiai.sp.gov.br\/saude\/wp-json\/wp\/v2\/comments?post=36"}],"version-history":[{"count":34,"href":"https:\/\/jundiai.sp.gov.br\/saude\/wp-json\/wp\/v2\/pages\/36\/revisions"}],"predecessor-version":[{"id":6644,"href":"https:\/\/jundiai.sp.gov.br\/saude\/wp-json\/wp\/v2\/pages\/36\/revisions\/6644"}],"up":[{"embeddable":true,"href":"https:\/\/jundiai.sp.gov.br\/saude\/wp-json\/wp\/v2\/pages\/29"}],"wp:attachment":[{"href":"https:\/\/jundiai.sp.gov.br\/saude\/wp-json\/wp\/v2\/media?parent=36"}],"curies":[{"name":"wp","href":"https:\/\/api.w.org\/{rel}","templated":true}]}}