{"id":3982,"date":"2021-09-10T09:45:31","date_gmt":"2021-09-10T12:45:31","guid":{"rendered":"https:\/\/jundiai.sp.gov.br\/saude\/?page_id=3982"},"modified":"2023-02-27T17:08:49","modified_gmt":"2023-02-27T20:08:49","slug":"fichas-sinan-para-download","status":"publish","type":"page","link":"https:\/\/jundiai.sp.gov.br\/saude\/visat\/fichas-sinan-para-download\/","title":{"rendered":"Fichas SINAN para Download"},"content":{"rendered":"\n<p>As fichas elencadas abaixo s\u00e3o de notifica\u00e7\u00e3o compuls\u00f3ria, de monitoramento obrigat\u00f3rio e devem ser preenchidas conforme o agravo relacionado.<\/p>\n\n\n\n<ul class=\"wp-block-list\">\n<li><a href=\"https:\/\/jundiai.sp.gov.br\/saude\/wp-content\/uploads\/sites\/17\/2023\/02\/nota_informativa_n__942019_dsastesvsms.pdf\" target=\"_blank\" rel=\"noreferrer noopener\">Orienta\u00e7\u00e3o sobre as novas defini\u00e7\u00f5es dos agravos e doen\u00e7as relacionados ao trabalho do Sistema de Informa\u00e7\u00e3o de Agravos de Notifica\u00e7\u00e3o (SINAN)<\/a><\/li>\n\n\n\n<li><a rel=\"noreferrer noopener\" href=\"https:\/\/jundiai.sp.gov.br\/saude\/wp-content\/uploads\/sites\/17\/2021\/09\/acidente-por-animal-peconhento.pdf\" target=\"_blank\">Acidente por Animal Pe\u00e7onhento<\/a><\/li>\n\n\n\n<li><a rel=\"noreferrer noopener\" href=\"https:\/\/jundiai.sp.gov.br\/saude\/wp-content\/uploads\/sites\/17\/2021\/12\/drt_acidente_trabalho.pdf\" target=\"_blank\">Acidente de Trabalho<\/a><\/li>\n\n\n\n<li><a href=\"https:\/\/jundiai.sp.gov.br\/saude\/wp-content\/uploads\/sites\/17\/2019\/04\/cancer-relacionado-ao-trabalho.pdf\">C\u00e2ncer Relacionado ao Trabalho<\/a><\/li>\n\n\n\n<li><a href=\"https:\/\/jundiai.sp.gov.br\/saude\/wp-content\/uploads\/sites\/17\/2019\/04\/dermatose-ocupacional.pdf\">Dermatose Ocupacional<\/a><\/li>\n\n\n\n<li><a href=\"https:\/\/jundiai.sp.gov.br\/saude\/wp-content\/uploads\/sites\/17\/2019\/04\/intoxicacao-exogena.pdf\">Intoxica\u00e7\u00e3o Exogena<\/a><\/li>\n\n\n\n<li><a href=\"https:\/\/jundiai.sp.gov.br\/saude\/wp-content\/uploads\/sites\/17\/2019\/04\/ler-dort.pdf\">Ler &#8211; Dort<\/a><\/li>\n\n\n\n<li><a href=\"https:\/\/jundiai.sp.gov.br\/saude\/wp-content\/uploads\/sites\/17\/2019\/04\/material-biologico.pdf\">Material Biol\u00f3gico<\/a><\/li>\n\n\n\n<li><a href=\"https:\/\/jundiai.sp.gov.br\/saude\/wp-content\/uploads\/sites\/17\/2019\/04\/pair.pdf\">Pair<\/a><\/li>\n\n\n\n<li><a href=\"https:\/\/jundiai.sp.gov.br\/saude\/wp-content\/uploads\/sites\/17\/2019\/04\/pneumoconiose.pdf\">Pneumoconiose<\/a><\/li>\n\n\n\n<li><a href=\"https:\/\/jundiai.sp.gov.br\/saude\/wp-content\/uploads\/sites\/17\/2019\/04\/transtornos-mentais.pdf\">Transtornos Mentais<\/a><\/li>\n\n\n\n<li><a rel=\"noreferrer noopener\" href=\"https:\/\/jundiai.sp.gov.br\/saude\/wp-content\/uploads\/sites\/17\/2021\/09\/violencia-relacionado-ao-trabalho.pdf\" target=\"_blank\">Viol\u00eancia Relacionada ao Trabalho<\/a><\/li>\n<\/ul>\n","protected":false},"excerpt":{"rendered":"<p>As fichas elencadas abaixo s\u00e3o de notifica\u00e7\u00e3o compuls\u00f3ria, de monitoramento obrigat\u00f3rio e devem ser preenchidas conforme o agravo relacionado.<\/p>\n","protected":false},"author":8,"featured_media":0,"parent":2702,"menu_order":0,"comment_status":"closed","ping_status":"closed","template":"","meta":{"footnotes":""},"class_list":["post-3982","page","type-page","status-publish","hentry"],"_links":{"self":[{"href":"https:\/\/jundiai.sp.gov.br\/saude\/wp-json\/wp\/v2\/pages\/3982","targetHints":{"allow":["GET"]}}],"collection":[{"href":"https:\/\/jundiai.sp.gov.br\/saude\/wp-json\/wp\/v2\/pages"}],"about":[{"href":"https:\/\/jundiai.sp.gov.br\/saude\/wp-json\/wp\/v2\/types\/page"}],"author":[{"embeddable":true,"href":"https:\/\/jundiai.sp.gov.br\/saude\/wp-json\/wp\/v2\/users\/8"}],"replies":[{"embeddable":true,"href":"https:\/\/jundiai.sp.gov.br\/saude\/wp-json\/wp\/v2\/comments?post=3982"}],"version-history":[{"count":7,"href":"https:\/\/jundiai.sp.gov.br\/saude\/wp-json\/wp\/v2\/pages\/3982\/revisions"}],"predecessor-version":[{"id":4638,"href":"https:\/\/jundiai.sp.gov.br\/saude\/wp-json\/wp\/v2\/pages\/3982\/revisions\/4638"}],"up":[{"embeddable":true,"href":"https:\/\/jundiai.sp.gov.br\/saude\/wp-json\/wp\/v2\/pages\/2702"}],"wp:attachment":[{"href":"https:\/\/jundiai.sp.gov.br\/saude\/wp-json\/wp\/v2\/media?parent=3982"}],"curies":[{"name":"wp","href":"https:\/\/api.w.org\/{rel}","templated":true}]}}