{"id":3987,"date":"2021-09-10T09:46:20","date_gmt":"2021-09-10T12:46:20","guid":{"rendered":"https:\/\/jundiai.sp.gov.br\/saude\/?page_id=3987"},"modified":"2024-06-06T15:37:05","modified_gmt":"2024-06-06T18:37:05","slug":"acidente-de-trabalho-com-exposicao-a-material-biologico","status":"publish","type":"page","link":"https:\/\/jundiai.sp.gov.br\/saude\/visat\/acidente-de-trabalho-com-exposicao-a-material-biologico\/","title":{"rendered":"Acidente de Trabalho com Exposi\u00e7\u00e3o \u00e0 Material Biol\u00f3gico"},"content":{"rendered":"\n<p>Todos os profissionais que atuam em atividades que apresentam risco de exposi\u00e7\u00e3o ao sangue e outros materiais biol\u00f3gicos est\u00e3o contemplados no presente fluxo em caso de exposi\u00e7\u00e3o acidental.<\/p>\n\n\n\n<ul class=\"wp-block-list\">\n<li><a href=\"https:\/\/jundiai.sp.gov.br\/saude\/wp-content\/uploads\/sites\/17\/2022\/01\/fluxo-municipal-de-encaminhamento-ambio-atualiza__o-2022.pdf\" target=\"_blank\" rel=\"noreferrer noopener\">Fluxo Municipal de Encaminhamento AMBio atualiza\u00e7\u00e3o 2022<\/a><\/li>\n\n\n\n<li><a href=\"https:\/\/jundiai.sp.gov.br\/saude\/wp-content\/uploads\/sites\/17\/2022\/01\/decreto-material-biologico-2022.pdf\" target=\"_blank\" rel=\"noreferrer noopener\">Decreto Municipal n\u00ba 30.743, de 13 de dezembro de 2021<\/a><\/li>\n<\/ul>\n\n\n\n<p>Abaixo est\u00e3o disponibilizados os documentos relacionados ao Fluxo Municipal, Apresenta\u00e7\u00e3o do Fluxo e refer\u00eancias do Minist\u00e9rio da Sa\u00fade.<\/p>\n\n\n\n<ul class=\"wp-block-list\">\n<li><a href=\"https:\/\/jundiai.sp.gov.br\/saude\/wp-content\/uploads\/sites\/17\/2019\/05\/ficha-sinan-material-biologico.pdf\" target=\"_blank\" rel=\"noreferrer noopener\">Ficha SINAN Material Biol\u00f3gico<\/a><\/li>\n\n\n\n<li><a href=\"https:\/\/jundiai.sp.gov.br\/saude\/wp-content\/uploads\/sites\/17\/2024\/06\/termo-de-consentimento-do-paciente.pdf\" data-type=\"link\" data-id=\"https:\/\/jundiai.sp.gov.br\/saude\/wp-content\/uploads\/sites\/17\/2024\/06\/termo-de-consentimento-do-paciente.pdf\" target=\"_blank\" rel=\"noreferrer noopener\">Termo de Consentimento<\/a><\/li>\n\n\n\n<li><a href=\"https:\/\/jundiai.sp.gov.br\/administracao-e-gestao-de-pessoas\/gestao-de-pessoas\/servidores\/formularios\/\">Abono de Faltas<\/a><\/li>\n\n\n\n<li><a href=\"https:\/\/jundiai.sp.gov.br\/saude\/wp-content\/uploads\/sites\/17\/2021\/09\/ficha-de-notificacao-pre-ciat.xlsx\" target=\"_blank\" rel=\"noreferrer noopener\">Ficha de Notifica\u00e7\u00e3o Pr\u00e9 CIAT<\/a><\/li>\n\n\n\n<li><a href=\"https:\/\/jundiai.sp.gov.br\/saude\/wp-content\/uploads\/sites\/17\/2021\/09\/fluxo-mb-pronto-socorro.pdf\" target=\"_blank\" rel=\"noreferrer noopener\">Fluxograma de Exposi\u00e7\u00e3o a Materiais Biol\u00f3gicos Servi\u00e7os de Sa\u00fade (exceto hospitais)<\/a><\/li>\n\n\n\n<li><a href=\"https:\/\/jundiai.sp.gov.br\/saude\/wp-content\/uploads\/sites\/17\/2021\/09\/fluxo-mb-servicos-saude.pdf\" target=\"_blank\" rel=\"noreferrer noopener\">Fluxograma de Exposi\u00e7\u00e3o a Materiais Biol\u00f3gicos Pronto Socorro (hospitais)<\/a><\/li>\n<\/ul>\n","protected":false},"excerpt":{"rendered":"<p>Todos os profissionais que atuam em atividades que apresentam risco de exposi\u00e7\u00e3o ao sangue e outros materiais biol\u00f3gicos est\u00e3o contemplados no presente fluxo em caso de exposi\u00e7\u00e3o acidental. Abaixo est\u00e3o disponibilizados os documentos relacionados ao Fluxo Municipal, Apresenta\u00e7\u00e3o do Fluxo e refer\u00eancias do Minist\u00e9rio da Sa\u00fade.<\/p>\n","protected":false},"author":8,"featured_media":0,"parent":2702,"menu_order":0,"comment_status":"closed","ping_status":"closed","template":"","meta":{"footnotes":""},"class_list":["post-3987","page","type-page","status-publish","hentry"],"_links":{"self":[{"href":"https:\/\/jundiai.sp.gov.br\/saude\/wp-json\/wp\/v2\/pages\/3987","targetHints":{"allow":["GET"]}}],"collection":[{"href":"https:\/\/jundiai.sp.gov.br\/saude\/wp-json\/wp\/v2\/pages"}],"about":[{"href":"https:\/\/jundiai.sp.gov.br\/saude\/wp-json\/wp\/v2\/types\/page"}],"author":[{"embeddable":true,"href":"https:\/\/jundiai.sp.gov.br\/saude\/wp-json\/wp\/v2\/users\/8"}],"replies":[{"embeddable":true,"href":"https:\/\/jundiai.sp.gov.br\/saude\/wp-json\/wp\/v2\/comments?post=3987"}],"version-history":[{"count":12,"href":"https:\/\/jundiai.sp.gov.br\/saude\/wp-json\/wp\/v2\/pages\/3987\/revisions"}],"predecessor-version":[{"id":5515,"href":"https:\/\/jundiai.sp.gov.br\/saude\/wp-json\/wp\/v2\/pages\/3987\/revisions\/5515"}],"up":[{"embeddable":true,"href":"https:\/\/jundiai.sp.gov.br\/saude\/wp-json\/wp\/v2\/pages\/2702"}],"wp:attachment":[{"href":"https:\/\/jundiai.sp.gov.br\/saude\/wp-json\/wp\/v2\/media?parent=3987"}],"curies":[{"name":"wp","href":"https:\/\/api.w.org\/{rel}","templated":true}]}}