{"id":3993,"date":"2021-09-10T09:48:37","date_gmt":"2021-09-10T12:48:37","guid":{"rendered":"https:\/\/jundiai.sp.gov.br\/saude\/?page_id=3993"},"modified":"2023-01-03T10:13:31","modified_gmt":"2023-01-03T13:13:31","slug":"denuncias-a-dvisat-cerest","status":"publish","type":"page","link":"https:\/\/jundiai.sp.gov.br\/saude\/visat\/denuncias-a-dvisat-cerest\/","title":{"rendered":"Den\u00fancias \u00e0 DVISAT\/CEREST"},"content":{"rendered":"\n<p><a href=\"https:\/\/www.prefeitura.sp.gov.br\/cidade\/secretarias\/saude\/vigilancia_em_saude\/saude_do_trabalhador\/index.php?p=6985\" target=\"_blank\" rel=\"noreferrer noopener\">Situa\u00e7\u00f5es Pass\u00edveis de Den\u00fancia em Vigil\u00e2ncia de Sa\u00fade do Trabalhador<\/a><\/p>\n\n\n\n<p><a rel=\"noreferrer noopener\" href=\"https:\/\/www.prefeitura.sp.gov.br\/cidade\/secretarias\/saude\/vigilancia_em_saude\/saude_do_trabalhador\/index.php?p=6986\" target=\"_blank\">Situa\u00e7\u00f5es N\u00e3o Sujeitas \u00e0 Den\u00fancia na Vigil\u00e2ncia de Sa\u00fade do Trabalhador<\/a><\/p>\n","protected":false},"excerpt":{"rendered":"<p>Situa\u00e7\u00f5es Pass\u00edveis de Den\u00fancia em Vigil\u00e2ncia de Sa\u00fade do Trabalhador Situa\u00e7\u00f5es N\u00e3o Sujeitas \u00e0 Den\u00fancia na Vigil\u00e2ncia de Sa\u00fade do Trabalhador<\/p>\n","protected":false},"author":8,"featured_media":0,"parent":2702,"menu_order":0,"comment_status":"closed","ping_status":"closed","template":"","meta":{"footnotes":""},"class_list":["post-3993","page","type-page","status-publish","hentry"],"_links":{"self":[{"href":"https:\/\/jundiai.sp.gov.br\/saude\/wp-json\/wp\/v2\/pages\/3993","targetHints":{"allow":["GET"]}}],"collection":[{"href":"https:\/\/jundiai.sp.gov.br\/saude\/wp-json\/wp\/v2\/pages"}],"about":[{"href":"https:\/\/jundiai.sp.gov.br\/saude\/wp-json\/wp\/v2\/types\/page"}],"author":[{"embeddable":true,"href":"https:\/\/jundiai.sp.gov.br\/saude\/wp-json\/wp\/v2\/users\/8"}],"replies":[{"embeddable":true,"href":"https:\/\/jundiai.sp.gov.br\/saude\/wp-json\/wp\/v2\/comments?post=3993"}],"version-history":[{"count":3,"href":"https:\/\/jundiai.sp.gov.br\/saude\/wp-json\/wp\/v2\/pages\/3993\/revisions"}],"predecessor-version":[{"id":4091,"href":"https:\/\/jundiai.sp.gov.br\/saude\/wp-json\/wp\/v2\/pages\/3993\/revisions\/4091"}],"up":[{"embeddable":true,"href":"https:\/\/jundiai.sp.gov.br\/saude\/wp-json\/wp\/v2\/pages\/2702"}],"wp:attachment":[{"href":"https:\/\/jundiai.sp.gov.br\/saude\/wp-json\/wp\/v2\/media?parent=3993"}],"curies":[{"name":"wp","href":"https:\/\/api.w.org\/{rel}","templated":true}]}}