{"id":4051,"date":"2021-09-13T16:53:54","date_gmt":"2021-09-13T19:53:54","guid":{"rendered":"https:\/\/jundiai.sp.gov.br\/saude\/?page_id=4051"},"modified":"2026-04-01T11:55:03","modified_gmt":"2026-04-01T14:55:03","slug":"mural-cerest","status":"publish","type":"page","link":"https:\/\/jundiai.sp.gov.br\/saude\/visat\/mural-cerest\/","title":{"rendered":"Mural CEREST"},"content":{"rendered":"\n<div data-wp-interactive=\"core\/file\" class=\"wp-block-file\"><object data-wp-bind--hidden=\"!state.hasPdfPreview\" hidden class=\"wp-block-file__embed\" data=\"https:\/\/jundiai.sp.gov.br\/saude\/wp-content\/uploads\/sites\/17\/2026\/04\/artigo-abril-dvrt-2026_compressed.pdf\" type=\"application\/pdf\" style=\"width:100%;height:700px\" aria-label=\"Incorporado de DVRT - Dist\u00farbio de Voz  Relacionado ao Trabalho - Saber e Cuidar.\"><\/object><a id=\"wp-block-file--media-768c529b-3a5f-435d-94a8-35c827201e51\" href=\"https:\/\/jundiai.sp.gov.br\/saude\/wp-content\/uploads\/sites\/17\/2026\/04\/artigo-abril-dvrt-2026_compressed.pdf\" target=\"_blank\" rel=\"noreferrer noopener\">DVRT &#8211; Dist\u00farbio de Voz  Relacionado ao Trabalho &#8211; Saber e Cuidar<\/a><a href=\"https:\/\/jundiai.sp.gov.br\/saude\/wp-content\/uploads\/sites\/17\/2026\/04\/artigo-abril-dvrt-2026_compressed.pdf\" class=\"wp-block-file__button wp-element-button\" download aria-describedby=\"wp-block-file--media-768c529b-3a5f-435d-94a8-35c827201e51\">Baixar<\/a><\/div>\n\n\n\n<div data-wp-interactive=\"core\/file\" class=\"wp-block-file\"><object data-wp-bind--hidden=\"!state.hasPdfPreview\" hidden class=\"wp-block-file__embed\" data=\"https:\/\/jundiai.sp.gov.br\/saude\/wp-content\/uploads\/sites\/17\/2026\/04\/artigo-abril-verde-3_compressed.pdf\" type=\"application\/pdf\" style=\"width:100%;height:700px\" aria-label=\"Incorporado de Abril Verde - Juntos pela redu\u00e7\u00e3o de mortes por doen\u00e7as e acidentes do trabalho.\"><\/object><a id=\"wp-block-file--media-d0da6fce-9b98-44ce-8cb6-f0d5d1cfbba3\" href=\"https:\/\/jundiai.sp.gov.br\/saude\/wp-content\/uploads\/sites\/17\/2026\/04\/artigo-abril-verde-3_compressed.pdf\" target=\"_blank\" rel=\"noreferrer noopener\">Abril Verde &#8211; Juntos pela redu\u00e7\u00e3o de mortes por doen\u00e7as e acidentes do trabalho<\/a><a href=\"https:\/\/jundiai.sp.gov.br\/saude\/wp-content\/uploads\/sites\/17\/2026\/04\/artigo-abril-verde-3_compressed.pdf\" class=\"wp-block-file__button wp-element-button\" download aria-describedby=\"wp-block-file--media-d0da6fce-9b98-44ce-8cb6-f0d5d1cfbba3\">Baixar<\/a><\/div>\n\n\n\n<div style=\"height:74px\" aria-hidden=\"true\" class=\"wp-block-spacer\"><\/div>\n\n\n\n<div class=\"wp-block-file\"><a id=\"wp-block-file--media-641d54c2-9d2d-4dd7-b2be-2367c77d194a\" href=\"https:\/\/jundiai.sp.gov.br\/saude\/wp-content\/uploads\/sites\/17\/2026\/03\/artigo-marco-2026.pdf\" target=\"_blank\" rel=\"noreferrer noopener\">Lei Brasileira de Inclus\u00e3o: Avan\u00e7os e Desafios. <\/a><a href=\"https:\/\/jundiai.sp.gov.br\/saude\/wp-content\/uploads\/sites\/17\/2026\/03\/artigo-marco-2026.pdf\" class=\"wp-block-file__button wp-element-button\" download aria-describedby=\"wp-block-file--media-641d54c2-9d2d-4dd7-b2be-2367c77d194a\">Baixar<\/a><\/div>\n\n\n\n<div class=\"wp-block-file\"><a id=\"wp-block-file--media-3d788a24-aa41-494f-9de7-681654ace82f\" href=\"https:\/\/jundiai.sp.gov.br\/saude\/wp-content\/uploads\/sites\/17\/2026\/03\/artigo-fevereiro-2026_compressed.pdf\">Trabalho Escravo Contempor\u00e2neo: A Luta Continua!<\/a><a href=\"https:\/\/jundiai.sp.gov.br\/saude\/wp-content\/uploads\/sites\/17\/2026\/03\/artigo-fevereiro-2026_compressed.pdf\" class=\"wp-block-file__button wp-element-button\" download aria-describedby=\"wp-block-file--media-3d788a24-aa41-494f-9de7-681654ace82f\">Baixar<\/a><\/div>\n\n\n\n<div class=\"wp-block-file\"><a id=\"wp-block-file--media-0159c11d-fd26-4c18-a4e7-85eeacd8c21e\" href=\"https:\/\/jundiai.sp.gov.br\/saude\/wp-content\/uploads\/sites\/17\/2026\/01\/artigo-janeiro-2026.pdf\" target=\"_blank\" rel=\"noreferrer noopener\">Trabalho Infantil X Aprendizagem Profissional: Entendendo a Diferen\u00e7a e sua Import\u00e2ncia<\/a><a href=\"https:\/\/jundiai.sp.gov.br\/saude\/wp-content\/uploads\/sites\/17\/2026\/01\/artigo-janeiro-2026.pdf\" class=\"wp-block-file__button wp-element-button\" download aria-describedby=\"wp-block-file--media-0159c11d-fd26-4c18-a4e7-85eeacd8c21e\">Baixar<\/a><\/div>\n\n\n\n<div style=\"height:50px\" aria-hidden=\"true\" class=\"wp-block-spacer\"><\/div>\n\n\n\n<hr class=\"wp-block-separator has-alpha-channel-opacity\"\/>\n\n\n\n<div class=\"wp-block-group\"><div class=\"wp-block-group__inner-container is-layout-constrained wp-block-group-is-layout-constrained\">\n<h2 class=\"wp-block-heading\">Artigos de 2025<\/h2>\n\n\n\n<div class=\"wp-block-file\"><a id=\"wp-block-file--media-6e844ddd-c440-41ed-a2e6-e4ff85880688\" href=\"https:\/\/jundiai.sp.gov.br\/saude\/wp-content\/uploads\/sites\/17\/2025\/12\/artigo-dezembro-2025.pdf\" target=\"_blank\" rel=\"noreferrer noopener\">Dezembro Laranja &#8211; A preven\u00e7\u00e3o do c\u00e2ncer de pele e a sa\u00fade dos trabalhadores<\/a><a href=\"https:\/\/jundiai.sp.gov.br\/saude\/wp-content\/uploads\/sites\/17\/2025\/12\/artigo-dezembro-2025.pdf\" class=\"wp-block-file__button wp-element-button\" download aria-describedby=\"wp-block-file--media-6e844ddd-c440-41ed-a2e6-e4ff85880688\">Baixar<\/a><\/div>\n\n\n\n<div class=\"wp-block-file\"><a id=\"wp-block-file--media-0554fd00-842b-4bd1-84a7-fbc397807e6e\" href=\"https:\/\/jundiai.sp.gov.br\/saude\/wp-content\/uploads\/sites\/17\/2025\/11\/artigo-novembro-2025.pdf\" target=\"_blank\" rel=\"noreferrer noopener\">Sa\u00fade e Seguran\u00e7a do Trabalhador Envolvendo: Pontes Rolantes<\/a><a href=\"https:\/\/jundiai.sp.gov.br\/saude\/wp-content\/uploads\/sites\/17\/2025\/11\/artigo-novembro-2025.pdf\" class=\"wp-block-file__button wp-element-button\" download aria-describedby=\"wp-block-file--media-0554fd00-842b-4bd1-84a7-fbc397807e6e\">Baixar<\/a><\/div>\n\n\n\n<div class=\"wp-block-file\"><a id=\"wp-block-file--media-a1f47ef4-41d5-4040-a998-56cd937dd96c\" href=\"https:\/\/jundiai.sp.gov.br\/saude\/wp-content\/uploads\/sites\/17\/2025\/10\/artigo-outubro-rosa-2025.pdf\" target=\"_blank\" rel=\"noreferrer noopener\">Outubro Rosa &#8211; Mais que Preven\u00e7\u00e3o, \u00e9 Garantia de Direitos da Mulher!<\/a><a href=\"https:\/\/jundiai.sp.gov.br\/saude\/wp-content\/uploads\/sites\/17\/2025\/10\/artigo-outubro-rosa-2025.pdf\" class=\"wp-block-file__button wp-element-button\" download aria-describedby=\"wp-block-file--media-a1f47ef4-41d5-4040-a998-56cd937dd96c\">Baixar<\/a><\/div>\n\n\n\n<div class=\"wp-block-file\"><a id=\"wp-block-file--media-25d4cbb3-874a-45b4-9276-9514335baa46\" href=\"https:\/\/jundiai.sp.gov.br\/saude\/wp-content\/uploads\/sites\/17\/2025\/09\/suic_dio-e-trabalho-_3.pdf\" target=\"_blank\" rel=\"noreferrer noopener\">Preven\u00e7\u00e3o ao suic\u00eddio e Trabalho<\/a><a href=\"https:\/\/jundiai.sp.gov.br\/saude\/wp-content\/uploads\/sites\/17\/2025\/09\/suic_dio-e-trabalho-_3.pdf\" class=\"wp-block-file__button wp-element-button\" download aria-describedby=\"wp-block-file--media-25d4cbb3-874a-45b4-9276-9514335baa46\">Baixar<\/a><\/div>\n\n\n\n<div class=\"wp-block-file\"><a id=\"wp-block-file--media-e68fd119-e1b6-40b3-a16a-cb5d02ec083c\" href=\"https:\/\/jundiai.sp.gov.br\/saude\/wp-content\/uploads\/sites\/17\/2025\/08\/artigo-agosto2025.pdf\" target=\"_blank\" rel=\"noreferrer noopener\">Os Impactos das Mudan\u00e7as Clim\u00e1ticas e a Sa\u00fade dos Trabalhadores<\/a><a href=\"https:\/\/jundiai.sp.gov.br\/saude\/wp-content\/uploads\/sites\/17\/2025\/08\/artigo-agosto2025.pdf\" class=\"wp-block-file__button wp-element-button\" download aria-describedby=\"wp-block-file--media-e68fd119-e1b6-40b3-a16a-cb5d02ec083c\">Baixar<\/a><\/div>\n\n\n\n<div class=\"wp-block-file\"><a id=\"wp-block-file--media-b9509a7a-651a-4a10-994a-16ae187b2c05\" href=\"https:\/\/jundiai.sp.gov.br\/saude\/wp-content\/uploads\/sites\/17\/2025\/07\/artigo-julho-2025.pdf\">Sobrecarga Tecnol\u00f3gica<\/a><a href=\"https:\/\/jundiai.sp.gov.br\/saude\/wp-content\/uploads\/sites\/17\/2025\/07\/artigo-julho-2025.pdf\" class=\"wp-block-file__button wp-element-button\" download aria-describedby=\"wp-block-file--media-b9509a7a-651a-4a10-994a-16ae187b2c05\">Baixar<\/a><\/div>\n\n\n\n<div class=\"wp-block-file\"><a id=\"wp-block-file--media-fde1bb8d-4ad6-44fd-9f74-44459d7c4c1c\" href=\"https:\/\/jundiai.sp.gov.br\/saude\/wp-content\/uploads\/sites\/17\/2025\/06\/artigo-junho2025-_2__compressed.pdf\" target=\"_blank\" rel=\"noreferrer noopener\">A Import\u00e2ncia da Seguran\u00e7a em M\u00e1quinas e Equipamentos<\/a><a href=\"https:\/\/jundiai.sp.gov.br\/saude\/wp-content\/uploads\/sites\/17\/2025\/06\/artigo-junho2025-_2__compressed.pdf\" class=\"wp-block-file__button wp-element-button\" download aria-describedby=\"wp-block-file--media-fde1bb8d-4ad6-44fd-9f74-44459d7c4c1c\">Baixar<\/a><\/div>\n\n\n\n<div class=\"wp-block-file\"><a id=\"wp-block-file--media-41f3b624-dd54-47a1-982d-ff1f6fc4c183\" href=\"https:\/\/jundiai.sp.gov.br\/saude\/wp-content\/uploads\/sites\/17\/2025\/05\/artigo-maio-2025.pdf\">01 de maio &#8211; Dia do Trabalhador<\/a><a href=\"https:\/\/jundiai.sp.gov.br\/saude\/wp-content\/uploads\/sites\/17\/2025\/05\/artigo-maio-2025.pdf\" class=\"wp-block-file__button wp-element-button\" download aria-describedby=\"wp-block-file--media-41f3b624-dd54-47a1-982d-ff1f6fc4c183\">Baixar<\/a><\/div>\n\n\n\n<div class=\"wp-block-file\"><a id=\"wp-block-file--media-c9b7b415-fcc2-4139-bbaf-9059918ce39d\" href=\"https:\/\/jundiai.sp.gov.br\/saude\/wp-content\/uploads\/sites\/17\/2025\/04\/artigo-abril25.pdf\" target=\"_blank\" rel=\"noreferrer noopener\">Trabalhador Dom\u00e9stico<\/a><a href=\"https:\/\/jundiai.sp.gov.br\/saude\/wp-content\/uploads\/sites\/17\/2025\/04\/artigo-abril25.pdf\" class=\"wp-block-file__button wp-element-button\" download aria-describedby=\"wp-block-file--media-c9b7b415-fcc2-4139-bbaf-9059918ce39d\">Baixar<\/a><\/div>\n\n\n\n<div class=\"wp-block-file\"><a id=\"wp-block-file--media-2c65b31f-e81f-4ce1-a90f-b7c34a4e51b0\" href=\"https:\/\/jundiai.sp.gov.br\/saude\/wp-content\/uploads\/sites\/17\/2025\/03\/artigo-de-marco-2025.pdf\" target=\"_blank\" rel=\"noreferrer noopener\">Planejamento de trabalho e a sa\u00fade e seguran\u00e7a do trabalhador<\/a><a href=\"https:\/\/jundiai.sp.gov.br\/saude\/wp-content\/uploads\/sites\/17\/2025\/03\/artigo-de-marco-2025.pdf\" class=\"wp-block-file__button wp-element-button\" download aria-describedby=\"wp-block-file--media-2c65b31f-e81f-4ce1-a90f-b7c34a4e51b0\">Baixar<\/a><\/div>\n\n\n\n<div class=\"wp-block-file\"><a id=\"wp-block-file--media-44bf5845-a536-4366-a569-2e64bb9381f1\" href=\"https:\/\/jundiai.sp.gov.br\/saude\/wp-content\/uploads\/sites\/17\/2025\/02\/artigo-fevereiro-2025.pdf\" target=\"_blank\" rel=\"noreferrer noopener\">Sa\u00fade do trabalhador rural exposto a agrot\u00f3xicos.<\/a><a href=\"https:\/\/jundiai.sp.gov.br\/saude\/wp-content\/uploads\/sites\/17\/2025\/02\/artigo-fevereiro-2025.pdf\" class=\"wp-block-file__button wp-element-button\" download aria-describedby=\"wp-block-file--media-44bf5845-a536-4366-a569-2e64bb9381f1\">Baixar<\/a><\/div>\n\n\n\n<div class=\"wp-block-file\"><a id=\"wp-block-file--media-e9073fbd-7093-4e03-95e6-19fa07204251\" href=\"https:\/\/jundiai.sp.gov.br\/saude\/wp-content\/uploads\/sites\/17\/2025\/01\/janeiro-branco.pdf\" target=\"_blank\" rel=\"noreferrer noopener\">Janeiro Branco e a Sa\u00fade do Trabalhador<\/a><a href=\"https:\/\/jundiai.sp.gov.br\/saude\/wp-content\/uploads\/sites\/17\/2025\/01\/janeiro-branco.pdf\" class=\"wp-block-file__button wp-element-button\" download aria-describedby=\"wp-block-file--media-e9073fbd-7093-4e03-95e6-19fa07204251\">Baixar<\/a><\/div>\n<\/div><\/div>\n","protected":false},"excerpt":{"rendered":"<p>Artigos de 2025<\/p>\n","protected":false},"author":8,"featured_media":0,"parent":2702,"menu_order":0,"comment_status":"closed","ping_status":"closed","template":"","meta":{"footnotes":""},"class_list":["post-4051","page","type-page","status-publish","hentry"],"_links":{"self":[{"href":"https:\/\/jundiai.sp.gov.br\/saude\/wp-json\/wp\/v2\/pages\/4051","targetHints":{"allow":["GET"]}}],"collection":[{"href":"https:\/\/jundiai.sp.gov.br\/saude\/wp-json\/wp\/v2\/pages"}],"about":[{"href":"https:\/\/jundiai.sp.gov.br\/saude\/wp-json\/wp\/v2\/types\/page"}],"author":[{"embeddable":true,"href":"https:\/\/jundiai.sp.gov.br\/saude\/wp-json\/wp\/v2\/users\/8"}],"replies":[{"embeddable":true,"href":"https:\/\/jundiai.sp.gov.br\/saude\/wp-json\/wp\/v2\/comments?post=4051"}],"version-history":[{"count":60,"href":"https:\/\/jundiai.sp.gov.br\/saude\/wp-json\/wp\/v2\/pages\/4051\/revisions"}],"predecessor-version":[{"id":6950,"href":"https:\/\/jundiai.sp.gov.br\/saude\/wp-json\/wp\/v2\/pages\/4051\/revisions\/6950"}],"up":[{"embeddable":true,"href":"https:\/\/jundiai.sp.gov.br\/saude\/wp-json\/wp\/v2\/pages\/2702"}],"wp:attachment":[{"href":"https:\/\/jundiai.sp.gov.br\/saude\/wp-json\/wp\/v2\/media?parent=4051"}],"curies":[{"name":"wp","href":"https:\/\/api.w.org\/{rel}","templated":true}]}}