{"id":4162,"date":"2021-12-21T13:13:37","date_gmt":"2021-12-21T16:13:37","guid":{"rendered":"https:\/\/jundiai.sp.gov.br\/saude\/?page_id=4162"},"modified":"2023-01-03T10:14:30","modified_gmt":"2023-01-03T13:14:30","slug":"notificacoes-de-acidente-de-trabalho","status":"publish","type":"page","link":"https:\/\/jundiai.sp.gov.br\/saude\/visat\/notificacoes-de-acidente-de-trabalho\/","title":{"rendered":"Notifica\u00e7\u00f5es de Acidente de Trabalho"},"content":{"rendered":"\n<p>O Decreto 30.743 de 13 de dezembro de 2021 institui a obrigatoriedade de notificar todos os acidentes de trabalho atendidos nas unidades de sa\u00fade p\u00fablicas ou privadas do Munic\u00edpio, por meio do Sistema de Informa\u00e7\u00e3o de Agravos de Notifica\u00e7\u00e3o (SINAN), mediante o preenchimento da Ficha de Investiga\u00e7\u00e3o.<\/p>\n\n\n\n<div class=\"wp-block-file\"><a id=\"wp-block-file--media-55fe60e4-104f-4e50-af6c-6943a0e9d662\" href=\"https:\/\/jundiai.sp.gov.br\/saude\/wp-content\/uploads\/sites\/17\/2021\/12\/decreto-30_743_2021-_-notifica__o-sinan.pdf\" target=\"_blank\" rel=\"noreferrer noopener\">Decreto 30.743 de 13 de dezembro de 2021<\/a><a href=\"https:\/\/jundiai.sp.gov.br\/saude\/wp-content\/uploads\/sites\/17\/2021\/12\/decreto-30_743_2021-_-notifica__o-sinan.pdf\" class=\"wp-block-file__button\" download aria-describedby=\"wp-block-file--media-55fe60e4-104f-4e50-af6c-6943a0e9d662\">Baixar<\/a><\/div>\n\n\n\n<div class=\"wp-block-file\"><a id=\"wp-block-file--media-1b69ebc7-4a4d-4205-9594-c454762031bb\" href=\"https:\/\/jundiai.sp.gov.br\/saude\/wp-content\/uploads\/sites\/17\/2021\/12\/drt_acidente_trabalho.pdf\" target=\"_blank\" rel=\"noreferrer noopener\">SINAN Acidente de Trabalho<\/a><a href=\"https:\/\/jundiai.sp.gov.br\/saude\/wp-content\/uploads\/sites\/17\/2021\/12\/drt_acidente_trabalho.pdf\" class=\"wp-block-file__button\" download aria-describedby=\"wp-block-file--media-1b69ebc7-4a4d-4205-9594-c454762031bb\">Baixar<\/a><\/div>\n","protected":false},"excerpt":{"rendered":"<p>O Decreto 30.743 de 13 de dezembro de 2021 institui a obrigatoriedade de notificar todos os acidentes de trabalho atendidos nas unidades de sa\u00fade p\u00fablicas ou privadas do Munic\u00edpio, por meio do Sistema de Informa\u00e7\u00e3o de Agravos de Notifica\u00e7\u00e3o (SINAN), mediante o preenchimento da Ficha de Investiga\u00e7\u00e3o.<\/p>\n","protected":false},"author":8,"featured_media":0,"parent":2702,"menu_order":0,"comment_status":"closed","ping_status":"closed","template":"","meta":{"footnotes":""},"class_list":["post-4162","page","type-page","status-publish","hentry"],"_links":{"self":[{"href":"https:\/\/jundiai.sp.gov.br\/saude\/wp-json\/wp\/v2\/pages\/4162","targetHints":{"allow":["GET"]}}],"collection":[{"href":"https:\/\/jundiai.sp.gov.br\/saude\/wp-json\/wp\/v2\/pages"}],"about":[{"href":"https:\/\/jundiai.sp.gov.br\/saude\/wp-json\/wp\/v2\/types\/page"}],"author":[{"embeddable":true,"href":"https:\/\/jundiai.sp.gov.br\/saude\/wp-json\/wp\/v2\/users\/8"}],"replies":[{"embeddable":true,"href":"https:\/\/jundiai.sp.gov.br\/saude\/wp-json\/wp\/v2\/comments?post=4162"}],"version-history":[{"count":2,"href":"https:\/\/jundiai.sp.gov.br\/saude\/wp-json\/wp\/v2\/pages\/4162\/revisions"}],"predecessor-version":[{"id":4331,"href":"https:\/\/jundiai.sp.gov.br\/saude\/wp-json\/wp\/v2\/pages\/4162\/revisions\/4331"}],"up":[{"embeddable":true,"href":"https:\/\/jundiai.sp.gov.br\/saude\/wp-json\/wp\/v2\/pages\/2702"}],"wp:attachment":[{"href":"https:\/\/jundiai.sp.gov.br\/saude\/wp-json\/wp\/v2\/media?parent=4162"}],"curies":[{"name":"wp","href":"https:\/\/api.w.org\/{rel}","templated":true}]}}