{"id":4183,"date":"2022-01-06T15:21:26","date_gmt":"2022-01-06T18:21:26","guid":{"rendered":"https:\/\/jundiai.sp.gov.br\/saude\/?page_id=4183"},"modified":"2022-01-07T09:44:20","modified_gmt":"2022-01-07T12:44:20","slug":"2a-conferencia-municipal-de-saude-mental-de-jundiai","status":"publish","type":"page","link":"https:\/\/jundiai.sp.gov.br\/saude\/2a-conferencia-municipal-de-saude-mental-de-jundiai\/","title":{"rendered":"2\u00aa Confer\u00eancia Municipal de Sa\u00fade Mental de Jundia\u00ed"},"content":{"rendered":"\n<figure class=\"wp-block-image size-full\"><a href=\"https:\/\/jundiai.sp.gov.br\/saude\/wp-content\/uploads\/sites\/17\/2022\/01\/banner_site_2_conferencia_municipal_de_saude_mental_de_jundiai-2.png\"><img loading=\"lazy\" decoding=\"async\" width=\"1280\" height=\"274\" src=\"https:\/\/jundiai.sp.gov.br\/saude\/wp-content\/uploads\/sites\/17\/2022\/01\/banner_site_2_conferencia_municipal_de_saude_mental_de_jundiai-2.png\" alt=\"\" class=\"wp-image-4189\" srcset=\"https:\/\/jundiai.sp.gov.br\/saude\/wp-content\/uploads\/sites\/17\/2022\/01\/banner_site_2_conferencia_municipal_de_saude_mental_de_jundiai-2.png 1280w, https:\/\/jundiai.sp.gov.br\/saude\/wp-content\/uploads\/sites\/17\/2022\/01\/banner_site_2_conferencia_municipal_de_saude_mental_de_jundiai-2-300x64.png 300w, https:\/\/jundiai.sp.gov.br\/saude\/wp-content\/uploads\/sites\/17\/2022\/01\/banner_site_2_conferencia_municipal_de_saude_mental_de_jundiai-2-768x164.png 768w\" sizes=\"auto, (max-width: 1280px) 100vw, 1280px\" \/><\/a><\/figure>\n\n\n\n<p>A Unidade de Gest\u00e3o de Promo\u00e7\u00e3o da Sa\u00fade (UGPS), \u00f3rg\u00e3o da Prefeitura de Jundia\u00ed, juntamente com o Conselho Municipal de Sa\u00fade, convida os mun\u00edcipes a participar da 2\u00aa Confer\u00eancia Municipal de Sa\u00fade Mental de Jundia\u00ed, que tem por finalidade debater o tema central da Confer\u00eancia: <em>\u201cA Politica de Sa\u00fade Mental como Direito: Pela defesa do cuidado em liberdade, rumo a avan\u00e7os e garantia dos servi\u00e7os da aten\u00e7\u00e3o psicossocial no SUS\u201d<\/em>, com o objetivo de propor diretrizes para a Politica Estadual e Nacional de Sa\u00fade e eleger os delegados para a etapa macrorregional.<\/p>\n\n\n\n<p>O encontro ser\u00e1 realizado no dia 28 de janeiro de 2022, das 13h \u00e0s 18h, no audit\u00f3rio da Biblioteca P\u00fablica Municipal Professor Nelson Foot&nbsp;\u2013 Complexo Argos.<\/p>\n\n\n\n<p>Ser\u00e3o disponibilizadas 30 vagas para representantes de usu\u00e1rios, 15 para trabalhadores de sa\u00fade, sete para prestadores de servi\u00e7os SUS, oito para representantes da Gest\u00e3o e 10 para ouvintes.<\/p>\n\n\n\n<p>As inscri\u00e7\u00f5es podem ser feitas at\u00e9 o dia 24 de janeiro de 2022, ou at\u00e9 esgotarem as vagas.<\/p>\n\n\n\n<p>Os inscritos ser\u00e3o divididos por salas, para discuss\u00e3o dos eixos tem\u00e1ticos:<\/p>\n\n\n\n<p>I- Cuidado em liberdade como garantia de Direito \u00e0 cidadania.<br>II- Gest\u00e3o, financiamento, forma\u00e7\u00e3o e participa\u00e7\u00e3o social na garantia de servi\u00e7os de sa\u00fade mental<br>III- Pol\u00edtica de sa\u00fade mental e os princ\u00edpios do SUS: Universalidade, Integralidade e Equidade.<br>IV: Impactos na sa\u00fade mental da popula\u00e7\u00e3o e os desafios para o cuidado psicossocial durante e p\u00f3s-pandemia.<\/p>\n\n\n\n<p>Poder\u00e3o participar da Confer\u00eancia com direito a voz e voto:<\/p>\n\n\n\n<p><strong>Usu\u00e1rios do SUS: <\/strong>Aqueles que se utilizam dos servi\u00e7os de Sa\u00fade P\u00fablica com exce\u00e7\u00e3o dos trabalhadores dos servi\u00e7os p\u00fablicos de sa\u00fade, prestadores de servi\u00e7os SUS, gestores municipais e representantes do poder legislativo e do judici\u00e1rio.<\/p>\n\n\n\n<p><strong>Trabalhadores de sa\u00fade:<\/strong> Profissionais de sa\u00fade dos servi\u00e7os p\u00fablicos e dos prestadores de servi\u00e7os SUS contratados\/conveniados com o munic\u00edpio.<\/p>\n\n\n\n<p><strong>Prestadores de servi\u00e7os de sa\u00fade do SUS, conveniados com o munic\u00edpio:<\/strong> Servi\u00e7os de Sa\u00fade que possuem contrato e\/ou conv\u00eanio com a Prefeitura de Jundia\u00ed.<\/p>\n\n\n\n<p><strong>Ouvintes: <\/strong>Poder\u00e3o participar da confer\u00eancia com direito a voz, por\u00e9m sem direito a voto.<\/p>\n\n\n\n<p>Ex: Vereadores, Gestores Municipais, etc;<\/p>\n\n\n\n<p>Observa\u00e7\u00e3o: O evento poder\u00e1 ser suspenso em decorr\u00eancia do cen\u00e1rio epidemiol\u00f3gico do per\u00edodo, em atendimento a decretos municipal, estadual e federal.<\/p>\n\n\n\n<p>Mais informa\u00e7\u00f5es est\u00e3o dispon\u00edveis no <a href=\"https:\/\/imprensaoficial.jundiai.sp.gov.br\/edicao-5031\/\">Regimento Interno da Confer\u00eancia<\/a> <\/p>\n\n\n\n<p><strong>Fa\u00e7a sua inscri\u00e7\u00e3o: <\/strong><\/p>\n\n\n\n<div class=\"wp-block-buttons is-layout-flex wp-block-buttons-is-layout-flex\">\n<div class=\"wp-block-button\"><a class=\"wp-block-button__link\" href=\"https:\/\/forms.gle\/h6wgBqfuARZPuU219 \">USU\u00c1RIOS DO SUS<\/a><\/div>\n<\/div>\n\n\n\n<div class=\"wp-block-buttons is-layout-flex wp-block-buttons-is-layout-flex\">\n<div class=\"wp-block-button\"><a class=\"wp-block-button__link\" href=\"https:\/\/forms.gle\/YugDJbsatVnLAuju7 \">TRABALHADORES DO SUS<\/a><\/div>\n<\/div>\n\n\n\n<div class=\"wp-block-buttons is-layout-flex wp-block-buttons-is-layout-flex\">\n<div class=\"wp-block-button\"><a class=\"wp-block-button__link\" href=\"https:\/\/forms.gle\/W6D4fwXdb8ddeHA17 \">PRESTADORES DE SERVI\u00c7O SUS<\/a><\/div>\n<\/div>\n\n\n\n<div class=\"wp-block-buttons is-layout-flex wp-block-buttons-is-layout-flex\">\n<div class=\"wp-block-button\"><a class=\"wp-block-button__link\" href=\"https:\/\/forms.gle\/19EYJFz57ZiStUdi7\">OUVINTES&nbsp;<\/a><\/div>\n<\/div>\n","protected":false},"excerpt":{"rendered":"<p>A Unidade de Gest\u00e3o de Promo\u00e7\u00e3o da Sa\u00fade (UGPS), \u00f3rg\u00e3o da Prefeitura de Jundia\u00ed, juntamente com o Conselho Municipal de Sa\u00fade, convida os mun\u00edcipes a participar da 2\u00aa Confer\u00eancia Municipal de Sa\u00fade Mental de Jundia\u00ed, que tem por finalidade debater o tema central da Confer\u00eancia: \u201cA Politica de Sa\u00fade Mental como Direito: Pela defesa do [&hellip;]<\/p>\n","protected":false},"author":69,"featured_media":0,"parent":0,"menu_order":0,"comment_status":"closed","ping_status":"closed","template":"","meta":{"footnotes":""},"class_list":["post-4183","page","type-page","status-publish","hentry"],"_links":{"self":[{"href":"https:\/\/jundiai.sp.gov.br\/saude\/wp-json\/wp\/v2\/pages\/4183","targetHints":{"allow":["GET"]}}],"collection":[{"href":"https:\/\/jundiai.sp.gov.br\/saude\/wp-json\/wp\/v2\/pages"}],"about":[{"href":"https:\/\/jundiai.sp.gov.br\/saude\/wp-json\/wp\/v2\/types\/page"}],"author":[{"embeddable":true,"href":"https:\/\/jundiai.sp.gov.br\/saude\/wp-json\/wp\/v2\/users\/69"}],"replies":[{"embeddable":true,"href":"https:\/\/jundiai.sp.gov.br\/saude\/wp-json\/wp\/v2\/comments?post=4183"}],"version-history":[{"count":5,"href":"https:\/\/jundiai.sp.gov.br\/saude\/wp-json\/wp\/v2\/pages\/4183\/revisions"}],"predecessor-version":[{"id":4192,"href":"https:\/\/jundiai.sp.gov.br\/saude\/wp-json\/wp\/v2\/pages\/4183\/revisions\/4192"}],"wp:attachment":[{"href":"https:\/\/jundiai.sp.gov.br\/saude\/wp-json\/wp\/v2\/media?parent=4183"}],"curies":[{"name":"wp","href":"https:\/\/api.w.org\/{rel}","templated":true}]}}