{"id":43,"date":"2014-08-25T14:45:42","date_gmt":"2014-08-25T17:45:42","guid":{"rendered":"https:\/\/jundiai.sp.gov.br\/saude\/?page_id=43"},"modified":"2017-04-04T11:21:41","modified_gmt":"2017-04-04T14:21:41","slug":"legislacao","status":"publish","type":"page","link":"https:\/\/jundiai.sp.gov.br\/saude\/conselho\/legislacao\/","title":{"rendered":"Legisla\u00e7\u00e3o"},"content":{"rendered":"<h2>Legisla\u00e7\u00e3o do Conselho Municipal de Sa\u00fade<\/h2>\n<ul>\n<li><a href=\"https:\/\/jundiai.sp.gov.br\/saude\/wp-content\/uploads\/sites\/17\/2016\/07\/Lei-8395-de-08-de-abril-de-2015.pdf\" target=\"_blank\">Lei n\u00ba 8.395, de 08 de abril de 2015<\/a>;<\/li>\n<li><a href=\"https:\/\/jundiai.sp.gov.br\/saude\/wp-content\/uploads\/sites\/17\/2014\/08\/Lei7785.pdf\">Lei n\u00ba 7.785, de 02 de Dezembro de 2011<\/a>;<\/li>\n<li><a href=\"https:\/\/jundiai.sp.gov.br\/saude\/wp-content\/uploads\/sites\/17\/2014\/08\/Lei5322.pdf\">Lei n\u00ba 5.322, de 11 de Novembro de 1999<\/a>;<\/li>\n<li><a href=\"https:\/\/jundiai.sp.gov.br\/saude\/wp-content\/uploads\/sites\/17\/2014\/08\/Lei6117.pdf\">Lei n\u00ba 6.117, de 12 de Setembro de 2003<\/a>;<\/li>\n<li><a href=\"https:\/\/jundiai.sp.gov.br\/saude\/wp-content\/uploads\/sites\/17\/2014\/08\/Lei8080.pdf\">Lei n\u00ba 8.080, de 19 de Setembro de 1990<\/a>;<\/li>\n<li><a href=\"https:\/\/jundiai.sp.gov.br\/saude\/wp-content\/uploads\/sites\/17\/2014\/08\/Regimento_Interno_COMUS.pdf\">Regimento Interno do Conselho Municipal de Sa\u00fade<\/a>.<\/li>\n<\/ul>\n","protected":false},"excerpt":{"rendered":"<p>Legisla\u00e7\u00e3o do Conselho Municipal de Sa\u00fade Lei n\u00ba 8.395, de 08 de abril de 2015; Lei n\u00ba 7.785, de 02 de Dezembro de 2011; Lei n\u00ba 5.322, de 11 de Novembro de 1999; Lei n\u00ba 6.117, de 12 de Setembro de 2003; Lei n\u00ba 8.080, de 19 de Setembro de 1990; Regimento Interno do Conselho [&hellip;]<\/p>\n","protected":false},"author":14,"featured_media":0,"parent":29,"menu_order":0,"comment_status":"closed","ping_status":"closed","template":"page-subpaginas.php","meta":{"footnotes":""},"class_list":["post-43","page","type-page","status-publish","hentry"],"_links":{"self":[{"href":"https:\/\/jundiai.sp.gov.br\/saude\/wp-json\/wp\/v2\/pages\/43","targetHints":{"allow":["GET"]}}],"collection":[{"href":"https:\/\/jundiai.sp.gov.br\/saude\/wp-json\/wp\/v2\/pages"}],"about":[{"href":"https:\/\/jundiai.sp.gov.br\/saude\/wp-json\/wp\/v2\/types\/page"}],"author":[{"embeddable":true,"href":"https:\/\/jundiai.sp.gov.br\/saude\/wp-json\/wp\/v2\/users\/14"}],"replies":[{"embeddable":true,"href":"https:\/\/jundiai.sp.gov.br\/saude\/wp-json\/wp\/v2\/comments?post=43"}],"version-history":[{"count":6,"href":"https:\/\/jundiai.sp.gov.br\/saude\/wp-json\/wp\/v2\/pages\/43\/revisions"}],"predecessor-version":[{"id":2327,"href":"https:\/\/jundiai.sp.gov.br\/saude\/wp-json\/wp\/v2\/pages\/43\/revisions\/2327"}],"up":[{"embeddable":true,"href":"https:\/\/jundiai.sp.gov.br\/saude\/wp-json\/wp\/v2\/pages\/29"}],"wp:attachment":[{"href":"https:\/\/jundiai.sp.gov.br\/saude\/wp-json\/wp\/v2\/media?parent=43"}],"curies":[{"name":"wp","href":"https:\/\/api.w.org\/{rel}","templated":true}]}}