{"id":4525,"date":"2022-10-13T10:47:48","date_gmt":"2022-10-13T13:47:48","guid":{"rendered":"https:\/\/jundiai.sp.gov.br\/saude\/?page_id=4525"},"modified":"2022-10-13T10:47:48","modified_gmt":"2022-10-13T13:47:48","slug":"alimentacao-saudavel","status":"publish","type":"page","link":"https:\/\/jundiai.sp.gov.br\/saude\/alimentacao-saudavel\/","title":{"rendered":"Alimenta\u00e7\u00e3o Saud\u00e1vel"},"content":{"rendered":"\n<p><a href=\"https:\/\/jundiai.sp.gov.br\/saude\/wp-content\/uploads\/sites\/17\/2022\/10\/fases-de-processamento-dos-alimentos.pdf\">Fases de Processamento dos Alimentos<\/a><\/p>\n\n\n\n<p><a href=\"https:\/\/jundiai.sp.gov.br\/saude\/wp-content\/uploads\/sites\/17\/2022\/10\/guia-alimentar-para-a-populacao-brasileira-2ed-1.pdf\">Guia Alimentar <\/a><\/p>\n\n\n\n<p><a href=\"https:\/\/jundiai.sp.gov.br\/saude\/wp-content\/uploads\/sites\/17\/2022\/10\/hu-_-a-alimentacao-saudavel-como-aliada-na-prevencao-do-cancer-de-mama.pdf\">Orienta\u00e7\u00f5es para uma alimenta\u00e7\u00e3o saud\u00e1vel<\/a> <\/p>\n\n\n\n<p><a href=\"https:\/\/jundiai.sp.gov.br\/saude\/wp-content\/uploads\/sites\/17\/2022\/10\/nova-rotulagem-alimentos.pdf\">Nova rotulagem de alimentos <\/a><\/p>\n\n\n\n<p><\/p>\n","protected":false},"excerpt":{"rendered":"<p>Fases de Processamento dos Alimentos Guia Alimentar Orienta\u00e7\u00f5es para uma alimenta\u00e7\u00e3o saud\u00e1vel Nova rotulagem de alimentos<\/p>\n","protected":false},"author":69,"featured_media":0,"parent":0,"menu_order":0,"comment_status":"closed","ping_status":"closed","template":"","meta":{"footnotes":""},"class_list":["post-4525","page","type-page","status-publish","hentry"],"_links":{"self":[{"href":"https:\/\/jundiai.sp.gov.br\/saude\/wp-json\/wp\/v2\/pages\/4525","targetHints":{"allow":["GET"]}}],"collection":[{"href":"https:\/\/jundiai.sp.gov.br\/saude\/wp-json\/wp\/v2\/pages"}],"about":[{"href":"https:\/\/jundiai.sp.gov.br\/saude\/wp-json\/wp\/v2\/types\/page"}],"author":[{"embeddable":true,"href":"https:\/\/jundiai.sp.gov.br\/saude\/wp-json\/wp\/v2\/users\/69"}],"replies":[{"embeddable":true,"href":"https:\/\/jundiai.sp.gov.br\/saude\/wp-json\/wp\/v2\/comments?post=4525"}],"version-history":[{"count":1,"href":"https:\/\/jundiai.sp.gov.br\/saude\/wp-json\/wp\/v2\/pages\/4525\/revisions"}],"predecessor-version":[{"id":4530,"href":"https:\/\/jundiai.sp.gov.br\/saude\/wp-json\/wp\/v2\/pages\/4525\/revisions\/4530"}],"wp:attachment":[{"href":"https:\/\/jundiai.sp.gov.br\/saude\/wp-json\/wp\/v2\/media?parent=4525"}],"curies":[{"name":"wp","href":"https:\/\/api.w.org\/{rel}","templated":true}]}}