{"id":4536,"date":"2022-10-20T14:04:59","date_gmt":"2022-10-20T17:04:59","guid":{"rendered":"https:\/\/jundiai.sp.gov.br\/saude\/?page_id=4536"},"modified":"2023-11-28T09:33:51","modified_gmt":"2023-11-28T12:33:51","slug":"cerest","status":"publish","type":"page","link":"https:\/\/jundiai.sp.gov.br\/saude\/visat\/cerest\/","title":{"rendered":"CEREST"},"content":{"rendered":"\n<p>O CEREST \u00e9 um servi\u00e7o de refer\u00eancia regional que desenvolve atividades de:<\/p>\n\n\n\n<p><strong>Educa\u00e7\u00e3o em Sa\u00fade do Trabalhador:<\/strong> <\/p>\n\n\n\n<ul class=\"wp-block-list\">\n<li>Matriciamento e estabelecimento de linhas de cuidado e fluxos de atendimento para a rede de sa\u00fade visando \u00e0 aten\u00e7\u00e3o integral \u00e0 sa\u00fade dos trabalhadores.<\/li>\n\n\n\n<li>Apoio t\u00e9cnico regional para os munic\u00edpios de sua \u00e1rea de abrang\u00eancia: Atibaia, Nazar\u00e9 Paulista, Bom Jesus dos Perd\u00f5es, Jarinu, Itatiba, Morungaba, Louveira, Vinhedo, V\u00e1rzea Paulista e Campo Limpo Paulista.<\/li>\n\n\n\n<li>Projetos educativos visando \u00e0 preven\u00e7\u00e3o de doen\u00e7as e acidentes relacionados ao trabalho. <\/li>\n<\/ul>\n\n\n\n<p><b>Vigil\u00e2ncia Epidemiol\u00f3gica em Sa\u00fade do Trabalhador<\/b> <\/p>\n\n\n\n<ul class=\"wp-block-list\">\n<li><span style=\"font-weight: 400;\">Recebimento e an\u00e1lise de todas as fichas de notifica\u00e7\u00e3o de Acidentes e Doen\u00e7as Relacionados ao Trabalho. Inclus\u00e3o dos agravos em Banco de Dados espec\u00edficos para levantamento epidemiol\u00f3gico e embasamento das a\u00e7\u00f5es deste CEREST.<\/span><\/li>\n\n\n\n<li>Investiga\u00e7\u00e3o dos Agravos Relacionados ao Trabalho.<\/li>\n<\/ul>\n\n\n\n<p><strong>Vigil\u00e2ncia Sanit\u00e1ria em Sa\u00fade do Trabalhador<\/strong><\/p>\n\n\n\n<ul class=\"wp-block-list\">\n<li>Vigil\u00e2ncia nos ambientes de trabalho com a\u00e7\u00f5es de vistorias e fiscaliza\u00e7\u00f5es demandadas atrav\u00e9s de notifica\u00e7\u00f5es, estat\u00edsticas epidemiol\u00f3gicas, solicita\u00e7\u00f5es de \u00f3rg\u00e3os relacionados aos trabalhadores (Sindicatos, Minist\u00e9rio P\u00fablico do Trabalho, entre outros) e demandas do canal 156 da Prefeitura do Munic\u00edpio de Jundia\u00ed. <\/li>\n<\/ul>\n\n\n\n<p><strong>Refer\u00eancia T\u00e9cnica Assistencial Especializada<\/strong><\/p>\n\n\n\n<ul class=\"wp-block-list\">\n<li>Refer\u00eancia para a rede de sa\u00fade municipal e assist\u00eancia ao trabalhador no reconhecimento do trabalho como determinante do processo sa\u00fade &#8211; doen\u00e7a. <\/li>\n<\/ul>\n\n\n\n<div style=\"height:50px\" aria-hidden=\"true\" class=\"wp-block-spacer\"><\/div>\n\n\n\n<div class=\"wp-block-buttons is-content-justification-center is-layout-flex wp-container-core-buttons-is-layout-16018d1d wp-block-buttons-is-layout-flex\">\n<div class=\"wp-block-button\"><a class=\"wp-block-button__link has-text-align-center wp-element-button\" href=\"https:\/\/jundiai.sp.gov.br\/saude\/visat\/\">VISAT<\/a><\/div>\n<\/div>\n","protected":false},"excerpt":{"rendered":"<p>O CEREST \u00e9 um servi\u00e7o de refer\u00eancia regional que desenvolve atividades de: Educa\u00e7\u00e3o em Sa\u00fade do Trabalhador: Vigil\u00e2ncia Epidemiol\u00f3gica em Sa\u00fade do Trabalhador Vigil\u00e2ncia Sanit\u00e1ria em Sa\u00fade do Trabalhador Refer\u00eancia T\u00e9cnica Assistencial Especializada<\/p>\n","protected":false},"author":8,"featured_media":0,"parent":2702,"menu_order":0,"comment_status":"closed","ping_status":"closed","template":"","meta":{"footnotes":""},"class_list":["post-4536","page","type-page","status-publish","hentry"],"_links":{"self":[{"href":"https:\/\/jundiai.sp.gov.br\/saude\/wp-json\/wp\/v2\/pages\/4536","targetHints":{"allow":["GET"]}}],"collection":[{"href":"https:\/\/jundiai.sp.gov.br\/saude\/wp-json\/wp\/v2\/pages"}],"about":[{"href":"https:\/\/jundiai.sp.gov.br\/saude\/wp-json\/wp\/v2\/types\/page"}],"author":[{"embeddable":true,"href":"https:\/\/jundiai.sp.gov.br\/saude\/wp-json\/wp\/v2\/users\/8"}],"replies":[{"embeddable":true,"href":"https:\/\/jundiai.sp.gov.br\/saude\/wp-json\/wp\/v2\/comments?post=4536"}],"version-history":[{"count":4,"href":"https:\/\/jundiai.sp.gov.br\/saude\/wp-json\/wp\/v2\/pages\/4536\/revisions"}],"predecessor-version":[{"id":5090,"href":"https:\/\/jundiai.sp.gov.br\/saude\/wp-json\/wp\/v2\/pages\/4536\/revisions\/5090"}],"up":[{"embeddable":true,"href":"https:\/\/jundiai.sp.gov.br\/saude\/wp-json\/wp\/v2\/pages\/2702"}],"wp:attachment":[{"href":"https:\/\/jundiai.sp.gov.br\/saude\/wp-json\/wp\/v2\/media?parent=4536"}],"curies":[{"name":"wp","href":"https:\/\/api.w.org\/{rel}","templated":true}]}}